{"id":170,"date":"2011-05-05T14:00:09","date_gmt":"2011-05-05T14:00:09","guid":{"rendered":"http:\/\/www.netpromotion.org\/?page_id=170"},"modified":"2018-08-09T14:51:10","modified_gmt":"2018-08-09T14:51:10","slug":"sale-10-14-di-botticelli","status":"publish","type":"page","link":"https:\/\/www.visituffizi.org\/it\/sale\/sale-10-14-di-botticelli\/","title":{"rendered":"Sale 10\/14 &#8211; Botticelli"},"content":{"rendered":"ngg_shortcode_0_placeholder\n<h1>Sale 10\/14 &#8211; Botticelli<\/h1>\n<p>Questa grande sala \u00e8 sicuramente tra le pi\u00f9 famose della Galleria degli Uffizi, essendo esposte le opere pi\u00f9 importanti di <strong>Sandro Botticelli<\/strong>.<\/p>\n<p>Tra i capolavori di maggior rilievo ci sono certamente <a title=\"Nascita di Venere di Botticelli\" href=\"https:\/\/www.visituffizi.org\/it\/opere\/nascita-di-venere-di-botticelli\/\"><em>La Nascita di Venere<\/em><\/a> (1484 circa) e <a title=\"Primavera di Botticelli\" href=\"https:\/\/www.visituffizi.org\/it\/opere\/primavera-di-botticelli\/\"><em>La Primavera<\/em><\/a> (1482 circa), tra i dipinti rinascimentali pi\u00f9 amati e conosciuti al mondo. Queste magnifiche opere sono permeate di significati misteriosi non ancora completamente decifrati.<\/p>\n<p>Botticelli era legato all&#8217;Accademia Neoplatonica che gravitava attorno a Lorenzo de&#8217; Medici detto il Magnifico, tra cui spiccavano il filosofo Marsilio Ficino, i letterati Agnolo Poliziano e Pico della Mirandola o il grande artista Leon Battista Alberti. La filosofia di Platone torn\u00f2 in auge nel Rinascimento, grazie agli studi e alle traduzioni di testi greci antichi. Il Neoplatonismo cerc\u00f2 di fondere la filosofia di Platone al Cristianesimo: secondo questa nuova concezione l&#8217;uomo pu\u00f2 scegliere Dio o la materia e l&#8217;elevazione spirituale si basa sul concetto di amore, bellezza ideale e armonia.<\/p>\n<p>Botticelli tradusse quindi in pittura le idee del circolo neoplatonico, arrivando a dei risultati di estrema raffinatezza e sensibilit\u00e0.<\/p>\n<p>Qui sotto potete godere la bellissima ed originale composizione di Thomas Schoenberger (vocali di Marnie Breckenridge) dedicata all&#8217;<em>Annunciazione<\/em> del Botticelli che potrete ammirare in questa grande sala.<\/p>\n<p><iframe loading=\"lazy\" width=\"560\" height=\"315\" src=\"https:\/\/www.youtube.com\/embed\/b0eeidrMxPk?rel=0\" frameborder=\"0\" allow=\"autoplay; encrypted-media\" allowfullscreen><\/iframe><\/p>\n<p>In questa sala, per\u00f2 bisogna soffermarsi almeno su un&#8217; altra opera importantissima: lo splendido <em>Trittico Portinari<\/em> (1477-1478 circa) di <strong>Hugo van der Goes<\/strong>, celebre artista fiammingo.<br \/>\nQuest&#8217;opera arriv\u00f2 a Firenze nel 1483 ed esercit\u00f2 una grande influenza sui pittori fiorentini e sullo stesso Botticelli. I fiamminghi usavano gi\u00e0 da tempo la tecnica ad olio che permetteva una precisione e una morbidezza incredibili, pi\u00f9 difficili da rendere con la tempera.<\/p>\n","protected":false},"excerpt":{"rendered":"<p>Qui sono esposte le celeberrime opere La Nascita di Venere e la Primavera di Botticelli<\/p>\n","protected":false},"author":1,"featured_media":1029,"parent":22,"menu_order":50,"comment_status":"open","ping_status":"open","template":"","meta":{"ngg_post_thumbnail":0,"footnotes":""},"class_list":["post-170","page","type-page","status-publish","has-post-thumbnail","hentry"],"yoast_head":"<!-- This site is optimized with the Yoast SEO plugin v27.4 - https:\/\/yoast.com\/product\/yoast-seo-wordpress\/ -->\n<title>Sale del Botticelli alla Galleria degli Uffizi<\/title>\n<meta name=\"description\" content=\"In queste sale sono esposte le celeberrime opere La Nascita di Venere e la Primavera di Botticelli\" \/>\n<meta name=\"robots\" content=\"index, follow, max-snippet:-1, max-image-preview:large, max-video-preview:-1\" \/>\n<link rel=\"canonical\" href=\"https:\/\/www.visituffizi.org\/it\/sale\/sale-10-14-di-botticelli\/\" \/>\n<meta property=\"og:locale\" content=\"it_IT\" \/>\n<meta property=\"og:type\" content=\"article\" \/>\n<meta property=\"og:title\" content=\"Sale del Botticelli alla Galleria degli Uffizi\" \/>\n<meta property=\"og:description\" content=\"In queste sale sono esposte le celeberrime opere La Nascita di Venere e la Primavera di Botticelli\" \/>\n<meta property=\"og:url\" content=\"https:\/\/www.visituffizi.org\/it\/sale\/sale-10-14-di-botticelli\/\" \/>\n<meta property=\"og:site_name\" content=\"Visit Uffizi\" \/>\n<meta property=\"article:modified_time\" content=\"2018-08-09T14:51:10+00:00\" \/>\n<meta property=\"og:image\" content=\"https:\/\/www.visituffizi.org\/wp-content\/uploads\/2013\/03\/halls10-14.jpg\" \/>\n\t<meta property=\"og:image:width\" content=\"1556\" \/>\n\t<meta property=\"og:image:height\" content=\"1026\" \/>\n\t<meta property=\"og:image:type\" content=\"image\/jpeg\" \/>\n<meta name=\"twitter:label1\" content=\"Tempo di lettura stimato\" \/>\n\t<meta name=\"twitter:data1\" content=\"1 minuto\" \/>\n<script type=\"application\/ld+json\" class=\"yoast-schema-graph\">{\"@context\":\"https:\\\/\\\/schema.org\",\"@graph\":[{\"@type\":\"WebPage\",\"@id\":\"https:\\\/\\\/www.visituffizi.org\\\/it\\\/sale\\\/sale-10-14-di-botticelli\\\/\",\"url\":\"https:\\\/\\\/www.visituffizi.org\\\/it\\\/sale\\\/sale-10-14-di-botticelli\\\/\",\"name\":\"Sale del Botticelli alla Galleria degli Uffizi\",\"isPartOf\":{\"@id\":\"https:\\\/\\\/www.visituffizi.org\\\/it\\\/#website\"},\"primaryImageOfPage\":{\"@id\":\"https:\\\/\\\/www.visituffizi.org\\\/it\\\/sale\\\/sale-10-14-di-botticelli\\\/#primaryimage\"},\"image\":{\"@id\":\"https:\\\/\\\/www.visituffizi.org\\\/it\\\/sale\\\/sale-10-14-di-botticelli\\\/#primaryimage\"},\"thumbnailUrl\":\"https:\\\/\\\/www.visituffizi.org\\\/wp-content\\\/uploads\\\/2013\\\/03\\\/halls10-14.jpg\",\"datePublished\":\"2011-05-05T14:00:09+00:00\",\"dateModified\":\"2018-08-09T14:51:10+00:00\",\"description\":\"In queste sale sono esposte le celeberrime opere La Nascita di Venere e la Primavera di Botticelli\",\"breadcrumb\":{\"@id\":\"https:\\\/\\\/www.visituffizi.org\\\/it\\\/sale\\\/sale-10-14-di-botticelli\\\/#breadcrumb\"},\"inLanguage\":\"it-IT\",\"potentialAction\":[{\"@type\":\"ReadAction\",\"target\":[\"https:\\\/\\\/www.visituffizi.org\\\/it\\\/sale\\\/sale-10-14-di-botticelli\\\/\"]}]},{\"@type\":\"ImageObject\",\"inLanguage\":\"it-IT\",\"@id\":\"https:\\\/\\\/www.visituffizi.org\\\/it\\\/sale\\\/sale-10-14-di-botticelli\\\/#primaryimage\",\"url\":\"https:\\\/\\\/www.visituffizi.org\\\/wp-content\\\/uploads\\\/2013\\\/03\\\/halls10-14.jpg\",\"contentUrl\":\"https:\\\/\\\/www.visituffizi.org\\\/wp-content\\\/uploads\\\/2013\\\/03\\\/halls10-14.jpg\",\"width\":1556,\"height\":1026},{\"@type\":\"BreadcrumbList\",\"@id\":\"https:\\\/\\\/www.visituffizi.org\\\/it\\\/sale\\\/sale-10-14-di-botticelli\\\/#breadcrumb\",\"itemListElement\":[{\"@type\":\"ListItem\",\"position\":1,\"name\":\"Home\",\"item\":\"https:\\\/\\\/www.visituffizi.org\\\/it\\\/\"},{\"@type\":\"ListItem\",\"position\":2,\"name\":\"Le sale\",\"item\":\"https:\\\/\\\/www.visituffizi.org\\\/it\\\/sale\\\/\"},{\"@type\":\"ListItem\",\"position\":3,\"name\":\"Sale 10\\\/14 &#8211; Botticelli\"}]},{\"@type\":\"WebSite\",\"@id\":\"https:\\\/\\\/www.visituffizi.org\\\/it\\\/#website\",\"url\":\"https:\\\/\\\/www.visituffizi.org\\\/it\\\/\",\"name\":\"Visit Uffizi\",\"description\":\"Guide to Uffizi Museum in Florence\",\"potentialAction\":[{\"@type\":\"SearchAction\",\"target\":{\"@type\":\"EntryPoint\",\"urlTemplate\":\"https:\\\/\\\/www.visituffizi.org\\\/it\\\/?s={search_term_string}\"},\"query-input\":{\"@type\":\"PropertyValueSpecification\",\"valueRequired\":true,\"valueName\":\"search_term_string\"}}],\"inLanguage\":\"it-IT\"}]}<\/script>\n<!-- \/ Yoast SEO plugin. -->","yoast_head_json":{"title":"Sale del Botticelli alla Galleria degli Uffizi","description":"In queste sale sono esposte le celeberrime opere La Nascita di Venere e la Primavera di Botticelli","robots":{"index":"index","follow":"follow","max-snippet":"max-snippet:-1","max-image-preview":"max-image-preview:large","max-video-preview":"max-video-preview:-1"},"canonical":"https:\/\/www.visituffizi.org\/it\/sale\/sale-10-14-di-botticelli\/","og_locale":"it_IT","og_type":"article","og_title":"Sale del Botticelli alla Galleria degli Uffizi","og_description":"In queste sale sono esposte le celeberrime opere La Nascita di Venere e la Primavera di Botticelli","og_url":"https:\/\/www.visituffizi.org\/it\/sale\/sale-10-14-di-botticelli\/","og_site_name":"Visit Uffizi","article_modified_time":"2018-08-09T14:51:10+00:00","og_image":[{"width":1556,"height":1026,"url":"https:\/\/www.visituffizi.org\/wp-content\/uploads\/2013\/03\/halls10-14.jpg","type":"image\/jpeg"}],"twitter_misc":{"Tempo di lettura stimato":"1 minuto"},"schema":{"@context":"https:\/\/schema.org","@graph":[{"@type":"WebPage","@id":"https:\/\/www.visituffizi.org\/it\/sale\/sale-10-14-di-botticelli\/","url":"https:\/\/www.visituffizi.org\/it\/sale\/sale-10-14-di-botticelli\/","name":"Sale del Botticelli alla Galleria degli Uffizi","isPartOf":{"@id":"https:\/\/www.visituffizi.org\/it\/#website"},"primaryImageOfPage":{"@id":"https:\/\/www.visituffizi.org\/it\/sale\/sale-10-14-di-botticelli\/#primaryimage"},"image":{"@id":"https:\/\/www.visituffizi.org\/it\/sale\/sale-10-14-di-botticelli\/#primaryimage"},"thumbnailUrl":"https:\/\/www.visituffizi.org\/wp-content\/uploads\/2013\/03\/halls10-14.jpg","datePublished":"2011-05-05T14:00:09+00:00","dateModified":"2018-08-09T14:51:10+00:00","description":"In queste sale sono esposte le celeberrime opere La Nascita di Venere e la Primavera di Botticelli","breadcrumb":{"@id":"https:\/\/www.visituffizi.org\/it\/sale\/sale-10-14-di-botticelli\/#breadcrumb"},"inLanguage":"it-IT","potentialAction":[{"@type":"ReadAction","target":["https:\/\/www.visituffizi.org\/it\/sale\/sale-10-14-di-botticelli\/"]}]},{"@type":"ImageObject","inLanguage":"it-IT","@id":"https:\/\/www.visituffizi.org\/it\/sale\/sale-10-14-di-botticelli\/#primaryimage","url":"https:\/\/www.visituffizi.org\/wp-content\/uploads\/2013\/03\/halls10-14.jpg","contentUrl":"https:\/\/www.visituffizi.org\/wp-content\/uploads\/2013\/03\/halls10-14.jpg","width":1556,"height":1026},{"@type":"BreadcrumbList","@id":"https:\/\/www.visituffizi.org\/it\/sale\/sale-10-14-di-botticelli\/#breadcrumb","itemListElement":[{"@type":"ListItem","position":1,"name":"Home","item":"https:\/\/www.visituffizi.org\/it\/"},{"@type":"ListItem","position":2,"name":"Le sale","item":"https:\/\/www.visituffizi.org\/it\/sale\/"},{"@type":"ListItem","position":3,"name":"Sale 10\/14 &#8211; Botticelli"}]},{"@type":"WebSite","@id":"https:\/\/www.visituffizi.org\/it\/#website","url":"https:\/\/www.visituffizi.org\/it\/","name":"Visit Uffizi","description":"Guide to Uffizi Museum in Florence","potentialAction":[{"@type":"SearchAction","target":{"@type":"EntryPoint","urlTemplate":"https:\/\/www.visituffizi.org\/it\/?s={search_term_string}"},"query-input":{"@type":"PropertyValueSpecification","valueRequired":true,"valueName":"search_term_string"}}],"inLanguage":"it-IT"}]}},"_links":{"self":[{"href":"https:\/\/www.visituffizi.org\/it\/wp-json\/wp\/v2\/pages\/170","targetHints":{"allow":["GET"]}}],"collection":[{"href":"https:\/\/www.visituffizi.org\/it\/wp-json\/wp\/v2\/pages"}],"about":[{"href":"https:\/\/www.visituffizi.org\/it\/wp-json\/wp\/v2\/types\/page"}],"author":[{"embeddable":true,"href":"https:\/\/www.visituffizi.org\/it\/wp-json\/wp\/v2\/users\/1"}],"replies":[{"embeddable":true,"href":"https:\/\/www.visituffizi.org\/it\/wp-json\/wp\/v2\/comments?post=170"}],"version-history":[{"count":0,"href":"https:\/\/www.visituffizi.org\/it\/wp-json\/wp\/v2\/pages\/170\/revisions"}],"up":[{"embeddable":true,"href":"https:\/\/www.visituffizi.org\/it\/wp-json\/wp\/v2\/pages\/22"}],"wp:featuredmedia":[{"embeddable":true,"href":"https:\/\/www.visituffizi.org\/it\/wp-json\/wp\/v2\/media\/1029"}],"wp:attachment":[{"href":"https:\/\/www.visituffizi.org\/it\/wp-json\/wp\/v2\/media?parent=170"}],"curies":[{"name":"wp","href":"https:\/\/api.w.org\/{rel}","templated":true}]}}