{"id":191,"date":"2011-05-05T15:50:41","date_gmt":"2011-05-05T15:50:41","guid":{"rendered":"http:\/\/www.netpromotion.org\/?page_id=191"},"modified":"2015-02-12T14:03:04","modified_gmt":"2015-02-12T14:03:04","slug":"sala-83","status":"publish","type":"page","link":"https:\/\/www.visituffizi.org\/it\/sale\/sala-83\/","title":{"rendered":"Sala 83 &#8211; Tiziano"},"content":{"rendered":"ngg_shortcode_0_placeholder\n<h1>Sala 83 &#8211; Tiziano<\/h1>\n<p><img decoding=\"async\" class=\"aligncenter size-large wp-image-1666\" src=\"https:\/\/www.visituffizi.org\/wp-content\/uploads\/2011\/05\/hall83-tiziano-600x400.jpg\" alt=\"hall83-tiziano\" width=\"558\" height=\"372\" srcset=\"https:\/\/www.visituffizi.org\/wp-content\/uploads\/2011\/05\/hall83-tiziano-600x400.jpg 600w, https:\/\/www.visituffizi.org\/wp-content\/uploads\/2011\/05\/hall83-tiziano-180x120.jpg 180w, https:\/\/www.visituffizi.org\/wp-content\/uploads\/2011\/05\/hall83-tiziano-300x200.jpg 300w, https:\/\/www.visituffizi.org\/wp-content\/uploads\/2011\/05\/hall83-tiziano-100x67.jpg 100w, https:\/\/www.visituffizi.org\/wp-content\/uploads\/2011\/05\/hall83-tiziano-224x149.jpg 224w\" sizes=\"(max-width: 558px) 100vw, 558px\" \/><\/p>\n<p>Quest&#8217;interessantissima sala \u00e8 dedicata alla pittura veneta e soprattutto al celebre <strong>Tiziano<\/strong>, suo massimo esponente.<\/p>\n<p>Grandissimo ritrattista, ricercato da tutte le corti europee, ricchissimo e famosissimo, Tiziano \u00e8 forse il rappresentante supremo della pittura veneta insieme ai suoi maestri, i fratelli Gentile e Giovanni Bellini e al suo celebre collega, l&#8217;enigmatico Giorgione.<\/p>\n<p>A Venezia si era andata delineando una tendenza della maniera di dipingere che privilegiava il colore sul disegno, l&#8217;esatto contrario di quello che avveniva a Firenze, dove la tradizione per il disegno era pi\u00f9 forte. Inoltre, il clima umido della laguna veneta non permetteva la tecnica ad affresco o l&#8217;uso di pale o tavole di legno, pi\u00f9 vulnerabili all&#8217;umidit\u00e0. Per questo motivo si diffuse sempre pi\u00f9 la tecnica dell&#8217;olio e l&#8217;uso della tela.<br \/>\nA livello stilistico la pittura veneta pone l&#8217;accento sul colore e le sue tonalit\u00e0, come anche sul paesaggio, sulla luce e sul rapporto tra uomo e natura.<\/p>\n<p>In questa sala troviamo alcune opere importanti di Tiziano come la celeberrima <a title=\"Venere di Urbino di Tiziano\" href=\"https:\/\/www.visituffizi.org\/it\/opere\/venere-di-urbino-di-tiziano\/\"><em>Venere di Urbino<\/em><\/a> (1538), capolavoro di raffinatezza e sensualit\u00e0 oppure la <em>Flora<\/em> (1515-1517 circa).<\/p>\n<div id=\"attachment_1667\" style=\"width: 356px\" class=\"wp-caption aligncenter\"><img decoding=\"async\" aria-describedby=\"caption-attachment-1667\" class=\"size-large wp-image-1667\" src=\"https:\/\/www.visituffizi.org\/wp-content\/uploads\/2011\/05\/flora-titian-346x400.jpg\" alt=\"Flora, by Titian\" width=\"346\" height=\"400\" srcset=\"https:\/\/www.visituffizi.org\/wp-content\/uploads\/2011\/05\/flora-titian-346x400.jpg 346w, https:\/\/www.visituffizi.org\/wp-content\/uploads\/2011\/05\/flora-titian-259x300.jpg 259w, https:\/\/www.visituffizi.org\/wp-content\/uploads\/2011\/05\/flora-titian-86x100.jpg 86w, https:\/\/www.visituffizi.org\/wp-content\/uploads\/2011\/05\/flora-titian-129x149.jpg 129w, https:\/\/www.visituffizi.org\/wp-content\/uploads\/2011\/05\/flora-titian.jpg 1200w\" sizes=\"(max-width: 346px) 100vw, 346px\" \/><p id=\"caption-attachment-1667\" class=\"wp-caption-text\">Flora, by Titian<\/p><\/div>\n<p>Situata sulla destra appena si entra nella sala, la <em>Flora<\/em> \u00e8 un altro di quei capolavori di Tiziano che merita fermarsi ad ammirare: un dipinto dalla forte carica sensuale, gi\u00e0 ampiamente apprezzato anche prima che approdasse alla collezione del museo degli Uffizi nel 1793, grazie ad uno scambio con la Galleria Imperiale di Vienna. La bellissima donna ritratta rappresenta la Dea della Fertilit\u00e0 e, al tempo stesso, l\u2019immagine di una futura moglie: possiamo, infatti, riconoscervi una simbologia simile a quella che Tiziano ha utilizzato per la pi\u00f9 celebre Venere di Urbino.<\/p>\n<p>In totale, la sala ospita ben 10 opere del grande maestro veneziano, dai ritratti del Duca e della Duchessa di Urbino, di Francesco Maria della Rovere e sua moglie Eleonora Gonzaga, a quelli di un vescovo ed un papa.<\/p>\n","protected":false},"excerpt":{"rendered":"<p>La sala raccoglie alcune celebri opere di Tiziano, Sebastiano del Piombo ed altri celebri pittori veneziani<\/p>\n","protected":false},"author":1,"featured_media":1666,"parent":22,"menu_order":100,"comment_status":"closed","ping_status":"closed","template":"","meta":{"ngg_post_thumbnail":0,"footnotes":""},"class_list":["post-191","page","type-page","status-publish","has-post-thumbnail","hentry"],"yoast_head":"<!-- This site is optimized with the Yoast SEO plugin v27.4 - https:\/\/yoast.com\/product\/yoast-seo-wordpress\/ -->\n<title>Tiziano ed i Pittori Veneziani alla Galleria degli Uffizi<\/title>\n<meta name=\"description\" content=\"La sala 43 della Galleria degli Uffizi \u00e8 dedicata a Tiziano, Sebastiano del Piombo ed i pittori veneziani.\" \/>\n<meta name=\"robots\" content=\"index, follow, max-snippet:-1, max-image-preview:large, max-video-preview:-1\" \/>\n<link rel=\"canonical\" href=\"https:\/\/www.visituffizi.org\/it\/sale\/sala-83\/\" \/>\n<meta property=\"og:locale\" content=\"it_IT\" \/>\n<meta property=\"og:type\" content=\"article\" \/>\n<meta property=\"og:title\" content=\"Tiziano ed i Pittori Veneziani alla Galleria degli Uffizi\" \/>\n<meta property=\"og:description\" content=\"La sala 43 della Galleria degli Uffizi \u00e8 dedicata a Tiziano, Sebastiano del Piombo ed i pittori veneziani.\" \/>\n<meta property=\"og:url\" content=\"https:\/\/www.visituffizi.org\/it\/sale\/sala-83\/\" \/>\n<meta property=\"og:site_name\" content=\"Visit Uffizi\" \/>\n<meta property=\"article:modified_time\" content=\"2015-02-12T14:03:04+00:00\" \/>\n<meta property=\"og:image\" content=\"https:\/\/www.visituffizi.org\/wp-content\/uploads\/2011\/05\/hall83-tiziano-600x400.jpg\" \/>\n\t<meta property=\"og:image:width\" content=\"600\" \/>\n\t<meta property=\"og:image:height\" content=\"400\" \/>\n\t<meta property=\"og:image:type\" content=\"image\/jpeg\" \/>\n<meta name=\"twitter:label1\" content=\"Tempo di lettura stimato\" \/>\n\t<meta name=\"twitter:data1\" content=\"2 minuti\" \/>\n<script type=\"application\/ld+json\" class=\"yoast-schema-graph\">{\"@context\":\"https:\\\/\\\/schema.org\",\"@graph\":[{\"@type\":\"WebPage\",\"@id\":\"https:\\\/\\\/www.visituffizi.org\\\/it\\\/sale\\\/sala-83\\\/\",\"url\":\"https:\\\/\\\/www.visituffizi.org\\\/it\\\/sale\\\/sala-83\\\/\",\"name\":\"Tiziano ed i Pittori Veneziani alla Galleria degli Uffizi\",\"isPartOf\":{\"@id\":\"https:\\\/\\\/www.visituffizi.org\\\/it\\\/#website\"},\"primaryImageOfPage\":{\"@id\":\"https:\\\/\\\/www.visituffizi.org\\\/it\\\/sale\\\/sala-83\\\/#primaryimage\"},\"image\":{\"@id\":\"https:\\\/\\\/www.visituffizi.org\\\/it\\\/sale\\\/sala-83\\\/#primaryimage\"},\"thumbnailUrl\":\"https:\\\/\\\/www.visituffizi.org\\\/wp-content\\\/uploads\\\/2011\\\/05\\\/hall83-tiziano.jpg\",\"datePublished\":\"2011-05-05T15:50:41+00:00\",\"dateModified\":\"2015-02-12T14:03:04+00:00\",\"description\":\"La sala 43 della Galleria degli Uffizi \u00e8 dedicata a Tiziano, Sebastiano del Piombo ed i pittori veneziani.\",\"breadcrumb\":{\"@id\":\"https:\\\/\\\/www.visituffizi.org\\\/it\\\/sale\\\/sala-83\\\/#breadcrumb\"},\"inLanguage\":\"it-IT\",\"potentialAction\":[{\"@type\":\"ReadAction\",\"target\":[\"https:\\\/\\\/www.visituffizi.org\\\/it\\\/sale\\\/sala-83\\\/\"]}]},{\"@type\":\"ImageObject\",\"inLanguage\":\"it-IT\",\"@id\":\"https:\\\/\\\/www.visituffizi.org\\\/it\\\/sale\\\/sala-83\\\/#primaryimage\",\"url\":\"https:\\\/\\\/www.visituffizi.org\\\/wp-content\\\/uploads\\\/2011\\\/05\\\/hall83-tiziano.jpg\",\"contentUrl\":\"https:\\\/\\\/www.visituffizi.org\\\/wp-content\\\/uploads\\\/2011\\\/05\\\/hall83-tiziano.jpg\",\"width\":3648,\"height\":2432},{\"@type\":\"BreadcrumbList\",\"@id\":\"https:\\\/\\\/www.visituffizi.org\\\/it\\\/sale\\\/sala-83\\\/#breadcrumb\",\"itemListElement\":[{\"@type\":\"ListItem\",\"position\":1,\"name\":\"Home\",\"item\":\"https:\\\/\\\/www.visituffizi.org\\\/it\\\/\"},{\"@type\":\"ListItem\",\"position\":2,\"name\":\"Le sale\",\"item\":\"https:\\\/\\\/www.visituffizi.org\\\/it\\\/sale\\\/\"},{\"@type\":\"ListItem\",\"position\":3,\"name\":\"Sala 83 &#8211; Tiziano\"}]},{\"@type\":\"WebSite\",\"@id\":\"https:\\\/\\\/www.visituffizi.org\\\/it\\\/#website\",\"url\":\"https:\\\/\\\/www.visituffizi.org\\\/it\\\/\",\"name\":\"Visit Uffizi\",\"description\":\"Guide to Uffizi Museum in Florence\",\"potentialAction\":[{\"@type\":\"SearchAction\",\"target\":{\"@type\":\"EntryPoint\",\"urlTemplate\":\"https:\\\/\\\/www.visituffizi.org\\\/it\\\/?s={search_term_string}\"},\"query-input\":{\"@type\":\"PropertyValueSpecification\",\"valueRequired\":true,\"valueName\":\"search_term_string\"}}],\"inLanguage\":\"it-IT\"}]}<\/script>\n<!-- \/ Yoast SEO plugin. -->","yoast_head_json":{"title":"Tiziano ed i Pittori Veneziani alla Galleria degli Uffizi","description":"La sala 43 della Galleria degli Uffizi \u00e8 dedicata a Tiziano, Sebastiano del Piombo ed i pittori veneziani.","robots":{"index":"index","follow":"follow","max-snippet":"max-snippet:-1","max-image-preview":"max-image-preview:large","max-video-preview":"max-video-preview:-1"},"canonical":"https:\/\/www.visituffizi.org\/it\/sale\/sala-83\/","og_locale":"it_IT","og_type":"article","og_title":"Tiziano ed i Pittori Veneziani alla Galleria degli Uffizi","og_description":"La sala 43 della Galleria degli Uffizi \u00e8 dedicata a Tiziano, Sebastiano del Piombo ed i pittori veneziani.","og_url":"https:\/\/www.visituffizi.org\/it\/sale\/sala-83\/","og_site_name":"Visit Uffizi","article_modified_time":"2015-02-12T14:03:04+00:00","og_image":[{"width":600,"height":400,"url":"https:\/\/www.visituffizi.org\/wp-content\/uploads\/2011\/05\/hall83-tiziano-600x400.jpg","type":"image\/jpeg"}],"twitter_misc":{"Tempo di lettura stimato":"2 minuti"},"schema":{"@context":"https:\/\/schema.org","@graph":[{"@type":"WebPage","@id":"https:\/\/www.visituffizi.org\/it\/sale\/sala-83\/","url":"https:\/\/www.visituffizi.org\/it\/sale\/sala-83\/","name":"Tiziano ed i Pittori Veneziani alla Galleria degli Uffizi","isPartOf":{"@id":"https:\/\/www.visituffizi.org\/it\/#website"},"primaryImageOfPage":{"@id":"https:\/\/www.visituffizi.org\/it\/sale\/sala-83\/#primaryimage"},"image":{"@id":"https:\/\/www.visituffizi.org\/it\/sale\/sala-83\/#primaryimage"},"thumbnailUrl":"https:\/\/www.visituffizi.org\/wp-content\/uploads\/2011\/05\/hall83-tiziano.jpg","datePublished":"2011-05-05T15:50:41+00:00","dateModified":"2015-02-12T14:03:04+00:00","description":"La sala 43 della Galleria degli Uffizi \u00e8 dedicata a Tiziano, Sebastiano del Piombo ed i pittori veneziani.","breadcrumb":{"@id":"https:\/\/www.visituffizi.org\/it\/sale\/sala-83\/#breadcrumb"},"inLanguage":"it-IT","potentialAction":[{"@type":"ReadAction","target":["https:\/\/www.visituffizi.org\/it\/sale\/sala-83\/"]}]},{"@type":"ImageObject","inLanguage":"it-IT","@id":"https:\/\/www.visituffizi.org\/it\/sale\/sala-83\/#primaryimage","url":"https:\/\/www.visituffizi.org\/wp-content\/uploads\/2011\/05\/hall83-tiziano.jpg","contentUrl":"https:\/\/www.visituffizi.org\/wp-content\/uploads\/2011\/05\/hall83-tiziano.jpg","width":3648,"height":2432},{"@type":"BreadcrumbList","@id":"https:\/\/www.visituffizi.org\/it\/sale\/sala-83\/#breadcrumb","itemListElement":[{"@type":"ListItem","position":1,"name":"Home","item":"https:\/\/www.visituffizi.org\/it\/"},{"@type":"ListItem","position":2,"name":"Le sale","item":"https:\/\/www.visituffizi.org\/it\/sale\/"},{"@type":"ListItem","position":3,"name":"Sala 83 &#8211; Tiziano"}]},{"@type":"WebSite","@id":"https:\/\/www.visituffizi.org\/it\/#website","url":"https:\/\/www.visituffizi.org\/it\/","name":"Visit Uffizi","description":"Guide to Uffizi Museum in Florence","potentialAction":[{"@type":"SearchAction","target":{"@type":"EntryPoint","urlTemplate":"https:\/\/www.visituffizi.org\/it\/?s={search_term_string}"},"query-input":{"@type":"PropertyValueSpecification","valueRequired":true,"valueName":"search_term_string"}}],"inLanguage":"it-IT"}]}},"_links":{"self":[{"href":"https:\/\/www.visituffizi.org\/it\/wp-json\/wp\/v2\/pages\/191","targetHints":{"allow":["GET"]}}],"collection":[{"href":"https:\/\/www.visituffizi.org\/it\/wp-json\/wp\/v2\/pages"}],"about":[{"href":"https:\/\/www.visituffizi.org\/it\/wp-json\/wp\/v2\/types\/page"}],"author":[{"embeddable":true,"href":"https:\/\/www.visituffizi.org\/it\/wp-json\/wp\/v2\/users\/1"}],"replies":[{"embeddable":true,"href":"https:\/\/www.visituffizi.org\/it\/wp-json\/wp\/v2\/comments?post=191"}],"version-history":[{"count":0,"href":"https:\/\/www.visituffizi.org\/it\/wp-json\/wp\/v2\/pages\/191\/revisions"}],"up":[{"embeddable":true,"href":"https:\/\/www.visituffizi.org\/it\/wp-json\/wp\/v2\/pages\/22"}],"wp:featuredmedia":[{"embeddable":true,"href":"https:\/\/www.visituffizi.org\/it\/wp-json\/wp\/v2\/media\/1666"}],"wp:attachment":[{"href":"https:\/\/www.visituffizi.org\/it\/wp-json\/wp\/v2\/media?parent=191"}],"curies":[{"name":"wp","href":"https:\/\/api.w.org\/{rel}","templated":true}]}}