{"id":196,"date":"2011-05-05T16:05:25","date_gmt":"2011-05-05T16:05:25","guid":{"rendered":"http:\/\/www.netpromotion.org\/?page_id=196"},"modified":"2013-11-12T17:28:19","modified_gmt":"2013-11-12T17:28:19","slug":"corridoio-e-statue","status":"publish","type":"page","link":"https:\/\/www.visituffizi.org\/it\/sale\/corridoio-e-statue\/","title":{"rendered":"Corridoio e Statue"},"content":{"rendered":"ngg_shortcode_0_placeholder\n<h1>Corridoio e Statue<\/h1>\n<p><iframe loading=\"lazy\" width=\"610\" height=\"400\" frameborder=\"0\" scrolling=\"no\" marginheight=\"0\" marginwidth=\"0\" src=\"https:\/\/maps.google.it\/maps?q=uffizi+gallery&amp;layer=c&amp;sll=43.767786,11.255311&amp;cid=14834496294842582221&amp;panoid=Y60wDw0pBcZxnsHBpcX3uQ&amp;cbp=13,283.36,,0,7.37&amp;hl=en&amp;ie=UTF8&amp;hq=uffizi+gallery&amp;hnear=&amp;ll=43.768065,11.254785&amp;spn=0.006295,0.006295&amp;t=m&amp;cbll=43.767762,11.255472&amp;source=embed&amp;output=svembed\"><\/iframe><\/p>\n<p>La Galleria degli Uffizi, famosa in tutto il mondo per i suoi magnifici dipinti, veniva chiamata in passato la &#8220;<strong>Galleria delle statue<\/strong>&#8220;, dato che la prima collezione comprendeva quasi esclusivamente statue antiche romane e greche.<\/p>\n<p>L&#8217;interesse dei Medici per le antichit\u00e0 inizi\u00f2 con il fondatore della famiglia Cosimo il Vecchio e divenne sempre pi\u00f9 forte fino ad arrivare a suo nipote Lorenzo il Magnifico, che arricch\u00ec la collezione di famiglia con nuove statue e promosse lo studio di tali opere nel suo &#8220;Giardino di San Marco&#8221;, una sorta di accademia dove molti scultori tra cui il giovane Michelangelo si sarebbero avvicinati alla scultura.<br \/>\nPurtroppo per\u00f2, Lorenzo fu l&#8217;ultimo signore di Firenze a vedere una certa stabilit\u00e0 politica e, quando suo figlio Piero a causa della sua condotta servile nei confronti di Carlo VIII di Francia fu cacciato dalla citt\u00e0, molte preziose opere furono trafugate e disperse.<\/p>\n<p>Fu con Cosimo I, primo Granduca di Toscana, e i suoi figli Francesco e Ferdinando, che il vecchio interesse al collezionismo riemerse con nuove importanti acquisizioni.<\/p>\n<p>Alcune delle famose statue delle collezioni medicee che possiamo ammirare oggigiorno sono la splendida <em>Venere<\/em>, nella Tribuna, o il cosiddeto <em>gruppo della Niobe<\/em> (per cui fu costruita una sala apposita).<\/p>\n<p>Moltissime sono inoltre le statue e i busti antichi lungo i corridoi dell&#8217;ultimo piano.<\/p>\n","protected":false},"excerpt":{"rendered":"<p>Un&#8217;introduzione ai corridoi ed alle statue pi\u00f9 famose del Museo<\/p>\n","protected":false},"author":1,"featured_media":1030,"parent":22,"menu_order":120,"comment_status":"open","ping_status":"closed","template":"","meta":{"ngg_post_thumbnail":0,"footnotes":""},"class_list":["post-196","page","type-page","status-publish","has-post-thumbnail","hentry"],"yoast_head":"<!-- This site is optimized with the Yoast SEO plugin v27.4 - https:\/\/yoast.com\/product\/yoast-seo-wordpress\/ -->\n<title>Galleria degli Uffizi:Corridoio e Statue in Mostra<\/title>\n<meta name=\"description\" content=\"Un&#039;introduzione ai corridoi ed alle statue pi\u00f9 famose del Museo, molte provenienti dalle collezioni medicee\" \/>\n<meta name=\"robots\" content=\"index, follow, max-snippet:-1, max-image-preview:large, max-video-preview:-1\" \/>\n<link rel=\"canonical\" href=\"https:\/\/www.visituffizi.org\/it\/sale\/corridoio-e-statue\/\" \/>\n<meta property=\"og:locale\" content=\"it_IT\" \/>\n<meta property=\"og:type\" content=\"article\" \/>\n<meta property=\"og:title\" content=\"Galleria degli Uffizi:Corridoio e Statue in Mostra\" \/>\n<meta property=\"og:description\" content=\"Un&#039;introduzione ai corridoi ed alle statue pi\u00f9 famose del Museo, molte provenienti dalle collezioni medicee\" \/>\n<meta property=\"og:url\" content=\"https:\/\/www.visituffizi.org\/it\/sale\/corridoio-e-statue\/\" \/>\n<meta property=\"og:site_name\" content=\"Visit Uffizi\" \/>\n<meta property=\"article:modified_time\" content=\"2013-11-12T17:28:19+00:00\" \/>\n<meta property=\"og:image\" content=\"https:\/\/www.visituffizi.org\/wp-content\/uploads\/2013\/03\/second-corridor.jpg\" \/>\n\t<meta property=\"og:image:width\" content=\"1538\" \/>\n\t<meta property=\"og:image:height\" content=\"1028\" \/>\n\t<meta property=\"og:image:type\" content=\"image\/jpeg\" \/>\n<meta name=\"twitter:label1\" content=\"Tempo di lettura stimato\" \/>\n\t<meta name=\"twitter:data1\" content=\"1 minuto\" \/>\n<script type=\"application\/ld+json\" class=\"yoast-schema-graph\">{\"@context\":\"https:\\\/\\\/schema.org\",\"@graph\":[{\"@type\":\"WebPage\",\"@id\":\"https:\\\/\\\/www.visituffizi.org\\\/it\\\/sale\\\/corridoio-e-statue\\\/\",\"url\":\"https:\\\/\\\/www.visituffizi.org\\\/it\\\/sale\\\/corridoio-e-statue\\\/\",\"name\":\"Galleria degli Uffizi:Corridoio e Statue in Mostra\",\"isPartOf\":{\"@id\":\"https:\\\/\\\/www.visituffizi.org\\\/it\\\/#website\"},\"primaryImageOfPage\":{\"@id\":\"https:\\\/\\\/www.visituffizi.org\\\/it\\\/sale\\\/corridoio-e-statue\\\/#primaryimage\"},\"image\":{\"@id\":\"https:\\\/\\\/www.visituffizi.org\\\/it\\\/sale\\\/corridoio-e-statue\\\/#primaryimage\"},\"thumbnailUrl\":\"https:\\\/\\\/www.visituffizi.org\\\/wp-content\\\/uploads\\\/2013\\\/03\\\/second-corridor.jpg\",\"datePublished\":\"2011-05-05T16:05:25+00:00\",\"dateModified\":\"2013-11-12T17:28:19+00:00\",\"description\":\"Un'introduzione ai corridoi ed alle statue pi\u00f9 famose del Museo, molte provenienti dalle collezioni medicee\",\"breadcrumb\":{\"@id\":\"https:\\\/\\\/www.visituffizi.org\\\/it\\\/sale\\\/corridoio-e-statue\\\/#breadcrumb\"},\"inLanguage\":\"it-IT\",\"potentialAction\":[{\"@type\":\"ReadAction\",\"target\":[\"https:\\\/\\\/www.visituffizi.org\\\/it\\\/sale\\\/corridoio-e-statue\\\/\"]}]},{\"@type\":\"ImageObject\",\"inLanguage\":\"it-IT\",\"@id\":\"https:\\\/\\\/www.visituffizi.org\\\/it\\\/sale\\\/corridoio-e-statue\\\/#primaryimage\",\"url\":\"https:\\\/\\\/www.visituffizi.org\\\/wp-content\\\/uploads\\\/2013\\\/03\\\/second-corridor.jpg\",\"contentUrl\":\"https:\\\/\\\/www.visituffizi.org\\\/wp-content\\\/uploads\\\/2013\\\/03\\\/second-corridor.jpg\",\"width\":1538,\"height\":1028},{\"@type\":\"BreadcrumbList\",\"@id\":\"https:\\\/\\\/www.visituffizi.org\\\/it\\\/sale\\\/corridoio-e-statue\\\/#breadcrumb\",\"itemListElement\":[{\"@type\":\"ListItem\",\"position\":1,\"name\":\"Home\",\"item\":\"https:\\\/\\\/www.visituffizi.org\\\/it\\\/\"},{\"@type\":\"ListItem\",\"position\":2,\"name\":\"Le sale\",\"item\":\"https:\\\/\\\/www.visituffizi.org\\\/it\\\/sale\\\/\"},{\"@type\":\"ListItem\",\"position\":3,\"name\":\"Corridoio e Statue\"}]},{\"@type\":\"WebSite\",\"@id\":\"https:\\\/\\\/www.visituffizi.org\\\/it\\\/#website\",\"url\":\"https:\\\/\\\/www.visituffizi.org\\\/it\\\/\",\"name\":\"Visit Uffizi\",\"description\":\"Guide to Uffizi Museum in Florence\",\"potentialAction\":[{\"@type\":\"SearchAction\",\"target\":{\"@type\":\"EntryPoint\",\"urlTemplate\":\"https:\\\/\\\/www.visituffizi.org\\\/it\\\/?s={search_term_string}\"},\"query-input\":{\"@type\":\"PropertyValueSpecification\",\"valueRequired\":true,\"valueName\":\"search_term_string\"}}],\"inLanguage\":\"it-IT\"}]}<\/script>\n<!-- \/ Yoast SEO plugin. -->","yoast_head_json":{"title":"Galleria degli Uffizi:Corridoio e Statue in Mostra","description":"Un'introduzione ai corridoi ed alle statue pi\u00f9 famose del Museo, molte provenienti dalle collezioni medicee","robots":{"index":"index","follow":"follow","max-snippet":"max-snippet:-1","max-image-preview":"max-image-preview:large","max-video-preview":"max-video-preview:-1"},"canonical":"https:\/\/www.visituffizi.org\/it\/sale\/corridoio-e-statue\/","og_locale":"it_IT","og_type":"article","og_title":"Galleria degli Uffizi:Corridoio e Statue in Mostra","og_description":"Un'introduzione ai corridoi ed alle statue pi\u00f9 famose del Museo, molte provenienti dalle collezioni medicee","og_url":"https:\/\/www.visituffizi.org\/it\/sale\/corridoio-e-statue\/","og_site_name":"Visit Uffizi","article_modified_time":"2013-11-12T17:28:19+00:00","og_image":[{"width":1538,"height":1028,"url":"https:\/\/www.visituffizi.org\/wp-content\/uploads\/2013\/03\/second-corridor.jpg","type":"image\/jpeg"}],"twitter_misc":{"Tempo di lettura stimato":"1 minuto"},"schema":{"@context":"https:\/\/schema.org","@graph":[{"@type":"WebPage","@id":"https:\/\/www.visituffizi.org\/it\/sale\/corridoio-e-statue\/","url":"https:\/\/www.visituffizi.org\/it\/sale\/corridoio-e-statue\/","name":"Galleria degli Uffizi:Corridoio e Statue in Mostra","isPartOf":{"@id":"https:\/\/www.visituffizi.org\/it\/#website"},"primaryImageOfPage":{"@id":"https:\/\/www.visituffizi.org\/it\/sale\/corridoio-e-statue\/#primaryimage"},"image":{"@id":"https:\/\/www.visituffizi.org\/it\/sale\/corridoio-e-statue\/#primaryimage"},"thumbnailUrl":"https:\/\/www.visituffizi.org\/wp-content\/uploads\/2013\/03\/second-corridor.jpg","datePublished":"2011-05-05T16:05:25+00:00","dateModified":"2013-11-12T17:28:19+00:00","description":"Un'introduzione ai corridoi ed alle statue pi\u00f9 famose del Museo, molte provenienti dalle collezioni medicee","breadcrumb":{"@id":"https:\/\/www.visituffizi.org\/it\/sale\/corridoio-e-statue\/#breadcrumb"},"inLanguage":"it-IT","potentialAction":[{"@type":"ReadAction","target":["https:\/\/www.visituffizi.org\/it\/sale\/corridoio-e-statue\/"]}]},{"@type":"ImageObject","inLanguage":"it-IT","@id":"https:\/\/www.visituffizi.org\/it\/sale\/corridoio-e-statue\/#primaryimage","url":"https:\/\/www.visituffizi.org\/wp-content\/uploads\/2013\/03\/second-corridor.jpg","contentUrl":"https:\/\/www.visituffizi.org\/wp-content\/uploads\/2013\/03\/second-corridor.jpg","width":1538,"height":1028},{"@type":"BreadcrumbList","@id":"https:\/\/www.visituffizi.org\/it\/sale\/corridoio-e-statue\/#breadcrumb","itemListElement":[{"@type":"ListItem","position":1,"name":"Home","item":"https:\/\/www.visituffizi.org\/it\/"},{"@type":"ListItem","position":2,"name":"Le sale","item":"https:\/\/www.visituffizi.org\/it\/sale\/"},{"@type":"ListItem","position":3,"name":"Corridoio e Statue"}]},{"@type":"WebSite","@id":"https:\/\/www.visituffizi.org\/it\/#website","url":"https:\/\/www.visituffizi.org\/it\/","name":"Visit Uffizi","description":"Guide to Uffizi Museum in Florence","potentialAction":[{"@type":"SearchAction","target":{"@type":"EntryPoint","urlTemplate":"https:\/\/www.visituffizi.org\/it\/?s={search_term_string}"},"query-input":{"@type":"PropertyValueSpecification","valueRequired":true,"valueName":"search_term_string"}}],"inLanguage":"it-IT"}]}},"_links":{"self":[{"href":"https:\/\/www.visituffizi.org\/it\/wp-json\/wp\/v2\/pages\/196","targetHints":{"allow":["GET"]}}],"collection":[{"href":"https:\/\/www.visituffizi.org\/it\/wp-json\/wp\/v2\/pages"}],"about":[{"href":"https:\/\/www.visituffizi.org\/it\/wp-json\/wp\/v2\/types\/page"}],"author":[{"embeddable":true,"href":"https:\/\/www.visituffizi.org\/it\/wp-json\/wp\/v2\/users\/1"}],"replies":[{"embeddable":true,"href":"https:\/\/www.visituffizi.org\/it\/wp-json\/wp\/v2\/comments?post=196"}],"version-history":[{"count":0,"href":"https:\/\/www.visituffizi.org\/it\/wp-json\/wp\/v2\/pages\/196\/revisions"}],"up":[{"embeddable":true,"href":"https:\/\/www.visituffizi.org\/it\/wp-json\/wp\/v2\/pages\/22"}],"wp:featuredmedia":[{"embeddable":true,"href":"https:\/\/www.visituffizi.org\/it\/wp-json\/wp\/v2\/media\/1030"}],"wp:attachment":[{"href":"https:\/\/www.visituffizi.org\/it\/wp-json\/wp\/v2\/media?parent=196"}],"curies":[{"name":"wp","href":"https:\/\/api.w.org\/{rel}","templated":true}]}}