{"id":2277,"date":"2016-03-01T17:55:44","date_gmt":"2016-03-01T17:55:44","guid":{"rendered":"https:\/\/www.visituffizi.org\/?page_id=2277"},"modified":"2016-03-02T11:38:48","modified_gmt":"2016-03-02T11:38:48","slug":"note-legali","status":"publish","type":"page","link":"https:\/\/www.visituffizi.org\/it\/note-legali\/","title":{"rendered":"Note Legali e Cookie"},"content":{"rendered":"ngg_shortcode_0_placeholder\n<h1>Privacy<\/h1>\n<p>I dati inviati alla redazione di Uffizi.org quali nome ed indirizzo email vengono mantenuti in un archivio di propriet\u00e0 di WebPromoter Snc ed i legittimi proprietari possono scrivere in qualsiasi momento a WebPromoter tramite la pagina &#8220;contattaci&#8221; su questo sito per richiederne la modifica o la cancellazione. WebPromoter si impegna ad utilizzare tali dati unicamente per svolgere i servizi o fornire le informazioni richieste e a non diffondere tali dati a soggetti terzi per nessun motivo.<\/p>\n<h1>Link a Partner<\/h1>\n<p>Uffizi.org partecipa a programmi di affiliazione inclusi quelli di New Globus Viaggi e Viator Inc. I link verso tali siti partner possono procurarci delle commissioni. Acquistando attraverso i nostri partner, supporti questo sito e contribuisci a mantenerne i suoi contenuti gratuiti per tutti.<br \/>\nGrazie per utilizzare questo sito e per il tuo supporto!<\/p>\n<h1>Cookie Policy<\/h1>\n<p>Questo sito utilizza i cookies. In questa policy, valida per il sito Uffizi.org, \u00a0spieghiamo in dettaglio quali cookies utilizziamo e come questi ci consentano di offrire ai nostri utenti la migliore esperienza possibile.<\/p>\n<p>Proseguendo nella navigazione di questo sito l\u2019utente accetta le nostre modalit\u00e0 di uso dei cookies.<\/p>\n<p><strong>Cos\u2019\u00e8 un cookie?<\/strong><\/p>\n<p>Un cookie \u00e8 un breve testo inviato al tuo browser da un sito web visitato. Consente al sito di memorizzare informazioni sulla tua visita, come la tua lingua preferita e altre impostazioni. Ci\u00f2 pu\u00f2 facilitare la tua visita successiva e aumentare l&#8217;utilit\u00e0 del sito a tuo favore. I cookies svolgono un ruolo importante. Senza di essi, l&#8217;utilizzo del Web sarebbe un&#8217;esperienza molto pi\u00f9 frustrante.<\/p>\n<p>Esistono vari tipi di cookies e diversi modi di utilizzarli. I cookies si distinguono in base alla funzione svolta, alla loro durata e a chi li ha inseriti in un sito web.<\/p>\n<p><strong>Come vengono utilizzati i cookies?<\/strong><\/p>\n<p>Il nostro sito utilizza i seguenti tipi di cookies:<\/p>\n<ul>\n<li><strong>Cookies tecnici<\/strong><\/li>\n<\/ul>\n<p>Alcuni cookies sono indispensabili per il corretto funzionamento del nostro sito, poich\u00e9 permettono il caricamento della pagina web ed il corretto funzionamento di tutte le funzionalit\u00e0 essenziali. Altri cookies tecnici aggiungono invece funzionalit\u00e0 e migliorano o personalizzano l\u2019esperienza complessiva di navigazione.<\/p>\n<ul>\n<li><strong>Cookies Statistici di terza parte<\/strong><\/li>\n<\/ul>\n<p>Sono i cookies che ci permettono di monitorare ed analizzare il comportamento degli utenti del nostro sito web. Attraverso questi cookies siamo in grado di monitorare la navigazione sul nostro sito web e possiamo creare profili dei nostri utenti, al fine di apportare miglioramenti basati sull\u2019analisi di questi dati. Questi cookies (servizi web di terza parte) forniscono informazioni anonime \/ aggregate sul modo in cui i visitatori navigano sul sito.<\/p>\n<p>In particolare, Google Analytics, sistema messo a disposizione da Google Inc., utilizza dei cookies che vengono depositati sul computer dell\u2019utente allo scopo di consentire al gestore del sito web di analizzare come gli utenti utilizza il sito stesso. Le informazioni generate dal cookies sull&#8217;utilizzo del sito da parte dell\u2019utente verranno trasmesse a, e depositate presso i server di Google negli Stati Uniti. Google utilizzer\u00e0 queste informazioni allo scopo di tracciare e esaminare l\u2019utilizzo del sito web da parte dell\u2019utente, compilare report sulle attivit\u00e0 del sito web e fornire altri servizi relativi alle attivit\u00e0 dello stesso sito. Gli utenti che non volessero i cookies in questione potranno impedirne la memorizzazione sul proprio computer attraverso l\u2019apposito \u201cComponente aggiuntivo del browser per la disattivazione di Google Analytics\u201d messo a disposizione da Google all\u2019indirizzo <a href=\"https:\/\/tools.google.com\/dlpage\/gaoptout\">https:\/\/tools.google.com\/dlpage\/gaoptout<\/a> . Per attivare il componente, che inibisce il sistema di invio di informazioni sulla visita dell\u2019utente, sar\u00e0 sufficiente installarlo seguendo le istruzioni sullo schermo, chiudere e riaprire il browser.<\/p>\n<p>Visita il seguente link per imparare a rifiutare o eliminare i cookies da parte di Google: <a href=\"http:\/\/www.google.com\/intl\/en\/privacypolicy.html\">http:\/\/www.google.com\/intl\/en\/privacypolicy.html<\/a><\/p>\n<p>Visita il seguente link per prendere visione della privacy policy di Google: <a href=\"http:\/\/www.google.co.uk\/intl\/en\/policies\/privacy\/\">http:\/\/www.google.co.uk\/intl\/en\/policies\/privacy\/<\/a><\/p>\n<ul>\n<li><strong>Cookies di profilazione di terza parte<\/strong><\/li>\n<\/ul>\n<p>Facciamo uso di svariati fornitori che possono a loro volta installare cookies per il corretto funzionamento dei servizi che stanno fornendo. Se desideri avere informazioni relative a questi cookies di terza parte e su come disabilitarli ti preghiamo di accedere ai link delle liste qui di seguito.<\/p>\n<p>Inoltre accedendo alla pagina <a href=\"http:\/\/www.youronlinechoices.com\/it\/le-tue-scelte\">http:\/\/www.youronlinechoices.com\/it\/le-tue-scelte<\/a> \u00e8 possibile informarsi sulla pubblicit\u00e0 comportamentale oltre che disattivare o attivare le societ\u00e0 elencate e che lavorano con i gestori dei siti web per raccogliere e utilizzare informazioni utili alla fruizione della pubblicit\u00e0.<\/p>\n<p>Questi cookies memorizzano le informazioni sul comportamento degli utenti ottenute attraverso l&#8217;osservazione delle abitudini di navigazione, con il fine di sviluppare un profilo specifico per visualizzare gli annunci basati su di esso.<\/p>\n<p>Utilizziamo anche le funzioni di Google AdWords e gli elenchi di remarketing per gli annunci della Rete Display di Google Adwords. Utilizziamo i cookies di Google (ad esempio quelli di Google Analytics e di Google Adwords) ed altri cookies di terze parti (come i cookies di DoubleClick) combinati insieme per informare, ottimizzare e pubblicare gli annunci sulla base di precedenti visite al nostro sito web. Ci\u00f2 implica che i fornitori (come Google) visualizzano nostro materiale promozionale su altri siti web che l\u2019utente visita in Internet.<\/p>\n<p>Alcuni dei nostri cookies possono servire per identificare l&#8217;utente e altri forniscono solo informazioni statistiche anonime sulla navigazione nella nostra pagina Web, tuttavia questa funzione pu\u00f2 essere disabilitata impostando direttamente il browser.<\/p>\n<p>Questi cookies (servizi di advertising di terza parte) vengono utilizzati al fine di inviare pubblicit\u00e0 e contenuti personalizzati in base alla cronologia di navigazione sul sito stesso. Di seguito i link alle rispettive pagine di privacy policy e al modulo di consenso dove \u00e8 possibile disabilitare l\u2019uso dei cookies di profilazione del servizio di terza parte.<\/p>\n<p><strong>Google Adwords: Servizio di remarketing e conversione campagne &amp; cookies di remarketing e conversione &#8211; Doubleclick &#8211; <\/strong><a href=\"https:\/\/www.google.com\/intl\/it\/policies\/technologies\/ads\/\"><strong>Privacy Policy<\/strong><\/a> <strong>&#8211;\u00a0<\/strong> <a href=\"https:\/\/www.google.com\/settings\/u\/0\/ads\"><strong>Modulo di consenso<\/strong><\/a><\/p>\n<p><strong>Addthis &#8211;\u00a0<\/strong><a href=\"http:\/\/www.addthis.com\/privacy\">Privacy Policy<\/a> &#8211; <a href=\"http:\/\/www.addthis.com\/privacy\/opt-out\">Modulo di consenso<\/a><\/p>\n<p><strong>Cookies di social media<\/strong><\/p>\n<p>Questi cookies di terza parte vengono utilizzati per integrare alcune diffuse funzionalit\u00e0 dei principali social media e fornirle all\u2019interno del sito. In particolare permettono la registrazione e l\u2019autenticazione sul sito tramite Facebook.<\/p>\n<p><strong>Facebook &#8211; <\/strong><a href=\"https:\/\/www.facebook.com\/about\/privacy\/\">Privacy Policy<\/a><\/p>\n<p>Facebook offre annunci pubblicitari mirati sulla base del comportamento e sugli interessi degli utenti online. Per maggiori informazioni: <a href=\"https:\/\/www.facebook.com\/help\/cookies?ref_type=sitefooter\">https:\/\/www.facebook.com\/help\/cookies?ref_type=sitefooter<\/a><\/p>\n<p><strong>Web beacons<\/strong><\/p>\n<p>Utilizziamo i Web beacons, questi elementi sono immagini che si trovano su una pagina web o in una e-mail e servono a monitorare il comportamento online degli utenti che visitano il nostro sito web o che ricevono una delle nostre newsletter. Lo scopo di utilizzare questa tecnologia \u00e8 quello di monitorare l&#8217;attivit\u00e0 degli utenti, come l\u2019area del sito visitata e il tempo trascorso in navigazione.<\/p>\n<p><strong>Modalit\u00e0 di disabilitazione dei cookies<\/strong><\/p>\n<p>La maggioranza dei browser internet sono inizialmente impostati per accettare i cookies in modo automatico. L\u2019utente pu\u00f2 modificare queste impostazioni per bloccare i cookies o per avvertire che dei cookies vengono mandati al dispositivo dell\u2019utente medesimo. Esistono vari modi per gestire i cookies. L\u2019utente pu\u00f2 fare riferimento al manuale d\u2019istruzioni o alla schermata di aiuto del suo browser per scoprire come regolare o modificare le impostazioni del proprio browser.<\/p>\n<p><strong>Chrome: <\/strong><a href=\"https:\/\/support.google.com\/accounts\/answer\/61416?hl=it\">https:\/\/support.google.com\/accounts\/answer\/61416?hl=it<\/a><\/p>\n<p><strong>Firefox: <\/strong><a href=\"https:\/\/support.mozilla.org\/it\/kb\/Attivare%20e%20disattivare%20i%20cookie\">https:\/\/support.mozilla.org\/it\/kb\/Attivare%20e%20disattivare%20i%20cookies<\/a><\/p>\n<p><strong>Internet Explorer: <\/strong><a href=\"http:\/\/windows.microsoft.com\/it-it\/windows7\/block-enable-or-allow-cookies\">http:\/\/windows.microsoft.com\/it-it\/windows7\/block-enable-or-allow-cookiess<\/a><\/p>\n<p><strong>Opera: <\/strong><a href=\"http:\/\/help.opera.com\/Windows\/10.00\/it\/cookies.html\">http:\/\/help.opera.com\/Windows\/10.00\/it\/cookiess.html<\/a><\/p>\n<p><strong>Safari: <\/strong><a href=\"https:\/\/www.apple.com\/legal\/privacy\/it\/cookies\/\">https:\/\/www.apple.com\/legal\/privacy\/it\/cookies\/<\/a><\/p>\n<p>Se usi un qualsiasi altro browser, cerca nelle Impostazioni del browser la modalit\u00e0 di gestione dei cookies.<\/p>\n<p>In caso di dispositivi diversi (per esempio, computer, smartphone, tablet, ecc.), l\u2019utente dovr\u00e0 assicurarsi che ciascun browser su ogni dispositivo sia regolato per riflettere le proprie preferenze relative ai cookies.<\/p>\n<p>Tieni presente per\u00f2 che il rifiuto esplicito dei cookie di profilazione non impedir\u00e0 di ricevere annunci pubblicitari, ma comporter\u00e0 semplicemente il fatto che tali annunci non saranno pi\u00f9 personalizzati.<\/p>\n<p>Se ti interessa saperne di pi\u00f9 sui cookies visita la pagina <a href=\"http:\/\/www.allaboutcookies.org\/\">www.allaboutcookies.org<\/a><\/p>\n<p><strong>Titolare del trattamento<\/strong><\/p>\n<p>Titolare del trattamento \u00e8 WebPromoter Snc in persona del legale rappresentante. Per qualunque comunicazione relativa al trattamento dei dati e utilizzo dei cookies svolto da WebPromoter Snc l\u2019interessato pu\u00f2 rivolgersi al Responsabile del trattamento dati personali al seguente indirizzo via Gian Battista Vico 32 50136 Firenze o inviando una PEC a webpromoter@registerpec.it. Al fine di venire a conoscenza di variazioni o modifiche nelle policies dovute, in via principale, a mutamenti normativi, \u00e8 opportuno che l\u2019utente consulti costantemente il presente documento.<\/p>\n<p><strong>Diritti degli interessati<\/strong><\/p>\n<p>WebPromoter Snc rende noto che il D.Lgs. 196\/03, conferisce agli interessati del trattamento che forniscono i propri dati personali specifici diritti. In particolare, l&#8217;utente pu\u00f2 ottenere dal titolare o dall&#8217;eventuale responsabile la conferma dell&#8217;esistenza o meno di propri dati personali e che tali dati vengano messi a sua disposizione in forma intelligibile. L&#8217;interessato pu\u00f2 altres\u00ec chiedere di conoscere l&#8217;origine dei dati nonch\u00e9 la logica e le finalit\u00e0 su cui si basa il trattamento; ottenere la cancellazione, la trasformazione in forma anonima o il blocco dei dati trattati in violazione di legge nonch\u00e9 l&#8217;aggiornamento, la rettifica o, se sussiste interesse, l&#8217;integrazione dei dati; opporsi, per motivi legittimi, al trattamento stesso.<\/p>\n","protected":false},"excerpt":{"rendered":"<p>Privacy I dati inviati alla redazione di Uffizi.org quali nome ed indirizzo email vengono mantenuti in un archivio di propriet\u00e0 di WebPromoter Snc ed i legittimi proprietari possono scrivere in qualsiasi momento a WebPromoter tramite la pagina &#8220;contattaci&#8221; su questo sito per richiederne la modifica o la cancellazione. WebPromoter si impegna ad utilizzare tali dati [&hellip;]<\/p>\n","protected":false},"author":1,"featured_media":0,"parent":0,"menu_order":0,"comment_status":"closed","ping_status":"closed","template":"","meta":{"ngg_post_thumbnail":0,"footnotes":""},"class_list":["post-2277","page","type-page","status-publish","hentry"],"yoast_head":"<!-- This site is optimized with the Yoast SEO plugin v27.4 - https:\/\/yoast.com\/product\/yoast-seo-wordpress\/ -->\n<title>Uffizi.org : Note Legaly, Privacy e Cookie Policy<\/title>\n<meta name=\"robots\" content=\"noindex, nofollow\" \/>\n<meta property=\"og:locale\" content=\"it_IT\" \/>\n<meta property=\"og:type\" content=\"article\" \/>\n<meta property=\"og:title\" content=\"Uffizi.org : Note Legaly, Privacy e Cookie Policy\" \/>\n<meta property=\"og:description\" content=\"Privacy I dati inviati alla redazione di Uffizi.org quali nome ed indirizzo email vengono mantenuti in un archivio di propriet\u00e0 di WebPromoter Snc ed i legittimi proprietari possono scrivere in qualsiasi momento a WebPromoter tramite la pagina &#8220;contattaci&#8221; su questo sito per richiederne la modifica o la cancellazione. WebPromoter si impegna ad utilizzare tali dati [&hellip;]\" \/>\n<meta property=\"og:url\" content=\"https:\/\/www.visituffizi.org\/it\/note-legali\/\" \/>\n<meta property=\"og:site_name\" content=\"Visit Uffizi\" \/>\n<meta property=\"article:modified_time\" content=\"2016-03-02T11:38:48+00:00\" \/>\n<meta name=\"twitter:label1\" content=\"Tempo di lettura stimato\" \/>\n\t<meta name=\"twitter:data1\" content=\"8 minuti\" \/>\n<script type=\"application\/ld+json\" class=\"yoast-schema-graph\">{\"@context\":\"https:\\\/\\\/schema.org\",\"@graph\":[{\"@type\":\"WebPage\",\"@id\":\"https:\\\/\\\/www.visituffizi.org\\\/it\\\/note-legali\\\/\",\"url\":\"https:\\\/\\\/www.visituffizi.org\\\/it\\\/note-legali\\\/\",\"name\":\"Uffizi.org : Note Legaly, Privacy e Cookie Policy\",\"isPartOf\":{\"@id\":\"https:\\\/\\\/www.visituffizi.org\\\/it\\\/#website\"},\"datePublished\":\"2016-03-01T17:55:44+00:00\",\"dateModified\":\"2016-03-02T11:38:48+00:00\",\"breadcrumb\":{\"@id\":\"https:\\\/\\\/www.visituffizi.org\\\/it\\\/note-legali\\\/#breadcrumb\"},\"inLanguage\":\"it-IT\",\"potentialAction\":[{\"@type\":\"ReadAction\",\"target\":[\"https:\\\/\\\/www.visituffizi.org\\\/it\\\/note-legali\\\/\"]}]},{\"@type\":\"BreadcrumbList\",\"@id\":\"https:\\\/\\\/www.visituffizi.org\\\/it\\\/note-legali\\\/#breadcrumb\",\"itemListElement\":[{\"@type\":\"ListItem\",\"position\":1,\"name\":\"Home\",\"item\":\"https:\\\/\\\/www.visituffizi.org\\\/it\\\/\"},{\"@type\":\"ListItem\",\"position\":2,\"name\":\"Note Legali e Cookie\"}]},{\"@type\":\"WebSite\",\"@id\":\"https:\\\/\\\/www.visituffizi.org\\\/it\\\/#website\",\"url\":\"https:\\\/\\\/www.visituffizi.org\\\/it\\\/\",\"name\":\"Visit Uffizi\",\"description\":\"Guide to Uffizi Museum in Florence\",\"potentialAction\":[{\"@type\":\"SearchAction\",\"target\":{\"@type\":\"EntryPoint\",\"urlTemplate\":\"https:\\\/\\\/www.visituffizi.org\\\/it\\\/?s={search_term_string}\"},\"query-input\":{\"@type\":\"PropertyValueSpecification\",\"valueRequired\":true,\"valueName\":\"search_term_string\"}}],\"inLanguage\":\"it-IT\"}]}<\/script>\n<!-- \/ Yoast SEO plugin. -->","yoast_head_json":{"title":"Uffizi.org : Note Legaly, Privacy e Cookie Policy","robots":{"index":"noindex","follow":"nofollow"},"og_locale":"it_IT","og_type":"article","og_title":"Uffizi.org : Note Legaly, Privacy e Cookie Policy","og_description":"Privacy I dati inviati alla redazione di Uffizi.org quali nome ed indirizzo email vengono mantenuti in un archivio di propriet\u00e0 di WebPromoter Snc ed i legittimi proprietari possono scrivere in qualsiasi momento a WebPromoter tramite la pagina &#8220;contattaci&#8221; su questo sito per richiederne la modifica o la cancellazione. WebPromoter si impegna ad utilizzare tali dati [&hellip;]","og_url":"https:\/\/www.visituffizi.org\/it\/note-legali\/","og_site_name":"Visit Uffizi","article_modified_time":"2016-03-02T11:38:48+00:00","twitter_misc":{"Tempo di lettura stimato":"8 minuti"},"schema":{"@context":"https:\/\/schema.org","@graph":[{"@type":"WebPage","@id":"https:\/\/www.visituffizi.org\/it\/note-legali\/","url":"https:\/\/www.visituffizi.org\/it\/note-legali\/","name":"Uffizi.org : Note Legaly, Privacy e Cookie Policy","isPartOf":{"@id":"https:\/\/www.visituffizi.org\/it\/#website"},"datePublished":"2016-03-01T17:55:44+00:00","dateModified":"2016-03-02T11:38:48+00:00","breadcrumb":{"@id":"https:\/\/www.visituffizi.org\/it\/note-legali\/#breadcrumb"},"inLanguage":"it-IT","potentialAction":[{"@type":"ReadAction","target":["https:\/\/www.visituffizi.org\/it\/note-legali\/"]}]},{"@type":"BreadcrumbList","@id":"https:\/\/www.visituffizi.org\/it\/note-legali\/#breadcrumb","itemListElement":[{"@type":"ListItem","position":1,"name":"Home","item":"https:\/\/www.visituffizi.org\/it\/"},{"@type":"ListItem","position":2,"name":"Note Legali e Cookie"}]},{"@type":"WebSite","@id":"https:\/\/www.visituffizi.org\/it\/#website","url":"https:\/\/www.visituffizi.org\/it\/","name":"Visit Uffizi","description":"Guide to Uffizi Museum in Florence","potentialAction":[{"@type":"SearchAction","target":{"@type":"EntryPoint","urlTemplate":"https:\/\/www.visituffizi.org\/it\/?s={search_term_string}"},"query-input":{"@type":"PropertyValueSpecification","valueRequired":true,"valueName":"search_term_string"}}],"inLanguage":"it-IT"}]}},"_links":{"self":[{"href":"https:\/\/www.visituffizi.org\/it\/wp-json\/wp\/v2\/pages\/2277","targetHints":{"allow":["GET"]}}],"collection":[{"href":"https:\/\/www.visituffizi.org\/it\/wp-json\/wp\/v2\/pages"}],"about":[{"href":"https:\/\/www.visituffizi.org\/it\/wp-json\/wp\/v2\/types\/page"}],"author":[{"embeddable":true,"href":"https:\/\/www.visituffizi.org\/it\/wp-json\/wp\/v2\/users\/1"}],"replies":[{"embeddable":true,"href":"https:\/\/www.visituffizi.org\/it\/wp-json\/wp\/v2\/comments?post=2277"}],"version-history":[{"count":0,"href":"https:\/\/www.visituffizi.org\/it\/wp-json\/wp\/v2\/pages\/2277\/revisions"}],"wp:attachment":[{"href":"https:\/\/www.visituffizi.org\/it\/wp-json\/wp\/v2\/media?parent=2277"}],"curies":[{"name":"wp","href":"https:\/\/api.w.org\/{rel}","templated":true}]}}