{"id":234,"date":"2011-06-21T15:30:33","date_gmt":"2011-06-21T15:30:33","guid":{"rendered":"http:\/\/www.netpromotion.org\/?page_id=234"},"modified":"2013-03-11T14:22:11","modified_gmt":"2013-03-11T14:22:11","slug":"madonna-di-ognissanti-di-giotto","status":"publish","type":"page","link":"https:\/\/www.visituffizi.org\/it\/opere\/madonna-di-ognissanti-di-giotto\/","title":{"rendered":"Madonna di Ognissanti di Giotto"},"content":{"rendered":"ngg_shortcode_0_placeholder\n<h1>Madonna di Ognissanti di Giotto<\/h1>\n<p><img decoding=\"async\" class=\"right noborder\" alt=\"La Madonna di Ognissanti di Giotto\" src=\"https:\/\/www.visituffizi.org\/img\/artworks\/ognissanti-giotto.jpg\" \/><\/p>\n<p>Questa grande pala d\u2019altare, dipinta da <strong>Giotto<\/strong> nel <strong>1310<\/strong> circa, \u00e8 un caposaldo della storia dell\u2019arte. Fu dipinta per la chiesa fiorentina di <strong>Ognissanti<\/strong>, da cui il nome.<\/p>\n<p>Prima di Giotto la pittura era ancora legata allo stile bizantino e ai suoi schematismi. Le figure erano spesso rigide, bidimensionali e prive di partecipazione affettiva. Giotto rompe proprio con questa tradizione <strong>rivoluzionando il modo di dipingere<\/strong> e di <strong>rappresentare gli uomini<\/strong>. Senza Giotto non sarebbe potuto nascere quel movimento culturale, filosofico ed artistico che oggi noi tutti chiamiamo <strong>Rinascimento<\/strong>.<\/p>\n<p>Per la prima volta nella storia della pittura occidentale la Madonna e il Bambino appaiono inseriti in uno <strong>spazio ben definito<\/strong> . Maria \u00e8 seduta su un trono prospetticamente ben concepito, che rende bene l\u2019idea di un ambiente reale. Le pieghe delle vesti delineano il volume del corpo sottostante. Le figure sono pi\u00f9 verosimili, pi\u00f9 umane, non pi\u00f9 rappresentate in maniera piatta come fossero dei bambolotti. Basti guardare agli angeli in primo piano che cantano in maniera cos\u00ec realistica o alla mano della Vergine che stringe il Bambino come una vera madre.<\/p>\n<p>Lo <strong>stile di Giotto<\/strong> rappresenta quindi un vero superamento della vecchia maniera di dipingere. Nonostante alcuni elementi che riportano ancora alla tradizione, come il fondo oro o la gerarchia delle figure (pi\u00f9 grandi la Madonna con il Bambino, pi\u00f9 piccoli gli angeli), il nuovo valore dato alla figura umana e al suo rapporto con lo spazio circostante, rendono quest\u2019opera un esempio importantissimo del <strong>nuovo corso della pittura trecentesca<\/strong>.<\/p>\n<p>Sebbene la prospettiva di Giotto sia ancora intuitiva, non scientifica come quella sviluppata nel Quattrocento, la rivoluzione che porter\u00e0 cento anni pi\u00f9 tardi al Rinascimento parte proprio da questo grande artista.<\/p>\n<p>La Madonna di Ognissanti di Giotto si trova nella <a title=\"sala 2 del Duecento e di Giotto\" href=\"\/it\/museo\/sale\/sala-2-del-duecento-e-giotto\/\">sala 2 del Duecento e di Giotto<\/a>.<\/p>\n","protected":false},"excerpt":{"rendered":"<p>Questa grande pala d\u2019altare dipinta da Giotto nel 1310, una delle tre Meast\u00e0 nella Sala 2, \u00e8 un caposaldo della storia dell\u2019arte.<\/p>\n","protected":false},"author":1,"featured_media":1017,"parent":27,"menu_order":1,"comment_status":"open","ping_status":"open","template":"","meta":{"ngg_post_thumbnail":0,"footnotes":""},"class_list":["post-234","page","type-page","status-publish","has-post-thumbnail","hentry"],"yoast_head":"<!-- This site is optimized with the Yoast SEO plugin v27.4 - https:\/\/yoast.com\/product\/yoast-seo-wordpress\/ -->\n<title>Madonna di Ognissanti di Giotto alla Galleria degli Uffizi Firenze<\/title>\n<meta name=\"robots\" content=\"index, follow, max-snippet:-1, max-image-preview:large, max-video-preview:-1\" \/>\n<link rel=\"canonical\" href=\"https:\/\/www.visituffizi.org\/it\/opere\/madonna-di-ognissanti-di-giotto\/\" \/>\n<meta property=\"og:locale\" content=\"it_IT\" \/>\n<meta property=\"og:type\" content=\"article\" \/>\n<meta property=\"og:title\" content=\"Madonna di Ognissanti di Giotto alla Galleria degli Uffizi Firenze\" \/>\n<meta property=\"og:description\" content=\"Questa grande pala d\u2019altare dipinta da Giotto nel 1310, una delle tre Meast\u00e0 nella Sala 2, \u00e8 un caposaldo della storia dell\u2019arte.\" \/>\n<meta property=\"og:url\" content=\"https:\/\/www.visituffizi.org\/it\/opere\/madonna-di-ognissanti-di-giotto\/\" \/>\n<meta property=\"og:site_name\" content=\"Visit Uffizi\" \/>\n<meta property=\"article:modified_time\" content=\"2013-03-11T14:22:11+00:00\" \/>\n<meta property=\"og:image\" content=\"https:\/\/www.visituffizi.org\/wp-content\/uploads\/2013\/03\/ognissanti-giotto.jpg\" \/>\n\t<meta property=\"og:image:width\" content=\"389\" \/>\n\t<meta property=\"og:image:height\" content=\"600\" \/>\n\t<meta property=\"og:image:type\" content=\"image\/jpeg\" \/>\n<meta name=\"twitter:label1\" content=\"Tempo di lettura stimato\" \/>\n\t<meta name=\"twitter:data1\" content=\"2 minuti\" \/>\n<script type=\"application\/ld+json\" class=\"yoast-schema-graph\">{\"@context\":\"https:\\\/\\\/schema.org\",\"@graph\":[{\"@type\":\"WebPage\",\"@id\":\"https:\\\/\\\/www.visituffizi.org\\\/it\\\/opere\\\/madonna-di-ognissanti-di-giotto\\\/\",\"url\":\"https:\\\/\\\/www.visituffizi.org\\\/it\\\/opere\\\/madonna-di-ognissanti-di-giotto\\\/\",\"name\":\"Madonna di Ognissanti di Giotto alla Galleria degli Uffizi Firenze\",\"isPartOf\":{\"@id\":\"https:\\\/\\\/www.visituffizi.org\\\/it\\\/#website\"},\"primaryImageOfPage\":{\"@id\":\"https:\\\/\\\/www.visituffizi.org\\\/it\\\/opere\\\/madonna-di-ognissanti-di-giotto\\\/#primaryimage\"},\"image\":{\"@id\":\"https:\\\/\\\/www.visituffizi.org\\\/it\\\/opere\\\/madonna-di-ognissanti-di-giotto\\\/#primaryimage\"},\"thumbnailUrl\":\"https:\\\/\\\/www.visituffizi.org\\\/wp-content\\\/uploads\\\/2013\\\/03\\\/ognissanti-giotto.jpg\",\"datePublished\":\"2011-06-21T15:30:33+00:00\",\"dateModified\":\"2013-03-11T14:22:11+00:00\",\"breadcrumb\":{\"@id\":\"https:\\\/\\\/www.visituffizi.org\\\/it\\\/opere\\\/madonna-di-ognissanti-di-giotto\\\/#breadcrumb\"},\"inLanguage\":\"it-IT\",\"potentialAction\":[{\"@type\":\"ReadAction\",\"target\":[\"https:\\\/\\\/www.visituffizi.org\\\/it\\\/opere\\\/madonna-di-ognissanti-di-giotto\\\/\"]}]},{\"@type\":\"ImageObject\",\"inLanguage\":\"it-IT\",\"@id\":\"https:\\\/\\\/www.visituffizi.org\\\/it\\\/opere\\\/madonna-di-ognissanti-di-giotto\\\/#primaryimage\",\"url\":\"https:\\\/\\\/www.visituffizi.org\\\/wp-content\\\/uploads\\\/2013\\\/03\\\/ognissanti-giotto.jpg\",\"contentUrl\":\"https:\\\/\\\/www.visituffizi.org\\\/wp-content\\\/uploads\\\/2013\\\/03\\\/ognissanti-giotto.jpg\",\"width\":389,\"height\":600},{\"@type\":\"BreadcrumbList\",\"@id\":\"https:\\\/\\\/www.visituffizi.org\\\/it\\\/opere\\\/madonna-di-ognissanti-di-giotto\\\/#breadcrumb\",\"itemListElement\":[{\"@type\":\"ListItem\",\"position\":1,\"name\":\"Home\",\"item\":\"https:\\\/\\\/www.visituffizi.org\\\/it\\\/\"},{\"@type\":\"ListItem\",\"position\":2,\"name\":\"Le opere\",\"item\":\"https:\\\/\\\/www.visituffizi.org\\\/it\\\/opere\\\/\"},{\"@type\":\"ListItem\",\"position\":3,\"name\":\"Madonna di Ognissanti di Giotto\"}]},{\"@type\":\"WebSite\",\"@id\":\"https:\\\/\\\/www.visituffizi.org\\\/it\\\/#website\",\"url\":\"https:\\\/\\\/www.visituffizi.org\\\/it\\\/\",\"name\":\"Visit Uffizi\",\"description\":\"Guide to Uffizi Museum in Florence\",\"potentialAction\":[{\"@type\":\"SearchAction\",\"target\":{\"@type\":\"EntryPoint\",\"urlTemplate\":\"https:\\\/\\\/www.visituffizi.org\\\/it\\\/?s={search_term_string}\"},\"query-input\":{\"@type\":\"PropertyValueSpecification\",\"valueRequired\":true,\"valueName\":\"search_term_string\"}}],\"inLanguage\":\"it-IT\"}]}<\/script>\n<!-- \/ Yoast SEO plugin. -->","yoast_head_json":{"title":"Madonna di Ognissanti di Giotto alla Galleria degli Uffizi Firenze","robots":{"index":"index","follow":"follow","max-snippet":"max-snippet:-1","max-image-preview":"max-image-preview:large","max-video-preview":"max-video-preview:-1"},"canonical":"https:\/\/www.visituffizi.org\/it\/opere\/madonna-di-ognissanti-di-giotto\/","og_locale":"it_IT","og_type":"article","og_title":"Madonna di Ognissanti di Giotto alla Galleria degli Uffizi Firenze","og_description":"Questa grande pala d\u2019altare dipinta da Giotto nel 1310, una delle tre Meast\u00e0 nella Sala 2, \u00e8 un caposaldo della storia dell\u2019arte.","og_url":"https:\/\/www.visituffizi.org\/it\/opere\/madonna-di-ognissanti-di-giotto\/","og_site_name":"Visit Uffizi","article_modified_time":"2013-03-11T14:22:11+00:00","og_image":[{"width":389,"height":600,"url":"https:\/\/www.visituffizi.org\/wp-content\/uploads\/2013\/03\/ognissanti-giotto.jpg","type":"image\/jpeg"}],"twitter_misc":{"Tempo di lettura stimato":"2 minuti"},"schema":{"@context":"https:\/\/schema.org","@graph":[{"@type":"WebPage","@id":"https:\/\/www.visituffizi.org\/it\/opere\/madonna-di-ognissanti-di-giotto\/","url":"https:\/\/www.visituffizi.org\/it\/opere\/madonna-di-ognissanti-di-giotto\/","name":"Madonna di Ognissanti di Giotto alla Galleria degli Uffizi Firenze","isPartOf":{"@id":"https:\/\/www.visituffizi.org\/it\/#website"},"primaryImageOfPage":{"@id":"https:\/\/www.visituffizi.org\/it\/opere\/madonna-di-ognissanti-di-giotto\/#primaryimage"},"image":{"@id":"https:\/\/www.visituffizi.org\/it\/opere\/madonna-di-ognissanti-di-giotto\/#primaryimage"},"thumbnailUrl":"https:\/\/www.visituffizi.org\/wp-content\/uploads\/2013\/03\/ognissanti-giotto.jpg","datePublished":"2011-06-21T15:30:33+00:00","dateModified":"2013-03-11T14:22:11+00:00","breadcrumb":{"@id":"https:\/\/www.visituffizi.org\/it\/opere\/madonna-di-ognissanti-di-giotto\/#breadcrumb"},"inLanguage":"it-IT","potentialAction":[{"@type":"ReadAction","target":["https:\/\/www.visituffizi.org\/it\/opere\/madonna-di-ognissanti-di-giotto\/"]}]},{"@type":"ImageObject","inLanguage":"it-IT","@id":"https:\/\/www.visituffizi.org\/it\/opere\/madonna-di-ognissanti-di-giotto\/#primaryimage","url":"https:\/\/www.visituffizi.org\/wp-content\/uploads\/2013\/03\/ognissanti-giotto.jpg","contentUrl":"https:\/\/www.visituffizi.org\/wp-content\/uploads\/2013\/03\/ognissanti-giotto.jpg","width":389,"height":600},{"@type":"BreadcrumbList","@id":"https:\/\/www.visituffizi.org\/it\/opere\/madonna-di-ognissanti-di-giotto\/#breadcrumb","itemListElement":[{"@type":"ListItem","position":1,"name":"Home","item":"https:\/\/www.visituffizi.org\/it\/"},{"@type":"ListItem","position":2,"name":"Le opere","item":"https:\/\/www.visituffizi.org\/it\/opere\/"},{"@type":"ListItem","position":3,"name":"Madonna di Ognissanti di Giotto"}]},{"@type":"WebSite","@id":"https:\/\/www.visituffizi.org\/it\/#website","url":"https:\/\/www.visituffizi.org\/it\/","name":"Visit Uffizi","description":"Guide to Uffizi Museum in Florence","potentialAction":[{"@type":"SearchAction","target":{"@type":"EntryPoint","urlTemplate":"https:\/\/www.visituffizi.org\/it\/?s={search_term_string}"},"query-input":{"@type":"PropertyValueSpecification","valueRequired":true,"valueName":"search_term_string"}}],"inLanguage":"it-IT"}]}},"_links":{"self":[{"href":"https:\/\/www.visituffizi.org\/it\/wp-json\/wp\/v2\/pages\/234","targetHints":{"allow":["GET"]}}],"collection":[{"href":"https:\/\/www.visituffizi.org\/it\/wp-json\/wp\/v2\/pages"}],"about":[{"href":"https:\/\/www.visituffizi.org\/it\/wp-json\/wp\/v2\/types\/page"}],"author":[{"embeddable":true,"href":"https:\/\/www.visituffizi.org\/it\/wp-json\/wp\/v2\/users\/1"}],"replies":[{"embeddable":true,"href":"https:\/\/www.visituffizi.org\/it\/wp-json\/wp\/v2\/comments?post=234"}],"version-history":[{"count":0,"href":"https:\/\/www.visituffizi.org\/it\/wp-json\/wp\/v2\/pages\/234\/revisions"}],"up":[{"embeddable":true,"href":"https:\/\/www.visituffizi.org\/it\/wp-json\/wp\/v2\/pages\/27"}],"wp:featuredmedia":[{"embeddable":true,"href":"https:\/\/www.visituffizi.org\/it\/wp-json\/wp\/v2\/media\/1017"}],"wp:attachment":[{"href":"https:\/\/www.visituffizi.org\/it\/wp-json\/wp\/v2\/media?parent=234"}],"curies":[{"name":"wp","href":"https:\/\/api.w.org\/{rel}","templated":true}]}}