{"id":267,"date":"2011-06-22T10:13:17","date_gmt":"2011-06-22T10:13:17","guid":{"rendered":"http:\/\/www.netpromotion.org\/?page_id=267"},"modified":"2018-08-07T09:56:55","modified_gmt":"2018-08-07T09:56:55","slug":"ritratto-dei-duchi-di-urbino-di-piero-della-francesca","status":"publish","type":"page","link":"https:\/\/www.visituffizi.org\/it\/opere\/ritratto-dei-duchi-di-urbino-di-piero-della-francesca\/","title":{"rendered":"Ritratto dei Duchi di Urbino di Piero della Francesca"},"content":{"rendered":"ngg_shortcode_0_placeholder\n<h1>Ritratto dei Duchi di Urbino di Piero della Francesca<\/h1>\n<p><img decoding=\"async\" class=\"right\" src=\"\/img\/artworks\/piero-francesca-urbino.jpg\" alt=\"Ritratto dei Duchi di Urbino di Piero della Francesca\" \/><\/p>\n<p>Il dittico dei Duchi di Urbino \u00e8 una delle opere pi\u00f9 famose del <strong>Rinascimento italiano<\/strong>. Dipinto dal grande artista Piero della Francesca, ritrae i coniugi <strong>Federico da Montefeltro<\/strong> e <strong>Battista Sforza<\/strong>.<\/p>\n<p>Il Montefeltro, valoroso condottiero e abile stratega, nonch\u00e9 grande mecenate, fece di Urbino un raffinato e celebre centro culturale. In quell\u2019ambiente Piero della Francesca esegu\u00ec questi due capolavori tra il 1465 e il 1472.<\/p>\n<p>Il doppio ritratto di profilo si rif\u00e0 alla tradizione classica dei <strong>ritratti su medaglia<\/strong>. Questa caratteristica conferisce un\u2019aulica solennit\u00e0 ai due Duchi. I loro busti in primo piano dominano lo straordinario paesaggio che si estende in profondit\u00e0, a sottolineare la maestosit\u00e0 della corte di Urbino.<\/p>\n<p>Piero della Francesca, con il suo stile razionale, quasi metafisico, arriva alla rappresentazione del <strong>perfetto uomo rinascimentale<\/strong>, consapevole della centralit\u00e0 del suo ruolo nell\u2019universo e del predominio della sua intelligenza e della sua cultura.<\/p>\n<p>La scelta della rappresentazione di profilo, oltre a motivi puramente artistici e propagandistici, fu una scelta quasi obbligata. Il Duca era infatti rimasto sfigurato all\u2019occhio destro in una \u201cgiostra\u201d e proprio per questa ragione viene ritratta la parte sinistra del suo volto.<br \/>\nLa Duchessa Battista Sforza \u00e8 riccamente vestita e presenta una fronte esageratamente alta, come voleva la moda del tempo.<br \/>\nIl dittico \u00e8, inoltre, dipinto anche sul retro. Federico da Montefeltro e la consorte sono raffigurati su due carri antichi in compagnia delle Virt\u00f9: il Duca \u00e8 seduto con l\u2019armatura da duce ritratto mentre viene incoronato dalla Vittoria mentre lei siede su un carro trainato da due unicorni, simboli di castit\u00e0, per sottolineare il suo animo pio e gentile.<\/p>\n<p>L\u2019arte di Piero della Francesca raggiunge in questo modo l\u2019obiettivo di fermare il tempo e di rendere immortali i due Duchi e le loro personalit\u00e0.<\/p>\n<p>Il Ritratto dei Duchi di Urbino di Piero della Francesca \u00e8 conservato nella <a title=\"sala 7 del Primo Rinascimento\" href=\"\/it\/sale\/sala-8-di-filippo-lippi\/\">sala 8<\/a>.<\/p>\n","protected":false},"excerpt":{"rendered":"<p>Una delle opere pi\u00f9 famose del Rinascimento italiano, il dittico dei Duchi di Urbino \u00e8 del 1465.<\/p>\n","protected":false},"author":1,"featured_media":1003,"parent":27,"menu_order":4,"comment_status":"open","ping_status":"open","template":"","meta":{"ngg_post_thumbnail":0,"footnotes":""},"class_list":["post-267","page","type-page","status-publish","has-post-thumbnail","hentry"],"yoast_head":"<!-- This site is optimized with the Yoast SEO plugin v27.4 - https:\/\/yoast.com\/product\/yoast-seo-wordpress\/ -->\n<title>Ritratto di Duchi di Urbino di Piero della Francesca agli Uffizi<\/title>\n<meta name=\"description\" content=\"Il ritratto dei Duchi di Urbino di Piero della Francesca \u00e8 conservato alla Galleria degli Uffizi nella sala 7 del Primo Rinascimento.\" \/>\n<meta name=\"robots\" content=\"index, follow, max-snippet:-1, max-image-preview:large, max-video-preview:-1\" \/>\n<link rel=\"canonical\" href=\"https:\/\/www.visituffizi.org\/it\/opere\/ritratto-dei-duchi-di-urbino-di-piero-della-francesca\/\" \/>\n<meta property=\"og:locale\" content=\"it_IT\" \/>\n<meta property=\"og:type\" content=\"article\" \/>\n<meta property=\"og:title\" content=\"Ritratto di Duchi di Urbino di Piero della Francesca agli Uffizi\" \/>\n<meta property=\"og:description\" content=\"Il ritratto dei Duchi di Urbino di Piero della Francesca \u00e8 conservato alla Galleria degli Uffizi nella sala 7 del Primo Rinascimento.\" \/>\n<meta property=\"og:url\" content=\"https:\/\/www.visituffizi.org\/it\/opere\/ritratto-dei-duchi-di-urbino-di-piero-della-francesca\/\" \/>\n<meta property=\"og:site_name\" content=\"Visit Uffizi\" \/>\n<meta property=\"article:modified_time\" content=\"2018-08-07T09:56:55+00:00\" \/>\n<meta property=\"og:image\" content=\"https:\/\/www.visituffizi.org\/wp-content\/uploads\/2013\/02\/piero-francesca-urbino.jpg\" \/>\n\t<meta property=\"og:image:width\" content=\"447\" \/>\n\t<meta property=\"og:image:height\" content=\"285\" \/>\n\t<meta property=\"og:image:type\" content=\"image\/jpeg\" \/>\n<meta name=\"twitter:label1\" content=\"Tempo di lettura stimato\" \/>\n\t<meta name=\"twitter:data1\" content=\"2 minuti\" \/>\n<script type=\"application\/ld+json\" class=\"yoast-schema-graph\">{\"@context\":\"https:\\\/\\\/schema.org\",\"@graph\":[{\"@type\":\"WebPage\",\"@id\":\"https:\\\/\\\/www.visituffizi.org\\\/it\\\/opere\\\/ritratto-dei-duchi-di-urbino-di-piero-della-francesca\\\/\",\"url\":\"https:\\\/\\\/www.visituffizi.org\\\/it\\\/opere\\\/ritratto-dei-duchi-di-urbino-di-piero-della-francesca\\\/\",\"name\":\"Ritratto di Duchi di Urbino di Piero della Francesca agli Uffizi\",\"isPartOf\":{\"@id\":\"https:\\\/\\\/www.visituffizi.org\\\/it\\\/#website\"},\"primaryImageOfPage\":{\"@id\":\"https:\\\/\\\/www.visituffizi.org\\\/it\\\/opere\\\/ritratto-dei-duchi-di-urbino-di-piero-della-francesca\\\/#primaryimage\"},\"image\":{\"@id\":\"https:\\\/\\\/www.visituffizi.org\\\/it\\\/opere\\\/ritratto-dei-duchi-di-urbino-di-piero-della-francesca\\\/#primaryimage\"},\"thumbnailUrl\":\"https:\\\/\\\/www.visituffizi.org\\\/wp-content\\\/uploads\\\/2013\\\/02\\\/piero-francesca-urbino.jpg\",\"datePublished\":\"2011-06-22T10:13:17+00:00\",\"dateModified\":\"2018-08-07T09:56:55+00:00\",\"description\":\"Il ritratto dei Duchi di Urbino di Piero della Francesca \u00e8 conservato alla Galleria degli Uffizi nella sala 7 del Primo Rinascimento.\",\"breadcrumb\":{\"@id\":\"https:\\\/\\\/www.visituffizi.org\\\/it\\\/opere\\\/ritratto-dei-duchi-di-urbino-di-piero-della-francesca\\\/#breadcrumb\"},\"inLanguage\":\"it-IT\",\"potentialAction\":[{\"@type\":\"ReadAction\",\"target\":[\"https:\\\/\\\/www.visituffizi.org\\\/it\\\/opere\\\/ritratto-dei-duchi-di-urbino-di-piero-della-francesca\\\/\"]}]},{\"@type\":\"ImageObject\",\"inLanguage\":\"it-IT\",\"@id\":\"https:\\\/\\\/www.visituffizi.org\\\/it\\\/opere\\\/ritratto-dei-duchi-di-urbino-di-piero-della-francesca\\\/#primaryimage\",\"url\":\"https:\\\/\\\/www.visituffizi.org\\\/wp-content\\\/uploads\\\/2013\\\/02\\\/piero-francesca-urbino.jpg\",\"contentUrl\":\"https:\\\/\\\/www.visituffizi.org\\\/wp-content\\\/uploads\\\/2013\\\/02\\\/piero-francesca-urbino.jpg\",\"width\":447,\"height\":285,\"caption\":\"I Duchi di Urbino di Piero della Francesca\"},{\"@type\":\"BreadcrumbList\",\"@id\":\"https:\\\/\\\/www.visituffizi.org\\\/it\\\/opere\\\/ritratto-dei-duchi-di-urbino-di-piero-della-francesca\\\/#breadcrumb\",\"itemListElement\":[{\"@type\":\"ListItem\",\"position\":1,\"name\":\"Home\",\"item\":\"https:\\\/\\\/www.visituffizi.org\\\/it\\\/\"},{\"@type\":\"ListItem\",\"position\":2,\"name\":\"Le opere\",\"item\":\"https:\\\/\\\/www.visituffizi.org\\\/it\\\/opere\\\/\"},{\"@type\":\"ListItem\",\"position\":3,\"name\":\"Ritratto dei Duchi di Urbino di Piero della Francesca\"}]},{\"@type\":\"WebSite\",\"@id\":\"https:\\\/\\\/www.visituffizi.org\\\/it\\\/#website\",\"url\":\"https:\\\/\\\/www.visituffizi.org\\\/it\\\/\",\"name\":\"Visit Uffizi\",\"description\":\"Guide to Uffizi Museum in Florence\",\"potentialAction\":[{\"@type\":\"SearchAction\",\"target\":{\"@type\":\"EntryPoint\",\"urlTemplate\":\"https:\\\/\\\/www.visituffizi.org\\\/it\\\/?s={search_term_string}\"},\"query-input\":{\"@type\":\"PropertyValueSpecification\",\"valueRequired\":true,\"valueName\":\"search_term_string\"}}],\"inLanguage\":\"it-IT\"}]}<\/script>\n<!-- \/ Yoast SEO plugin. -->","yoast_head_json":{"title":"Ritratto di Duchi di Urbino di Piero della Francesca agli Uffizi","description":"Il ritratto dei Duchi di Urbino di Piero della Francesca \u00e8 conservato alla Galleria degli Uffizi nella sala 7 del Primo Rinascimento.","robots":{"index":"index","follow":"follow","max-snippet":"max-snippet:-1","max-image-preview":"max-image-preview:large","max-video-preview":"max-video-preview:-1"},"canonical":"https:\/\/www.visituffizi.org\/it\/opere\/ritratto-dei-duchi-di-urbino-di-piero-della-francesca\/","og_locale":"it_IT","og_type":"article","og_title":"Ritratto di Duchi di Urbino di Piero della Francesca agli Uffizi","og_description":"Il ritratto dei Duchi di Urbino di Piero della Francesca \u00e8 conservato alla Galleria degli Uffizi nella sala 7 del Primo Rinascimento.","og_url":"https:\/\/www.visituffizi.org\/it\/opere\/ritratto-dei-duchi-di-urbino-di-piero-della-francesca\/","og_site_name":"Visit Uffizi","article_modified_time":"2018-08-07T09:56:55+00:00","og_image":[{"width":447,"height":285,"url":"https:\/\/www.visituffizi.org\/wp-content\/uploads\/2013\/02\/piero-francesca-urbino.jpg","type":"image\/jpeg"}],"twitter_misc":{"Tempo di lettura stimato":"2 minuti"},"schema":{"@context":"https:\/\/schema.org","@graph":[{"@type":"WebPage","@id":"https:\/\/www.visituffizi.org\/it\/opere\/ritratto-dei-duchi-di-urbino-di-piero-della-francesca\/","url":"https:\/\/www.visituffizi.org\/it\/opere\/ritratto-dei-duchi-di-urbino-di-piero-della-francesca\/","name":"Ritratto di Duchi di Urbino di Piero della Francesca agli Uffizi","isPartOf":{"@id":"https:\/\/www.visituffizi.org\/it\/#website"},"primaryImageOfPage":{"@id":"https:\/\/www.visituffizi.org\/it\/opere\/ritratto-dei-duchi-di-urbino-di-piero-della-francesca\/#primaryimage"},"image":{"@id":"https:\/\/www.visituffizi.org\/it\/opere\/ritratto-dei-duchi-di-urbino-di-piero-della-francesca\/#primaryimage"},"thumbnailUrl":"https:\/\/www.visituffizi.org\/wp-content\/uploads\/2013\/02\/piero-francesca-urbino.jpg","datePublished":"2011-06-22T10:13:17+00:00","dateModified":"2018-08-07T09:56:55+00:00","description":"Il ritratto dei Duchi di Urbino di Piero della Francesca \u00e8 conservato alla Galleria degli Uffizi nella sala 7 del Primo Rinascimento.","breadcrumb":{"@id":"https:\/\/www.visituffizi.org\/it\/opere\/ritratto-dei-duchi-di-urbino-di-piero-della-francesca\/#breadcrumb"},"inLanguage":"it-IT","potentialAction":[{"@type":"ReadAction","target":["https:\/\/www.visituffizi.org\/it\/opere\/ritratto-dei-duchi-di-urbino-di-piero-della-francesca\/"]}]},{"@type":"ImageObject","inLanguage":"it-IT","@id":"https:\/\/www.visituffizi.org\/it\/opere\/ritratto-dei-duchi-di-urbino-di-piero-della-francesca\/#primaryimage","url":"https:\/\/www.visituffizi.org\/wp-content\/uploads\/2013\/02\/piero-francesca-urbino.jpg","contentUrl":"https:\/\/www.visituffizi.org\/wp-content\/uploads\/2013\/02\/piero-francesca-urbino.jpg","width":447,"height":285,"caption":"I Duchi di Urbino di Piero della Francesca"},{"@type":"BreadcrumbList","@id":"https:\/\/www.visituffizi.org\/it\/opere\/ritratto-dei-duchi-di-urbino-di-piero-della-francesca\/#breadcrumb","itemListElement":[{"@type":"ListItem","position":1,"name":"Home","item":"https:\/\/www.visituffizi.org\/it\/"},{"@type":"ListItem","position":2,"name":"Le opere","item":"https:\/\/www.visituffizi.org\/it\/opere\/"},{"@type":"ListItem","position":3,"name":"Ritratto dei Duchi di Urbino di Piero della Francesca"}]},{"@type":"WebSite","@id":"https:\/\/www.visituffizi.org\/it\/#website","url":"https:\/\/www.visituffizi.org\/it\/","name":"Visit Uffizi","description":"Guide to Uffizi Museum in Florence","potentialAction":[{"@type":"SearchAction","target":{"@type":"EntryPoint","urlTemplate":"https:\/\/www.visituffizi.org\/it\/?s={search_term_string}"},"query-input":{"@type":"PropertyValueSpecification","valueRequired":true,"valueName":"search_term_string"}}],"inLanguage":"it-IT"}]}},"_links":{"self":[{"href":"https:\/\/www.visituffizi.org\/it\/wp-json\/wp\/v2\/pages\/267","targetHints":{"allow":["GET"]}}],"collection":[{"href":"https:\/\/www.visituffizi.org\/it\/wp-json\/wp\/v2\/pages"}],"about":[{"href":"https:\/\/www.visituffizi.org\/it\/wp-json\/wp\/v2\/types\/page"}],"author":[{"embeddable":true,"href":"https:\/\/www.visituffizi.org\/it\/wp-json\/wp\/v2\/users\/1"}],"replies":[{"embeddable":true,"href":"https:\/\/www.visituffizi.org\/it\/wp-json\/wp\/v2\/comments?post=267"}],"version-history":[{"count":0,"href":"https:\/\/www.visituffizi.org\/it\/wp-json\/wp\/v2\/pages\/267\/revisions"}],"up":[{"embeddable":true,"href":"https:\/\/www.visituffizi.org\/it\/wp-json\/wp\/v2\/pages\/27"}],"wp:featuredmedia":[{"embeddable":true,"href":"https:\/\/www.visituffizi.org\/it\/wp-json\/wp\/v2\/media\/1003"}],"wp:attachment":[{"href":"https:\/\/www.visituffizi.org\/it\/wp-json\/wp\/v2\/media?parent=267"}],"curies":[{"name":"wp","href":"https:\/\/api.w.org\/{rel}","templated":true}]}}