{"id":283,"date":"2011-06-21T16:10:21","date_gmt":"2011-06-21T16:10:21","guid":{"rendered":"http:\/\/www.netpromotion.org\/?page_id=283"},"modified":"2013-03-11T16:32:21","modified_gmt":"2013-03-11T16:32:21","slug":"madonna-con-cardellino-di-raffaello","status":"publish","type":"page","link":"https:\/\/www.visituffizi.org\/it\/opere\/madonna-con-cardellino-di-raffaello\/","title":{"rendered":"Madonna del Cardellino di Raffaello"},"content":{"rendered":"ngg_shortcode_0_placeholder\n<h1>Madonna del Cardellino di Raffaello<\/h1>\n<p><img decoding=\"async\" class=\"right\" alt=\"The Madonna of the Goldfinch by Raphael\" src=\"https:\/\/www.visituffizi.org\/img\/artworks\/raphael-madonna-goldfinch.jpg\" \/><\/p>\n<p>Raffaello nasce ad Urbino nel 1483. Avr\u00e0 una vita felice e sar\u00e0 amato da tutti: dai potenti, dai papi e dalle donne. Famosa sar\u00e0 la sua bellezza ed eleganza, come bella ed elegante fu la sua arte.<\/p>\n<p>Morir\u00e0 purtroppo giovane, a soli trentasette anni, ma rester\u00e0 alla storia come il \u201cdivino\u201d Raffaello.<\/p>\n<p>Il giovane pittore si avvicina all\u2019ambiente fiorentino tramite il suo maestro Perugino, a quel tempo capo di una fortunata bottega. Sar\u00e0, poi, la famiglia dei Duchi di Urbino a scrivere alla Repubblica di Firenze per invitare l\u2019artista a soggiornare nella citt\u00e0 Toscana.<\/p>\n<p>A Firenze, Raffaello assorbe quello che era ai tempi l\u2019ambiente artistico pi\u00f9 all\u2019avanguardia d\u2019Europa e sar\u00e0 fortemente influenzato soprattutto dalla figura di Leonardo.<\/p>\n<p>L\u2019influenza del grande Leonardo, \u00e8 evidente nella stupenda <em>Madonna del cardellino<\/em> (1506), opera <strong>recentemente restaurata<\/strong> (2008) in maniera sapiente. Raffaello riprende l\u2019impostazione piramidale delle figure, gli effetti di luce morbida e il dialogo affettivo tra i personaggi che erano tutti elementi tipici della pittura di Leonardo. Nonostante ci\u00f2 sono evidenti allo stesso tempo quelle che saranno le caratteristiche proprie del grande artista di Urbino: l\u2019estrema <strong>dolcezza dei visi<\/strong>, soprattutto delle Madonne, l\u2019uso magistrale del <strong>colore<\/strong>, la resa naturalistica del paesaggio e la profonda intimit\u00e0 tra le figure.<\/p>\n<p>Durante il suo soggiorno fiorentino, Raffaello dipinger\u00e0 altre celebri opere, ma \u00e8 la Madonna del cardellino a rappresentare pi\u00f9 di tutte l\u2019estetica del grande artista.<\/p>\n<p>L\u2019opera venne gravemente danneggiata alla fine del Cinquecento a causa del crollo del palazzo in cui era conservata. Sub\u00ec dei gravissimi danni: presentava dei profondi squarci che l\u2019avevano fortemente deturpata.<\/p>\n<p>Alcuni restauri si succedettero nel corso dei secoli ma \u00e8 stato solamente l\u2019ultimo (compiutosi nel 2008) ad aver restituito l\u2019opera al suo originale splendore.<\/p>\n<p>La Madonna del Cardellino \u00e8 tornata quindi ad essere amata ed ammirata quale uno dei pi\u00f9 dolci esempi della pittura del \u201cdivino\u201d Raffaello.<\/p>\n<p><strong>La Madonna del Cardellino<\/strong> di Raffaello \u00e8 conservata nella nuova <a title=\"sala 26 di Raffaello e Andrea del Sarto\" href=\"\/it\/museo\/sale\/sala-26-raffaello-e-andrea-del-sarto\/\">sala rosa 66 dedicata a Raffaello<\/a>.<\/p>\n<p><img decoding=\"async\" class=\"alignnone\" title=\"mappa delle nuove sale rosse agli Uffizi\" alt=\"\" src=\"https:\/\/www.visituffizi.org\/wp-content\/uploads\/2012\/06\/map-new-red-rooms.jpg\" \/><\/p>\n","protected":false},"excerpt":{"rendered":"<p>Recentemente restaurato, i colori vivaci, eleganza e bellezza dell&#8217;opera lascia senza fiato.<\/p>\n","protected":false},"author":1,"featured_media":1004,"parent":27,"menu_order":12,"comment_status":"open","ping_status":"open","template":"","meta":{"ngg_post_thumbnail":0,"footnotes":""},"class_list":["post-283","page","type-page","status-publish","has-post-thumbnail","hentry"],"yoast_head":"<!-- This site is optimized with the Yoast SEO plugin v27.4 - https:\/\/yoast.com\/product\/yoast-seo-wordpress\/ -->\n<title>Madonna del Cardellino di Raffaello al Museo degli Uffizi di Firenze<\/title>\n<meta name=\"description\" content=\"La Madonna del Cardellino di Raffaello, restaurata di recente, \u00e8 stata collocata nelle nuove sale rosse della Galleria degli Uffizi.\" \/>\n<meta name=\"robots\" content=\"index, follow, max-snippet:-1, max-image-preview:large, max-video-preview:-1\" \/>\n<link rel=\"canonical\" href=\"https:\/\/www.visituffizi.org\/it\/opere\/madonna-con-cardellino-di-raffaello\/\" \/>\n<meta property=\"og:locale\" content=\"it_IT\" \/>\n<meta property=\"og:type\" content=\"article\" \/>\n<meta property=\"og:title\" content=\"Madonna del Cardellino di Raffaello al Museo degli Uffizi di Firenze\" \/>\n<meta property=\"og:description\" content=\"La Madonna del Cardellino di Raffaello, restaurata di recente, \u00e8 stata collocata nelle nuove sale rosse della Galleria degli Uffizi.\" \/>\n<meta property=\"og:url\" content=\"https:\/\/www.visituffizi.org\/it\/opere\/madonna-con-cardellino-di-raffaello\/\" \/>\n<meta property=\"og:site_name\" content=\"Visit Uffizi\" \/>\n<meta property=\"article:modified_time\" content=\"2013-03-11T16:32:21+00:00\" \/>\n<meta property=\"og:image\" content=\"https:\/\/www.visituffizi.org\/wp-content\/uploads\/2013\/02\/raphael-madonna-goldfinch.jpg\" \/>\n\t<meta property=\"og:image:width\" content=\"400\" \/>\n\t<meta property=\"og:image:height\" content=\"558\" \/>\n\t<meta property=\"og:image:type\" content=\"image\/jpeg\" \/>\n<meta name=\"twitter:label1\" content=\"Tempo di lettura stimato\" \/>\n\t<meta name=\"twitter:data1\" content=\"2 minuti\" \/>\n<script type=\"application\/ld+json\" class=\"yoast-schema-graph\">{\"@context\":\"https:\\\/\\\/schema.org\",\"@graph\":[{\"@type\":\"WebPage\",\"@id\":\"https:\\\/\\\/www.visituffizi.org\\\/it\\\/opere\\\/madonna-con-cardellino-di-raffaello\\\/\",\"url\":\"https:\\\/\\\/www.visituffizi.org\\\/it\\\/opere\\\/madonna-con-cardellino-di-raffaello\\\/\",\"name\":\"Madonna del Cardellino di Raffaello al Museo degli Uffizi di Firenze\",\"isPartOf\":{\"@id\":\"https:\\\/\\\/www.visituffizi.org\\\/it\\\/#website\"},\"primaryImageOfPage\":{\"@id\":\"https:\\\/\\\/www.visituffizi.org\\\/it\\\/opere\\\/madonna-con-cardellino-di-raffaello\\\/#primaryimage\"},\"image\":{\"@id\":\"https:\\\/\\\/www.visituffizi.org\\\/it\\\/opere\\\/madonna-con-cardellino-di-raffaello\\\/#primaryimage\"},\"thumbnailUrl\":\"https:\\\/\\\/www.visituffizi.org\\\/wp-content\\\/uploads\\\/2013\\\/02\\\/raphael-madonna-goldfinch.jpg\",\"datePublished\":\"2011-06-21T16:10:21+00:00\",\"dateModified\":\"2013-03-11T16:32:21+00:00\",\"description\":\"La Madonna del Cardellino di Raffaello, restaurata di recente, \u00e8 stata collocata nelle nuove sale rosse della Galleria degli Uffizi.\",\"breadcrumb\":{\"@id\":\"https:\\\/\\\/www.visituffizi.org\\\/it\\\/opere\\\/madonna-con-cardellino-di-raffaello\\\/#breadcrumb\"},\"inLanguage\":\"it-IT\",\"potentialAction\":[{\"@type\":\"ReadAction\",\"target\":[\"https:\\\/\\\/www.visituffizi.org\\\/it\\\/opere\\\/madonna-con-cardellino-di-raffaello\\\/\"]}]},{\"@type\":\"ImageObject\",\"inLanguage\":\"it-IT\",\"@id\":\"https:\\\/\\\/www.visituffizi.org\\\/it\\\/opere\\\/madonna-con-cardellino-di-raffaello\\\/#primaryimage\",\"url\":\"https:\\\/\\\/www.visituffizi.org\\\/wp-content\\\/uploads\\\/2013\\\/02\\\/raphael-madonna-goldfinch.jpg\",\"contentUrl\":\"https:\\\/\\\/www.visituffizi.org\\\/wp-content\\\/uploads\\\/2013\\\/02\\\/raphael-madonna-goldfinch.jpg\",\"width\":400,\"height\":558,\"caption\":\"Madonna del Cardellino - Raffaello\"},{\"@type\":\"BreadcrumbList\",\"@id\":\"https:\\\/\\\/www.visituffizi.org\\\/it\\\/opere\\\/madonna-con-cardellino-di-raffaello\\\/#breadcrumb\",\"itemListElement\":[{\"@type\":\"ListItem\",\"position\":1,\"name\":\"Home\",\"item\":\"https:\\\/\\\/www.visituffizi.org\\\/it\\\/\"},{\"@type\":\"ListItem\",\"position\":2,\"name\":\"Le opere\",\"item\":\"https:\\\/\\\/www.visituffizi.org\\\/it\\\/opere\\\/\"},{\"@type\":\"ListItem\",\"position\":3,\"name\":\"Madonna del Cardellino di Raffaello\"}]},{\"@type\":\"WebSite\",\"@id\":\"https:\\\/\\\/www.visituffizi.org\\\/it\\\/#website\",\"url\":\"https:\\\/\\\/www.visituffizi.org\\\/it\\\/\",\"name\":\"Visit Uffizi\",\"description\":\"Guide to Uffizi Museum in Florence\",\"potentialAction\":[{\"@type\":\"SearchAction\",\"target\":{\"@type\":\"EntryPoint\",\"urlTemplate\":\"https:\\\/\\\/www.visituffizi.org\\\/it\\\/?s={search_term_string}\"},\"query-input\":{\"@type\":\"PropertyValueSpecification\",\"valueRequired\":true,\"valueName\":\"search_term_string\"}}],\"inLanguage\":\"it-IT\"}]}<\/script>\n<!-- \/ Yoast SEO plugin. -->","yoast_head_json":{"title":"Madonna del Cardellino di Raffaello al Museo degli Uffizi di Firenze","description":"La Madonna del Cardellino di Raffaello, restaurata di recente, \u00e8 stata collocata nelle nuove sale rosse della Galleria degli Uffizi.","robots":{"index":"index","follow":"follow","max-snippet":"max-snippet:-1","max-image-preview":"max-image-preview:large","max-video-preview":"max-video-preview:-1"},"canonical":"https:\/\/www.visituffizi.org\/it\/opere\/madonna-con-cardellino-di-raffaello\/","og_locale":"it_IT","og_type":"article","og_title":"Madonna del Cardellino di Raffaello al Museo degli Uffizi di Firenze","og_description":"La Madonna del Cardellino di Raffaello, restaurata di recente, \u00e8 stata collocata nelle nuove sale rosse della Galleria degli Uffizi.","og_url":"https:\/\/www.visituffizi.org\/it\/opere\/madonna-con-cardellino-di-raffaello\/","og_site_name":"Visit Uffizi","article_modified_time":"2013-03-11T16:32:21+00:00","og_image":[{"width":400,"height":558,"url":"https:\/\/www.visituffizi.org\/wp-content\/uploads\/2013\/02\/raphael-madonna-goldfinch.jpg","type":"image\/jpeg"}],"twitter_misc":{"Tempo di lettura stimato":"2 minuti"},"schema":{"@context":"https:\/\/schema.org","@graph":[{"@type":"WebPage","@id":"https:\/\/www.visituffizi.org\/it\/opere\/madonna-con-cardellino-di-raffaello\/","url":"https:\/\/www.visituffizi.org\/it\/opere\/madonna-con-cardellino-di-raffaello\/","name":"Madonna del Cardellino di Raffaello al Museo degli Uffizi di Firenze","isPartOf":{"@id":"https:\/\/www.visituffizi.org\/it\/#website"},"primaryImageOfPage":{"@id":"https:\/\/www.visituffizi.org\/it\/opere\/madonna-con-cardellino-di-raffaello\/#primaryimage"},"image":{"@id":"https:\/\/www.visituffizi.org\/it\/opere\/madonna-con-cardellino-di-raffaello\/#primaryimage"},"thumbnailUrl":"https:\/\/www.visituffizi.org\/wp-content\/uploads\/2013\/02\/raphael-madonna-goldfinch.jpg","datePublished":"2011-06-21T16:10:21+00:00","dateModified":"2013-03-11T16:32:21+00:00","description":"La Madonna del Cardellino di Raffaello, restaurata di recente, \u00e8 stata collocata nelle nuove sale rosse della Galleria degli Uffizi.","breadcrumb":{"@id":"https:\/\/www.visituffizi.org\/it\/opere\/madonna-con-cardellino-di-raffaello\/#breadcrumb"},"inLanguage":"it-IT","potentialAction":[{"@type":"ReadAction","target":["https:\/\/www.visituffizi.org\/it\/opere\/madonna-con-cardellino-di-raffaello\/"]}]},{"@type":"ImageObject","inLanguage":"it-IT","@id":"https:\/\/www.visituffizi.org\/it\/opere\/madonna-con-cardellino-di-raffaello\/#primaryimage","url":"https:\/\/www.visituffizi.org\/wp-content\/uploads\/2013\/02\/raphael-madonna-goldfinch.jpg","contentUrl":"https:\/\/www.visituffizi.org\/wp-content\/uploads\/2013\/02\/raphael-madonna-goldfinch.jpg","width":400,"height":558,"caption":"Madonna del Cardellino - Raffaello"},{"@type":"BreadcrumbList","@id":"https:\/\/www.visituffizi.org\/it\/opere\/madonna-con-cardellino-di-raffaello\/#breadcrumb","itemListElement":[{"@type":"ListItem","position":1,"name":"Home","item":"https:\/\/www.visituffizi.org\/it\/"},{"@type":"ListItem","position":2,"name":"Le opere","item":"https:\/\/www.visituffizi.org\/it\/opere\/"},{"@type":"ListItem","position":3,"name":"Madonna del Cardellino di Raffaello"}]},{"@type":"WebSite","@id":"https:\/\/www.visituffizi.org\/it\/#website","url":"https:\/\/www.visituffizi.org\/it\/","name":"Visit Uffizi","description":"Guide to Uffizi Museum in Florence","potentialAction":[{"@type":"SearchAction","target":{"@type":"EntryPoint","urlTemplate":"https:\/\/www.visituffizi.org\/it\/?s={search_term_string}"},"query-input":{"@type":"PropertyValueSpecification","valueRequired":true,"valueName":"search_term_string"}}],"inLanguage":"it-IT"}]}},"_links":{"self":[{"href":"https:\/\/www.visituffizi.org\/it\/wp-json\/wp\/v2\/pages\/283","targetHints":{"allow":["GET"]}}],"collection":[{"href":"https:\/\/www.visituffizi.org\/it\/wp-json\/wp\/v2\/pages"}],"about":[{"href":"https:\/\/www.visituffizi.org\/it\/wp-json\/wp\/v2\/types\/page"}],"author":[{"embeddable":true,"href":"https:\/\/www.visituffizi.org\/it\/wp-json\/wp\/v2\/users\/1"}],"replies":[{"embeddable":true,"href":"https:\/\/www.visituffizi.org\/it\/wp-json\/wp\/v2\/comments?post=283"}],"version-history":[{"count":0,"href":"https:\/\/www.visituffizi.org\/it\/wp-json\/wp\/v2\/pages\/283\/revisions"}],"up":[{"embeddable":true,"href":"https:\/\/www.visituffizi.org\/it\/wp-json\/wp\/v2\/pages\/27"}],"wp:featuredmedia":[{"embeddable":true,"href":"https:\/\/www.visituffizi.org\/it\/wp-json\/wp\/v2\/media\/1004"}],"wp:attachment":[{"href":"https:\/\/www.visituffizi.org\/it\/wp-json\/wp\/v2\/media?parent=283"}],"curies":[{"name":"wp","href":"https:\/\/api.w.org\/{rel}","templated":true}]}}