{"id":287,"date":"2011-06-21T16:30:38","date_gmt":"2011-06-21T16:30:38","guid":{"rendered":"http:\/\/www.netpromotion.org\/?page_id=287"},"modified":"2015-02-10T18:31:34","modified_gmt":"2015-02-10T18:31:34","slug":"venere-di-urbino-di-tiziano","status":"publish","type":"page","link":"https:\/\/www.visituffizi.org\/it\/opere\/venere-di-urbino-di-tiziano\/","title":{"rendered":"Venere di Urbino di Tiziano"},"content":{"rendered":"ngg_shortcode_0_placeholder\n<h1>Venere di Urbino di Tiziano<\/h1>\n<p><img decoding=\"async\" src=\"https:\/\/www.visituffizi.org\/img\/artworks\/tiziano-venere-urbino.jpg\" alt=\"La Venere di Urbino di Tiziano\" \/><\/p>\n<p>Quest\u2019opera, completata nel 1538 per il Duca di Urbino Guidobaldo II Della Rovere, \u00e8 molto interessante e intrigante per i suoi <strong>significati nascosti<\/strong>.<\/p>\n<p>Il quadro rappresenta un\u2019<strong>allegoria del matrimonio<\/strong> e doveva servire come modello \u201cdidattico\u201d per Giulia Varano, la giovane moglie del duca: l\u2019erotismo evidente del dipinto, infatti, doveva ricordare alla donna i doveri matrimoniali nei confronti dello sposo. L\u2019allegoria erotica \u00e8 ancora pi\u00f9 chiara nella rappresentazione di Venere, dea dell\u2019amore, come una donna terrena e carnale che fissa in modo allusivo lo spettatore noncurante della sua avvenenza.<\/p>\n<p>Il colore chiaro e caldo del corpo della Venere, in contrasto con lo sfondo e con i cuscini scuri, risalta ulteriormente il proprio erotismo. Il <strong>cagnolino<\/strong> ai piedi della donna \u00e8 simbolo di <strong>fedelt\u00e0 coniugale<\/strong> mentre alle spalle, la domestica che guarda la bambina mentre rovista in un cassettone \u00e8 un augurio di <strong>maternit\u00e0<\/strong>.<\/p>\n<p><img decoding=\"async\" class=\"aligncenter size-large wp-image-1668\" src=\"https:\/\/www.visituffizi.org\/wp-content\/uploads\/2011\/06\/closeup-venus-urbino-600x291.jpg\" alt=\"closeup-venus-urbino\" width=\"558\" height=\"271\" srcset=\"https:\/\/www.visituffizi.org\/wp-content\/uploads\/2011\/06\/closeup-venus-urbino-600x291.jpg 600w, https:\/\/www.visituffizi.org\/wp-content\/uploads\/2011\/06\/closeup-venus-urbino-300x146.jpg 300w, https:\/\/www.visituffizi.org\/wp-content\/uploads\/2011\/06\/closeup-venus-urbino-100x49.jpg 100w, https:\/\/www.visituffizi.org\/wp-content\/uploads\/2011\/06\/closeup-venus-urbino-280x136.jpg 280w, https:\/\/www.visituffizi.org\/wp-content\/uploads\/2011\/06\/closeup-venus-urbino.jpg 1200w\" sizes=\"(max-width: 558px) 100vw, 558px\" \/><\/p>\n<p>La forte carica sensuale dell\u2019opera era quindi coerente con l\u2019uso domestico per cui fu commissionata.<\/p>\n<p>La posa della figura nuda \u00e8 sicuramente un omaggio all\u2019amico-maestro Giorgione, che nel 1510 aveva dipinto un quadro molto <em>simile, la Venere dormiente<\/em>.<\/p>\n<p>In quest\u2019opera Tiziano grazie all\u2019uso sapiente del colore e dei suoi contrasti, come anche del sottile gioco di significati e allusioni, arriva alla <strong>perfetta rappresentazione della donna rinascimentale<\/strong> che, come Venere, diventa simbolo di amore, bellezza e fertilit\u00e0.<\/p>\n<p><em>La Venere di Urbino<\/em> di <strong>Tiziano<\/strong> \u00e8 conservata nella <a title=\"Sala 83 \u2013 Tiziano\" href=\"https:\/\/www.visituffizi.org\/it\/sale\/sala-83\/\">sala 83 di Tiziano<\/a>.<\/p>\n","protected":false},"excerpt":{"rendered":"<p>Questa Venere \u00e8 un&#8217;allegoria del matrimonio: erotismo, fedelt\u00e0 e maternit\u00e0.<\/p>\n","protected":false},"author":1,"featured_media":1005,"parent":27,"menu_order":13,"comment_status":"open","ping_status":"open","template":"","meta":{"ngg_post_thumbnail":0,"footnotes":""},"class_list":["post-287","page","type-page","status-publish","has-post-thumbnail","hentry"],"yoast_head":"<!-- This site is optimized with the Yoast SEO plugin v27.4 - https:\/\/yoast.com\/product\/yoast-seo-wordpress\/ -->\n<title>Venere di Urbino di Tiziano alla Galleria degli Uffizi Firenze<\/title>\n<meta name=\"description\" content=\"La Venere di Urbino di Tiziano si trova alla Galleria degli Uffizi nella sala 28 dedicata a Tiziano e Sebastiano del PIombo.\" \/>\n<meta name=\"robots\" content=\"index, follow, max-snippet:-1, max-image-preview:large, max-video-preview:-1\" \/>\n<link rel=\"canonical\" href=\"https:\/\/www.visituffizi.org\/it\/opere\/venere-di-urbino-di-tiziano\/\" \/>\n<meta property=\"og:locale\" content=\"it_IT\" \/>\n<meta property=\"og:type\" content=\"article\" \/>\n<meta property=\"og:title\" content=\"Venere di Urbino di Tiziano alla Galleria degli Uffizi Firenze\" \/>\n<meta property=\"og:description\" content=\"La Venere di Urbino di Tiziano si trova alla Galleria degli Uffizi nella sala 28 dedicata a Tiziano e Sebastiano del PIombo.\" \/>\n<meta property=\"og:url\" content=\"https:\/\/www.visituffizi.org\/it\/opere\/venere-di-urbino-di-tiziano\/\" \/>\n<meta property=\"og:site_name\" content=\"Visit Uffizi\" \/>\n<meta property=\"article:modified_time\" content=\"2015-02-10T18:31:34+00:00\" \/>\n<meta property=\"og:image\" content=\"https:\/\/www.visituffizi.org\/wp-content\/uploads\/2013\/02\/tiziano-venere-urbino.jpg\" \/>\n\t<meta property=\"og:image:width\" content=\"600\" \/>\n\t<meta property=\"og:image:height\" content=\"428\" \/>\n\t<meta property=\"og:image:type\" content=\"image\/jpeg\" \/>\n<meta name=\"twitter:label1\" content=\"Tempo di lettura stimato\" \/>\n\t<meta name=\"twitter:data1\" content=\"1 minuto\" \/>\n<script type=\"application\/ld+json\" class=\"yoast-schema-graph\">{\"@context\":\"https:\\\/\\\/schema.org\",\"@graph\":[{\"@type\":\"WebPage\",\"@id\":\"https:\\\/\\\/www.visituffizi.org\\\/it\\\/opere\\\/venere-di-urbino-di-tiziano\\\/\",\"url\":\"https:\\\/\\\/www.visituffizi.org\\\/it\\\/opere\\\/venere-di-urbino-di-tiziano\\\/\",\"name\":\"Venere di Urbino di Tiziano alla Galleria degli Uffizi Firenze\",\"isPartOf\":{\"@id\":\"https:\\\/\\\/www.visituffizi.org\\\/it\\\/#website\"},\"primaryImageOfPage\":{\"@id\":\"https:\\\/\\\/www.visituffizi.org\\\/it\\\/opere\\\/venere-di-urbino-di-tiziano\\\/#primaryimage\"},\"image\":{\"@id\":\"https:\\\/\\\/www.visituffizi.org\\\/it\\\/opere\\\/venere-di-urbino-di-tiziano\\\/#primaryimage\"},\"thumbnailUrl\":\"https:\\\/\\\/www.visituffizi.org\\\/wp-content\\\/uploads\\\/2013\\\/02\\\/tiziano-venere-urbino.jpg\",\"datePublished\":\"2011-06-21T16:30:38+00:00\",\"dateModified\":\"2015-02-10T18:31:34+00:00\",\"description\":\"La Venere di Urbino di Tiziano si trova alla Galleria degli Uffizi nella sala 28 dedicata a Tiziano e Sebastiano del PIombo.\",\"breadcrumb\":{\"@id\":\"https:\\\/\\\/www.visituffizi.org\\\/it\\\/opere\\\/venere-di-urbino-di-tiziano\\\/#breadcrumb\"},\"inLanguage\":\"it-IT\",\"potentialAction\":[{\"@type\":\"ReadAction\",\"target\":[\"https:\\\/\\\/www.visituffizi.org\\\/it\\\/opere\\\/venere-di-urbino-di-tiziano\\\/\"]}]},{\"@type\":\"ImageObject\",\"inLanguage\":\"it-IT\",\"@id\":\"https:\\\/\\\/www.visituffizi.org\\\/it\\\/opere\\\/venere-di-urbino-di-tiziano\\\/#primaryimage\",\"url\":\"https:\\\/\\\/www.visituffizi.org\\\/wp-content\\\/uploads\\\/2013\\\/02\\\/tiziano-venere-urbino.jpg\",\"contentUrl\":\"https:\\\/\\\/www.visituffizi.org\\\/wp-content\\\/uploads\\\/2013\\\/02\\\/tiziano-venere-urbino.jpg\",\"width\":600,\"height\":428,\"caption\":\"Venere di Urbino - Tiziano\"},{\"@type\":\"BreadcrumbList\",\"@id\":\"https:\\\/\\\/www.visituffizi.org\\\/it\\\/opere\\\/venere-di-urbino-di-tiziano\\\/#breadcrumb\",\"itemListElement\":[{\"@type\":\"ListItem\",\"position\":1,\"name\":\"Home\",\"item\":\"https:\\\/\\\/www.visituffizi.org\\\/it\\\/\"},{\"@type\":\"ListItem\",\"position\":2,\"name\":\"Le opere\",\"item\":\"https:\\\/\\\/www.visituffizi.org\\\/it\\\/opere\\\/\"},{\"@type\":\"ListItem\",\"position\":3,\"name\":\"Venere di Urbino di Tiziano\"}]},{\"@type\":\"WebSite\",\"@id\":\"https:\\\/\\\/www.visituffizi.org\\\/it\\\/#website\",\"url\":\"https:\\\/\\\/www.visituffizi.org\\\/it\\\/\",\"name\":\"Visit Uffizi\",\"description\":\"Guide to Uffizi Museum in Florence\",\"potentialAction\":[{\"@type\":\"SearchAction\",\"target\":{\"@type\":\"EntryPoint\",\"urlTemplate\":\"https:\\\/\\\/www.visituffizi.org\\\/it\\\/?s={search_term_string}\"},\"query-input\":{\"@type\":\"PropertyValueSpecification\",\"valueRequired\":true,\"valueName\":\"search_term_string\"}}],\"inLanguage\":\"it-IT\"}]}<\/script>\n<!-- \/ Yoast SEO plugin. -->","yoast_head_json":{"title":"Venere di Urbino di Tiziano alla Galleria degli Uffizi Firenze","description":"La Venere di Urbino di Tiziano si trova alla Galleria degli Uffizi nella sala 28 dedicata a Tiziano e Sebastiano del PIombo.","robots":{"index":"index","follow":"follow","max-snippet":"max-snippet:-1","max-image-preview":"max-image-preview:large","max-video-preview":"max-video-preview:-1"},"canonical":"https:\/\/www.visituffizi.org\/it\/opere\/venere-di-urbino-di-tiziano\/","og_locale":"it_IT","og_type":"article","og_title":"Venere di Urbino di Tiziano alla Galleria degli Uffizi Firenze","og_description":"La Venere di Urbino di Tiziano si trova alla Galleria degli Uffizi nella sala 28 dedicata a Tiziano e Sebastiano del PIombo.","og_url":"https:\/\/www.visituffizi.org\/it\/opere\/venere-di-urbino-di-tiziano\/","og_site_name":"Visit Uffizi","article_modified_time":"2015-02-10T18:31:34+00:00","og_image":[{"width":600,"height":428,"url":"https:\/\/www.visituffizi.org\/wp-content\/uploads\/2013\/02\/tiziano-venere-urbino.jpg","type":"image\/jpeg"}],"twitter_misc":{"Tempo di lettura stimato":"1 minuto"},"schema":{"@context":"https:\/\/schema.org","@graph":[{"@type":"WebPage","@id":"https:\/\/www.visituffizi.org\/it\/opere\/venere-di-urbino-di-tiziano\/","url":"https:\/\/www.visituffizi.org\/it\/opere\/venere-di-urbino-di-tiziano\/","name":"Venere di Urbino di Tiziano alla Galleria degli Uffizi Firenze","isPartOf":{"@id":"https:\/\/www.visituffizi.org\/it\/#website"},"primaryImageOfPage":{"@id":"https:\/\/www.visituffizi.org\/it\/opere\/venere-di-urbino-di-tiziano\/#primaryimage"},"image":{"@id":"https:\/\/www.visituffizi.org\/it\/opere\/venere-di-urbino-di-tiziano\/#primaryimage"},"thumbnailUrl":"https:\/\/www.visituffizi.org\/wp-content\/uploads\/2013\/02\/tiziano-venere-urbino.jpg","datePublished":"2011-06-21T16:30:38+00:00","dateModified":"2015-02-10T18:31:34+00:00","description":"La Venere di Urbino di Tiziano si trova alla Galleria degli Uffizi nella sala 28 dedicata a Tiziano e Sebastiano del PIombo.","breadcrumb":{"@id":"https:\/\/www.visituffizi.org\/it\/opere\/venere-di-urbino-di-tiziano\/#breadcrumb"},"inLanguage":"it-IT","potentialAction":[{"@type":"ReadAction","target":["https:\/\/www.visituffizi.org\/it\/opere\/venere-di-urbino-di-tiziano\/"]}]},{"@type":"ImageObject","inLanguage":"it-IT","@id":"https:\/\/www.visituffizi.org\/it\/opere\/venere-di-urbino-di-tiziano\/#primaryimage","url":"https:\/\/www.visituffizi.org\/wp-content\/uploads\/2013\/02\/tiziano-venere-urbino.jpg","contentUrl":"https:\/\/www.visituffizi.org\/wp-content\/uploads\/2013\/02\/tiziano-venere-urbino.jpg","width":600,"height":428,"caption":"Venere di Urbino - Tiziano"},{"@type":"BreadcrumbList","@id":"https:\/\/www.visituffizi.org\/it\/opere\/venere-di-urbino-di-tiziano\/#breadcrumb","itemListElement":[{"@type":"ListItem","position":1,"name":"Home","item":"https:\/\/www.visituffizi.org\/it\/"},{"@type":"ListItem","position":2,"name":"Le opere","item":"https:\/\/www.visituffizi.org\/it\/opere\/"},{"@type":"ListItem","position":3,"name":"Venere di Urbino di Tiziano"}]},{"@type":"WebSite","@id":"https:\/\/www.visituffizi.org\/it\/#website","url":"https:\/\/www.visituffizi.org\/it\/","name":"Visit Uffizi","description":"Guide to Uffizi Museum in Florence","potentialAction":[{"@type":"SearchAction","target":{"@type":"EntryPoint","urlTemplate":"https:\/\/www.visituffizi.org\/it\/?s={search_term_string}"},"query-input":{"@type":"PropertyValueSpecification","valueRequired":true,"valueName":"search_term_string"}}],"inLanguage":"it-IT"}]}},"_links":{"self":[{"href":"https:\/\/www.visituffizi.org\/it\/wp-json\/wp\/v2\/pages\/287","targetHints":{"allow":["GET"]}}],"collection":[{"href":"https:\/\/www.visituffizi.org\/it\/wp-json\/wp\/v2\/pages"}],"about":[{"href":"https:\/\/www.visituffizi.org\/it\/wp-json\/wp\/v2\/types\/page"}],"author":[{"embeddable":true,"href":"https:\/\/www.visituffizi.org\/it\/wp-json\/wp\/v2\/users\/1"}],"replies":[{"embeddable":true,"href":"https:\/\/www.visituffizi.org\/it\/wp-json\/wp\/v2\/comments?post=287"}],"version-history":[{"count":0,"href":"https:\/\/www.visituffizi.org\/it\/wp-json\/wp\/v2\/pages\/287\/revisions"}],"up":[{"embeddable":true,"href":"https:\/\/www.visituffizi.org\/it\/wp-json\/wp\/v2\/pages\/27"}],"wp:featuredmedia":[{"embeddable":true,"href":"https:\/\/www.visituffizi.org\/it\/wp-json\/wp\/v2\/media\/1005"}],"wp:attachment":[{"href":"https:\/\/www.visituffizi.org\/it\/wp-json\/wp\/v2\/media?parent=287"}],"curies":[{"name":"wp","href":"https:\/\/api.w.org\/{rel}","templated":true}]}}