{"id":324,"date":"2011-06-22T13:45:12","date_gmt":"2011-06-22T13:45:12","guid":{"rendered":"http:\/\/www.netpromotion.org\/?page_id=324"},"modified":"2015-02-09T17:48:01","modified_gmt":"2015-02-09T17:48:01","slug":"annunciazione-di-simone-martini-e-lippo-memmi","status":"publish","type":"page","link":"https:\/\/www.visituffizi.org\/it\/opere\/annunciazione-di-simone-martini-e-lippo-memmi\/","title":{"rendered":"Annunciazione di Simone Martini e Lippo Memmi"},"content":{"rendered":"ngg_shortcode_0_placeholder\n<h1>Annunciazione di Simone Martini e Lippo Memmi<\/h1>\n<p><img decoding=\"async\" class=\"alignnone\" title=\"Annunciazione di Simone Martini\" src=\"https:\/\/www.visituffizi.org\/img\/artworks\/martini-annunciazione.jpg\" alt=\"\" width=\"590\" height=\"373\" \/><\/p>\n<p>Questa splendida Annunciazione fu dipinta intorno al 1333 da <strong>Simone Martini<\/strong> e il cognato <strong>Lippo Memmi<\/strong> per l&#8217;altare di Sant&#8217;Ansano nel Duomo di Siena. L&#8217;autografia dei due pittori \u00e8 immortalata nella scritta latina in basso \u201cSYMON MARTINI ET LIPPVS MEMMI DE SENIS ME PINXERVNT ANNO DOMINI MCCCXXXIII\u201d.<\/p>\n<p>L&#8217;opera viene considerata un assoluto capolavoro e uno dei massimi esempi della <strong>pittura gotica senese, <\/strong>caratterizzata dalla straordinaria raffinatezza della linea e del colore.<\/p>\n<p>L&#8217;Arcangelo \u00e8 appena atterrato davanti alla Vergine come dimostrano le ali ancora spiegate e il mantello ancora svolazzante. La scena \u00e8 quasi teatrale, come sottolinea il fumetto con il saluto dell&#8217;angelo. La Vergine si ritrae quasi sorpresa e spaventata dall&#8217;improvvisa apparizione. Questo suo movimento, cos\u00ec pudico ed elegante, contribuisce all&#8217;effetto di estrema raffinatezza dell&#8217;opera.<\/p>\n<p>La tavola presenta il fondo oro, cos\u00ec legato alla tradizione e ancora molto richiesto per le raffigurazioni sacre. Gli artisti si attenevano quindi a quanto richiesto dai committenti, inserendo per\u00f2 dei dettagli che potevano rendere la composizione pi\u00f9 realistica.<\/p>\n<p>A tal proposito \u00e8 interessante notare i dettagli della scena principale come il pavimento in marmo, il mantello a scacchi dell&#8217;arcangelo, il vaso di gigli, il libro socchiuso di Maria e il suo trono, tutti elementi che suggeriscono una certa spazialit\u00e0, altrimenti penalizzata dal fondo oro. Le vesti dei quattro personaggi dell&#8217;opera sono delineate da una linea sinuosa e decorativa tipicamente senese.<\/p>\n<p>L&#8217;opera rappresenta quindi pienamente il gusto per la preziosit\u00e0 e la delicatezza della linea propri della pittura di Siena in opposizione allo stile fiorentino pi\u00f9 legato al volume e alla forma.<\/p>\n","protected":false},"excerpt":{"rendered":"<p>Una splendida Annunciazione del 1333 per l&#8217;altare di Sant&#8217;Ansano nel Duomo di Siena.<\/p>\n","protected":false},"author":1,"featured_media":1000,"parent":27,"menu_order":2,"comment_status":"open","ping_status":"open","template":"","meta":{"ngg_post_thumbnail":0,"footnotes":""},"class_list":["post-324","page","type-page","status-publish","has-post-thumbnail","hentry"],"yoast_head":"<!-- This site is optimized with the Yoast SEO plugin v27.4 - https:\/\/yoast.com\/product\/yoast-seo-wordpress\/ -->\n<title>Annunciazione di Simone Martini e Lippo Memmi agli Uffizi Firenze<\/title>\n<meta name=\"description\" content=\"La splendida Annunciazione di Simone Martini e Lippo Memmi \u00e8 uno dei pi\u00f9 begli esempi di pittura gotica senese ed \u00e8 conservata agli Uffizi.\" \/>\n<meta name=\"robots\" content=\"index, follow, max-snippet:-1, max-image-preview:large, max-video-preview:-1\" \/>\n<link rel=\"canonical\" href=\"https:\/\/www.visituffizi.org\/it\/opere\/annunciazione-di-simone-martini-e-lippo-memmi\/\" \/>\n<meta property=\"og:locale\" content=\"it_IT\" \/>\n<meta property=\"og:type\" content=\"article\" \/>\n<meta property=\"og:title\" content=\"Annunciazione di Simone Martini e Lippo Memmi agli Uffizi Firenze\" \/>\n<meta property=\"og:description\" content=\"La splendida Annunciazione di Simone Martini e Lippo Memmi \u00e8 uno dei pi\u00f9 begli esempi di pittura gotica senese ed \u00e8 conservata agli Uffizi.\" \/>\n<meta property=\"og:url\" content=\"https:\/\/www.visituffizi.org\/it\/opere\/annunciazione-di-simone-martini-e-lippo-memmi\/\" \/>\n<meta property=\"og:site_name\" content=\"Visit Uffizi\" \/>\n<meta property=\"article:modified_time\" content=\"2015-02-09T17:48:01+00:00\" \/>\n<meta property=\"og:image\" content=\"https:\/\/www.visituffizi.org\/wp-content\/uploads\/2013\/02\/martini-annunciazione.jpg\" \/>\n\t<meta property=\"og:image:width\" content=\"590\" \/>\n\t<meta property=\"og:image:height\" content=\"373\" \/>\n\t<meta property=\"og:image:type\" content=\"image\/jpeg\" \/>\n<meta name=\"twitter:label1\" content=\"Tempo di lettura stimato\" \/>\n\t<meta name=\"twitter:data1\" content=\"1 minuto\" \/>\n<script type=\"application\/ld+json\" class=\"yoast-schema-graph\">{\"@context\":\"https:\\\/\\\/schema.org\",\"@graph\":[{\"@type\":\"WebPage\",\"@id\":\"https:\\\/\\\/www.visituffizi.org\\\/it\\\/opere\\\/annunciazione-di-simone-martini-e-lippo-memmi\\\/\",\"url\":\"https:\\\/\\\/www.visituffizi.org\\\/it\\\/opere\\\/annunciazione-di-simone-martini-e-lippo-memmi\\\/\",\"name\":\"Annunciazione di Simone Martini e Lippo Memmi agli Uffizi Firenze\",\"isPartOf\":{\"@id\":\"https:\\\/\\\/www.visituffizi.org\\\/it\\\/#website\"},\"primaryImageOfPage\":{\"@id\":\"https:\\\/\\\/www.visituffizi.org\\\/it\\\/opere\\\/annunciazione-di-simone-martini-e-lippo-memmi\\\/#primaryimage\"},\"image\":{\"@id\":\"https:\\\/\\\/www.visituffizi.org\\\/it\\\/opere\\\/annunciazione-di-simone-martini-e-lippo-memmi\\\/#primaryimage\"},\"thumbnailUrl\":\"https:\\\/\\\/www.visituffizi.org\\\/wp-content\\\/uploads\\\/2013\\\/02\\\/martini-annunciazione.jpg\",\"datePublished\":\"2011-06-22T13:45:12+00:00\",\"dateModified\":\"2015-02-09T17:48:01+00:00\",\"description\":\"La splendida Annunciazione di Simone Martini e Lippo Memmi \u00e8 uno dei pi\u00f9 begli esempi di pittura gotica senese ed \u00e8 conservata agli Uffizi.\",\"breadcrumb\":{\"@id\":\"https:\\\/\\\/www.visituffizi.org\\\/it\\\/opere\\\/annunciazione-di-simone-martini-e-lippo-memmi\\\/#breadcrumb\"},\"inLanguage\":\"it-IT\",\"potentialAction\":[{\"@type\":\"ReadAction\",\"target\":[\"https:\\\/\\\/www.visituffizi.org\\\/it\\\/opere\\\/annunciazione-di-simone-martini-e-lippo-memmi\\\/\"]}]},{\"@type\":\"ImageObject\",\"inLanguage\":\"it-IT\",\"@id\":\"https:\\\/\\\/www.visituffizi.org\\\/it\\\/opere\\\/annunciazione-di-simone-martini-e-lippo-memmi\\\/#primaryimage\",\"url\":\"https:\\\/\\\/www.visituffizi.org\\\/wp-content\\\/uploads\\\/2013\\\/02\\\/martini-annunciazione.jpg\",\"contentUrl\":\"https:\\\/\\\/www.visituffizi.org\\\/wp-content\\\/uploads\\\/2013\\\/02\\\/martini-annunciazione.jpg\",\"width\":590,\"height\":373,\"caption\":\"Annunciazione di Martini e Memmi\"},{\"@type\":\"BreadcrumbList\",\"@id\":\"https:\\\/\\\/www.visituffizi.org\\\/it\\\/opere\\\/annunciazione-di-simone-martini-e-lippo-memmi\\\/#breadcrumb\",\"itemListElement\":[{\"@type\":\"ListItem\",\"position\":1,\"name\":\"Home\",\"item\":\"https:\\\/\\\/www.visituffizi.org\\\/it\\\/\"},{\"@type\":\"ListItem\",\"position\":2,\"name\":\"Le opere\",\"item\":\"https:\\\/\\\/www.visituffizi.org\\\/it\\\/opere\\\/\"},{\"@type\":\"ListItem\",\"position\":3,\"name\":\"Annunciazione di Simone Martini e Lippo Memmi\"}]},{\"@type\":\"WebSite\",\"@id\":\"https:\\\/\\\/www.visituffizi.org\\\/it\\\/#website\",\"url\":\"https:\\\/\\\/www.visituffizi.org\\\/it\\\/\",\"name\":\"Visit Uffizi\",\"description\":\"Guide to Uffizi Museum in Florence\",\"potentialAction\":[{\"@type\":\"SearchAction\",\"target\":{\"@type\":\"EntryPoint\",\"urlTemplate\":\"https:\\\/\\\/www.visituffizi.org\\\/it\\\/?s={search_term_string}\"},\"query-input\":{\"@type\":\"PropertyValueSpecification\",\"valueRequired\":true,\"valueName\":\"search_term_string\"}}],\"inLanguage\":\"it-IT\"}]}<\/script>\n<!-- \/ Yoast SEO plugin. -->","yoast_head_json":{"title":"Annunciazione di Simone Martini e Lippo Memmi agli Uffizi Firenze","description":"La splendida Annunciazione di Simone Martini e Lippo Memmi \u00e8 uno dei pi\u00f9 begli esempi di pittura gotica senese ed \u00e8 conservata agli Uffizi.","robots":{"index":"index","follow":"follow","max-snippet":"max-snippet:-1","max-image-preview":"max-image-preview:large","max-video-preview":"max-video-preview:-1"},"canonical":"https:\/\/www.visituffizi.org\/it\/opere\/annunciazione-di-simone-martini-e-lippo-memmi\/","og_locale":"it_IT","og_type":"article","og_title":"Annunciazione di Simone Martini e Lippo Memmi agli Uffizi Firenze","og_description":"La splendida Annunciazione di Simone Martini e Lippo Memmi \u00e8 uno dei pi\u00f9 begli esempi di pittura gotica senese ed \u00e8 conservata agli Uffizi.","og_url":"https:\/\/www.visituffizi.org\/it\/opere\/annunciazione-di-simone-martini-e-lippo-memmi\/","og_site_name":"Visit Uffizi","article_modified_time":"2015-02-09T17:48:01+00:00","og_image":[{"width":590,"height":373,"url":"https:\/\/www.visituffizi.org\/wp-content\/uploads\/2013\/02\/martini-annunciazione.jpg","type":"image\/jpeg"}],"twitter_misc":{"Tempo di lettura stimato":"1 minuto"},"schema":{"@context":"https:\/\/schema.org","@graph":[{"@type":"WebPage","@id":"https:\/\/www.visituffizi.org\/it\/opere\/annunciazione-di-simone-martini-e-lippo-memmi\/","url":"https:\/\/www.visituffizi.org\/it\/opere\/annunciazione-di-simone-martini-e-lippo-memmi\/","name":"Annunciazione di Simone Martini e Lippo Memmi agli Uffizi Firenze","isPartOf":{"@id":"https:\/\/www.visituffizi.org\/it\/#website"},"primaryImageOfPage":{"@id":"https:\/\/www.visituffizi.org\/it\/opere\/annunciazione-di-simone-martini-e-lippo-memmi\/#primaryimage"},"image":{"@id":"https:\/\/www.visituffizi.org\/it\/opere\/annunciazione-di-simone-martini-e-lippo-memmi\/#primaryimage"},"thumbnailUrl":"https:\/\/www.visituffizi.org\/wp-content\/uploads\/2013\/02\/martini-annunciazione.jpg","datePublished":"2011-06-22T13:45:12+00:00","dateModified":"2015-02-09T17:48:01+00:00","description":"La splendida Annunciazione di Simone Martini e Lippo Memmi \u00e8 uno dei pi\u00f9 begli esempi di pittura gotica senese ed \u00e8 conservata agli Uffizi.","breadcrumb":{"@id":"https:\/\/www.visituffizi.org\/it\/opere\/annunciazione-di-simone-martini-e-lippo-memmi\/#breadcrumb"},"inLanguage":"it-IT","potentialAction":[{"@type":"ReadAction","target":["https:\/\/www.visituffizi.org\/it\/opere\/annunciazione-di-simone-martini-e-lippo-memmi\/"]}]},{"@type":"ImageObject","inLanguage":"it-IT","@id":"https:\/\/www.visituffizi.org\/it\/opere\/annunciazione-di-simone-martini-e-lippo-memmi\/#primaryimage","url":"https:\/\/www.visituffizi.org\/wp-content\/uploads\/2013\/02\/martini-annunciazione.jpg","contentUrl":"https:\/\/www.visituffizi.org\/wp-content\/uploads\/2013\/02\/martini-annunciazione.jpg","width":590,"height":373,"caption":"Annunciazione di Martini e Memmi"},{"@type":"BreadcrumbList","@id":"https:\/\/www.visituffizi.org\/it\/opere\/annunciazione-di-simone-martini-e-lippo-memmi\/#breadcrumb","itemListElement":[{"@type":"ListItem","position":1,"name":"Home","item":"https:\/\/www.visituffizi.org\/it\/"},{"@type":"ListItem","position":2,"name":"Le opere","item":"https:\/\/www.visituffizi.org\/it\/opere\/"},{"@type":"ListItem","position":3,"name":"Annunciazione di Simone Martini e Lippo Memmi"}]},{"@type":"WebSite","@id":"https:\/\/www.visituffizi.org\/it\/#website","url":"https:\/\/www.visituffizi.org\/it\/","name":"Visit Uffizi","description":"Guide to Uffizi Museum in Florence","potentialAction":[{"@type":"SearchAction","target":{"@type":"EntryPoint","urlTemplate":"https:\/\/www.visituffizi.org\/it\/?s={search_term_string}"},"query-input":{"@type":"PropertyValueSpecification","valueRequired":true,"valueName":"search_term_string"}}],"inLanguage":"it-IT"}]}},"_links":{"self":[{"href":"https:\/\/www.visituffizi.org\/it\/wp-json\/wp\/v2\/pages\/324","targetHints":{"allow":["GET"]}}],"collection":[{"href":"https:\/\/www.visituffizi.org\/it\/wp-json\/wp\/v2\/pages"}],"about":[{"href":"https:\/\/www.visituffizi.org\/it\/wp-json\/wp\/v2\/types\/page"}],"author":[{"embeddable":true,"href":"https:\/\/www.visituffizi.org\/it\/wp-json\/wp\/v2\/users\/1"}],"replies":[{"embeddable":true,"href":"https:\/\/www.visituffizi.org\/it\/wp-json\/wp\/v2\/comments?post=324"}],"version-history":[{"count":0,"href":"https:\/\/www.visituffizi.org\/it\/wp-json\/wp\/v2\/pages\/324\/revisions"}],"up":[{"embeddable":true,"href":"https:\/\/www.visituffizi.org\/it\/wp-json\/wp\/v2\/pages\/27"}],"wp:featuredmedia":[{"embeddable":true,"href":"https:\/\/www.visituffizi.org\/it\/wp-json\/wp\/v2\/media\/1000"}],"wp:attachment":[{"href":"https:\/\/www.visituffizi.org\/it\/wp-json\/wp\/v2\/media?parent=324"}],"curies":[{"name":"wp","href":"https:\/\/api.w.org\/{rel}","templated":true}]}}