{"id":336,"date":"2011-06-22T13:36:07","date_gmt":"2011-06-22T13:36:07","guid":{"rendered":"http:\/\/www.netpromotion.org\/?page_id=336"},"modified":"2013-03-11T16:22:54","modified_gmt":"2013-03-11T16:22:54","slug":"battaglia-di-san-romano-di-paolo-uccello","status":"publish","type":"page","link":"https:\/\/www.visituffizi.org\/it\/opere\/battaglia-di-san-romano-di-paolo-uccello\/","title":{"rendered":"Battaglia di San Romano di Paolo Uccello"},"content":{"rendered":"ngg_shortcode_0_placeholder\n<h1>Battaglia di San Romano di Paolo Uccello<\/h1>\n<p><img decoding=\"async\" alt=\"Battle of San Romano by Paolo Uccello\" src=\"https:\/\/www.visituffizi.org\/img\/artworks\/uccello-battle-san-romano.jpg\" \/><\/p>\n<p>Questo dipinto \u00e8 soltanto la parte centrale di un grande trittico dipinto da <strong>Paolo Uccello<\/strong> nel 1438 circa, oggi smembrato e diviso tra Uffizi, National Gallery di Londra\u00a0 e Louvre di Parigi.<\/p>\n<p>Il ciclo illustra le fasi della battaglia di San Romano che si svolse nel 1432 tra fiorentini e senesi e che vide la vittoria gloriosa di Firenze. L&#8217;opera fu dipinta per la ricca famiglia Bartolini ma nel 1492 risultava gi\u00e0 nell&#8217; inventario dei beni di Lorenzo de&#8217; Medici, detto il Magnifico.<\/p>\n<p>Ci\u00f2 che rende importante questo grande ciclo \u00e8 l&#8217;utilizzo sperimentale ed ardito della <strong>prospettiva<\/strong>, che rese Paolo Uccello famoso tra i suoi contemporanei.<\/p>\n<p>La parte esposta agli Uffizi rappresenta il disarcionamento di Bernardino della Ciarda, condottiero senese ritratto al centro della scena insieme al suo cavallo bianco nel momento in cui viene colpito da una lancia nemica. La composizione \u00e8 molto affollata; nonostante ci\u00f2 l&#8217;atmosfera \u00e8 alquanto irreale e i cavalieri sembrano quasi dei manichini di una giostra. Ci\u00f2 che interessa all&#8217;artista \u00e8 soprattutto la composizione prospettica e non l&#8217;umanit\u00e0.<\/p>\n<p>I dettagli naturalistici, le scene di caccia sullo sfondo, la minuziosa descrizione delle armature e dei cavalli ci rimandano all&#8217;eredit\u00e0 tardogotica. Paolo Uccello \u00e8 infatti un&#8217;importante artista di transizione: accoglie pienamente la rivoluzione rinascimentale della prospettiva e della centralit\u00e0 dell&#8217;uomo, ma con il gusto fiabesco ancora gotico cortese.<\/p>\n<p>La Battaglia di San Romano di Paolo Uccello \u00e8 stata recentemente restaurata, ma dal Novembre 2012 \u00e8 tornata ad essere visibile nella sua originaria collocazione, la <a title=\"sala 7 del Primo Rinascimento\" href=\"\/it\/museo\/sale\/sala-7-del-primo-rinascimento\/\">sala 7 del Primo Rinascimento<\/a>.<\/p>\n","protected":false},"excerpt":{"rendered":"<p>Agli Uffizi rimane solo la parte centrale del grande trittico dipinto da Paolo Uccello nel 1438 circa.<\/p>\n","protected":false},"author":1,"featured_media":1006,"parent":27,"menu_order":5,"comment_status":"open","ping_status":"open","template":"","meta":{"ngg_post_thumbnail":0,"footnotes":""},"class_list":["post-336","page","type-page","status-publish","has-post-thumbnail","hentry"],"yoast_head":"<!-- This site is optimized with the Yoast SEO plugin v27.4 - https:\/\/yoast.com\/product\/yoast-seo-wordpress\/ -->\n<title>Battaglia di San Romano di Paolo Uccello alla Galleria degli Uffizi Firenze<\/title>\n<meta name=\"description\" content=\"Il dipinto di Paolo Uccello intitolato La Battaglia di San Romano si trova nella sala 7 del Primo Rinascimento della Galleria degli Uffizi.\" \/>\n<meta name=\"robots\" content=\"index, follow, max-snippet:-1, max-image-preview:large, max-video-preview:-1\" \/>\n<link rel=\"canonical\" href=\"https:\/\/www.visituffizi.org\/it\/opere\/battaglia-di-san-romano-di-paolo-uccello\/\" \/>\n<meta property=\"og:locale\" content=\"it_IT\" \/>\n<meta property=\"og:type\" content=\"article\" \/>\n<meta property=\"og:title\" content=\"Battaglia di San Romano di Paolo Uccello alla Galleria degli Uffizi Firenze\" \/>\n<meta property=\"og:description\" content=\"Il dipinto di Paolo Uccello intitolato La Battaglia di San Romano si trova nella sala 7 del Primo Rinascimento della Galleria degli Uffizi.\" \/>\n<meta property=\"og:url\" content=\"https:\/\/www.visituffizi.org\/it\/opere\/battaglia-di-san-romano-di-paolo-uccello\/\" \/>\n<meta property=\"og:site_name\" content=\"Visit Uffizi\" \/>\n<meta property=\"article:modified_time\" content=\"2013-03-11T16:22:54+00:00\" \/>\n<meta property=\"og:image\" content=\"https:\/\/www.visituffizi.org\/wp-content\/uploads\/2013\/02\/uccello-battle-san-romano.jpg\" \/>\n\t<meta property=\"og:image:width\" content=\"600\" \/>\n\t<meta property=\"og:image:height\" content=\"338\" \/>\n\t<meta property=\"og:image:type\" content=\"image\/jpeg\" \/>\n<meta name=\"twitter:label1\" content=\"Tempo di lettura stimato\" \/>\n\t<meta name=\"twitter:data1\" content=\"1 minuto\" \/>\n<script type=\"application\/ld+json\" class=\"yoast-schema-graph\">{\"@context\":\"https:\\\/\\\/schema.org\",\"@graph\":[{\"@type\":\"WebPage\",\"@id\":\"https:\\\/\\\/www.visituffizi.org\\\/it\\\/opere\\\/battaglia-di-san-romano-di-paolo-uccello\\\/\",\"url\":\"https:\\\/\\\/www.visituffizi.org\\\/it\\\/opere\\\/battaglia-di-san-romano-di-paolo-uccello\\\/\",\"name\":\"Battaglia di San Romano di Paolo Uccello alla Galleria degli Uffizi Firenze\",\"isPartOf\":{\"@id\":\"https:\\\/\\\/www.visituffizi.org\\\/it\\\/#website\"},\"primaryImageOfPage\":{\"@id\":\"https:\\\/\\\/www.visituffizi.org\\\/it\\\/opere\\\/battaglia-di-san-romano-di-paolo-uccello\\\/#primaryimage\"},\"image\":{\"@id\":\"https:\\\/\\\/www.visituffizi.org\\\/it\\\/opere\\\/battaglia-di-san-romano-di-paolo-uccello\\\/#primaryimage\"},\"thumbnailUrl\":\"https:\\\/\\\/www.visituffizi.org\\\/wp-content\\\/uploads\\\/2013\\\/02\\\/uccello-battle-san-romano.jpg\",\"datePublished\":\"2011-06-22T13:36:07+00:00\",\"dateModified\":\"2013-03-11T16:22:54+00:00\",\"description\":\"Il dipinto di Paolo Uccello intitolato La Battaglia di San Romano si trova nella sala 7 del Primo Rinascimento della Galleria degli Uffizi.\",\"breadcrumb\":{\"@id\":\"https:\\\/\\\/www.visituffizi.org\\\/it\\\/opere\\\/battaglia-di-san-romano-di-paolo-uccello\\\/#breadcrumb\"},\"inLanguage\":\"it-IT\",\"potentialAction\":[{\"@type\":\"ReadAction\",\"target\":[\"https:\\\/\\\/www.visituffizi.org\\\/it\\\/opere\\\/battaglia-di-san-romano-di-paolo-uccello\\\/\"]}]},{\"@type\":\"ImageObject\",\"inLanguage\":\"it-IT\",\"@id\":\"https:\\\/\\\/www.visituffizi.org\\\/it\\\/opere\\\/battaglia-di-san-romano-di-paolo-uccello\\\/#primaryimage\",\"url\":\"https:\\\/\\\/www.visituffizi.org\\\/wp-content\\\/uploads\\\/2013\\\/02\\\/uccello-battle-san-romano.jpg\",\"contentUrl\":\"https:\\\/\\\/www.visituffizi.org\\\/wp-content\\\/uploads\\\/2013\\\/02\\\/uccello-battle-san-romano.jpg\",\"width\":600,\"height\":338,\"caption\":\"La Battiaglia di San Romano\"},{\"@type\":\"BreadcrumbList\",\"@id\":\"https:\\\/\\\/www.visituffizi.org\\\/it\\\/opere\\\/battaglia-di-san-romano-di-paolo-uccello\\\/#breadcrumb\",\"itemListElement\":[{\"@type\":\"ListItem\",\"position\":1,\"name\":\"Home\",\"item\":\"https:\\\/\\\/www.visituffizi.org\\\/it\\\/\"},{\"@type\":\"ListItem\",\"position\":2,\"name\":\"Le opere\",\"item\":\"https:\\\/\\\/www.visituffizi.org\\\/it\\\/opere\\\/\"},{\"@type\":\"ListItem\",\"position\":3,\"name\":\"Battaglia di San Romano di Paolo Uccello\"}]},{\"@type\":\"WebSite\",\"@id\":\"https:\\\/\\\/www.visituffizi.org\\\/it\\\/#website\",\"url\":\"https:\\\/\\\/www.visituffizi.org\\\/it\\\/\",\"name\":\"Visit Uffizi\",\"description\":\"Guide to Uffizi Museum in Florence\",\"potentialAction\":[{\"@type\":\"SearchAction\",\"target\":{\"@type\":\"EntryPoint\",\"urlTemplate\":\"https:\\\/\\\/www.visituffizi.org\\\/it\\\/?s={search_term_string}\"},\"query-input\":{\"@type\":\"PropertyValueSpecification\",\"valueRequired\":true,\"valueName\":\"search_term_string\"}}],\"inLanguage\":\"it-IT\"}]}<\/script>\n<!-- \/ Yoast SEO plugin. -->","yoast_head_json":{"title":"Battaglia di San Romano di Paolo Uccello alla Galleria degli Uffizi Firenze","description":"Il dipinto di Paolo Uccello intitolato La Battaglia di San Romano si trova nella sala 7 del Primo Rinascimento della Galleria degli Uffizi.","robots":{"index":"index","follow":"follow","max-snippet":"max-snippet:-1","max-image-preview":"max-image-preview:large","max-video-preview":"max-video-preview:-1"},"canonical":"https:\/\/www.visituffizi.org\/it\/opere\/battaglia-di-san-romano-di-paolo-uccello\/","og_locale":"it_IT","og_type":"article","og_title":"Battaglia di San Romano di Paolo Uccello alla Galleria degli Uffizi Firenze","og_description":"Il dipinto di Paolo Uccello intitolato La Battaglia di San Romano si trova nella sala 7 del Primo Rinascimento della Galleria degli Uffizi.","og_url":"https:\/\/www.visituffizi.org\/it\/opere\/battaglia-di-san-romano-di-paolo-uccello\/","og_site_name":"Visit Uffizi","article_modified_time":"2013-03-11T16:22:54+00:00","og_image":[{"width":600,"height":338,"url":"https:\/\/www.visituffizi.org\/wp-content\/uploads\/2013\/02\/uccello-battle-san-romano.jpg","type":"image\/jpeg"}],"twitter_misc":{"Tempo di lettura stimato":"1 minuto"},"schema":{"@context":"https:\/\/schema.org","@graph":[{"@type":"WebPage","@id":"https:\/\/www.visituffizi.org\/it\/opere\/battaglia-di-san-romano-di-paolo-uccello\/","url":"https:\/\/www.visituffizi.org\/it\/opere\/battaglia-di-san-romano-di-paolo-uccello\/","name":"Battaglia di San Romano di Paolo Uccello alla Galleria degli Uffizi Firenze","isPartOf":{"@id":"https:\/\/www.visituffizi.org\/it\/#website"},"primaryImageOfPage":{"@id":"https:\/\/www.visituffizi.org\/it\/opere\/battaglia-di-san-romano-di-paolo-uccello\/#primaryimage"},"image":{"@id":"https:\/\/www.visituffizi.org\/it\/opere\/battaglia-di-san-romano-di-paolo-uccello\/#primaryimage"},"thumbnailUrl":"https:\/\/www.visituffizi.org\/wp-content\/uploads\/2013\/02\/uccello-battle-san-romano.jpg","datePublished":"2011-06-22T13:36:07+00:00","dateModified":"2013-03-11T16:22:54+00:00","description":"Il dipinto di Paolo Uccello intitolato La Battaglia di San Romano si trova nella sala 7 del Primo Rinascimento della Galleria degli Uffizi.","breadcrumb":{"@id":"https:\/\/www.visituffizi.org\/it\/opere\/battaglia-di-san-romano-di-paolo-uccello\/#breadcrumb"},"inLanguage":"it-IT","potentialAction":[{"@type":"ReadAction","target":["https:\/\/www.visituffizi.org\/it\/opere\/battaglia-di-san-romano-di-paolo-uccello\/"]}]},{"@type":"ImageObject","inLanguage":"it-IT","@id":"https:\/\/www.visituffizi.org\/it\/opere\/battaglia-di-san-romano-di-paolo-uccello\/#primaryimage","url":"https:\/\/www.visituffizi.org\/wp-content\/uploads\/2013\/02\/uccello-battle-san-romano.jpg","contentUrl":"https:\/\/www.visituffizi.org\/wp-content\/uploads\/2013\/02\/uccello-battle-san-romano.jpg","width":600,"height":338,"caption":"La Battiaglia di San Romano"},{"@type":"BreadcrumbList","@id":"https:\/\/www.visituffizi.org\/it\/opere\/battaglia-di-san-romano-di-paolo-uccello\/#breadcrumb","itemListElement":[{"@type":"ListItem","position":1,"name":"Home","item":"https:\/\/www.visituffizi.org\/it\/"},{"@type":"ListItem","position":2,"name":"Le opere","item":"https:\/\/www.visituffizi.org\/it\/opere\/"},{"@type":"ListItem","position":3,"name":"Battaglia di San Romano di Paolo Uccello"}]},{"@type":"WebSite","@id":"https:\/\/www.visituffizi.org\/it\/#website","url":"https:\/\/www.visituffizi.org\/it\/","name":"Visit Uffizi","description":"Guide to Uffizi Museum in Florence","potentialAction":[{"@type":"SearchAction","target":{"@type":"EntryPoint","urlTemplate":"https:\/\/www.visituffizi.org\/it\/?s={search_term_string}"},"query-input":{"@type":"PropertyValueSpecification","valueRequired":true,"valueName":"search_term_string"}}],"inLanguage":"it-IT"}]}},"_links":{"self":[{"href":"https:\/\/www.visituffizi.org\/it\/wp-json\/wp\/v2\/pages\/336","targetHints":{"allow":["GET"]}}],"collection":[{"href":"https:\/\/www.visituffizi.org\/it\/wp-json\/wp\/v2\/pages"}],"about":[{"href":"https:\/\/www.visituffizi.org\/it\/wp-json\/wp\/v2\/types\/page"}],"author":[{"embeddable":true,"href":"https:\/\/www.visituffizi.org\/it\/wp-json\/wp\/v2\/users\/1"}],"replies":[{"embeddable":true,"href":"https:\/\/www.visituffizi.org\/it\/wp-json\/wp\/v2\/comments?post=336"}],"version-history":[{"count":0,"href":"https:\/\/www.visituffizi.org\/it\/wp-json\/wp\/v2\/pages\/336\/revisions"}],"up":[{"embeddable":true,"href":"https:\/\/www.visituffizi.org\/it\/wp-json\/wp\/v2\/pages\/27"}],"wp:featuredmedia":[{"embeddable":true,"href":"https:\/\/www.visituffizi.org\/it\/wp-json\/wp\/v2\/media\/1006"}],"wp:attachment":[{"href":"https:\/\/www.visituffizi.org\/it\/wp-json\/wp\/v2\/media?parent=336"}],"curies":[{"name":"wp","href":"https:\/\/api.w.org\/{rel}","templated":true}]}}