{"id":381,"date":"2011-06-22T14:42:38","date_gmt":"2011-06-22T14:42:38","guid":{"rendered":"http:\/\/www.netpromotion.org\/?page_id=381"},"modified":"2013-03-11T16:43:56","modified_gmt":"2013-03-11T16:43:56","slug":"bacco-di-caravaggio","status":"publish","type":"page","link":"https:\/\/www.visituffizi.org\/it\/opere\/bacco-di-caravaggio\/","title":{"rendered":"Bacco di Caravaggio"},"content":{"rendered":"ngg_shortcode_0_placeholder\n<h1>Bacco di Caravaggio<\/h1>\n<p><img decoding=\"async\" class=\"right\" alt=\"Bacco di Caravaggio\" src=\"https:\/\/www.visituffizi.org\/img\/artworks\/caravaggio-bacchus.jpg\" \/><\/p>\n<p>Michelangelo Merisi, detto il <strong>Caravaggio<\/strong>, \u00e8 uno degli artisti pi\u00f9 importanti di tutta la storia dell\u2019arte. Dal temperamento inquieto, spesso violento, rivoluzionario nella maniera di dipingere, dalla vita rocambolesca, Caravaggio incarna il perfetto esempio dell\u2019artista maledetto.<\/p>\n<p>Nato a Milano, lavorer\u00e0 soprattutto a Roma, Napoli, Malta e Sicilia. La sua formazione sar\u00e0 influenzata soprattutto dalla pittura veneta e da quella lombarda: dalla prima imparer\u00e0 l\u2019uso del colore caldo e atmosferico, dalla seconda prender\u00e0 il forte realismo e la predilezione per i soggetti popolari e umili.<\/p>\n<p>Proprio quest\u2019ultima caratteristica \u00e8 evidente nel celeberrimo <strong>Bacco<\/strong> degli Uffizi, commissionato dal suo protettore il cardinal del Monte come regalo per il <strong>Granduca di Toscana Ferdinando I<\/strong> e dipinto tra il <strong>1596 ed il 1597<\/strong>.<\/p>\n<p>In quest\u2019opera, Bacco non \u00e8 pi\u00f9 rappresentato in maniera idealizzata come in passato. Al contrario potrebbe somigliare a un ragazzo del popolo, a uno di quei personaggi che frequentavano le taverne e i postriboli che lo stesso artista frequentava. Come nella maggior parte delle sue opere, anche qui il paesaggio \u00e8 assente: l\u2019interesse dell\u2019artista \u00e8 infatti quello di sottolineare l\u2019umanit\u00e0 dei personaggi. Proprio la sua scelta di soggetti popolari, rozzi e sgraziati gli procur\u00f2 molte critiche in vita.<\/p>\n<p>Bacco \u00e8 ritratto in posa e regge una coppa di vino con la mano sinistra, quasi come fosse un\u2019immagine allo specchio. E in effetti Caravaggio usava un complesso sistema di specchi per ritrarre i soggetti su tela, proprio come una primitiva tecnica fotografica. Eccezionali sono l\u2019uso sapiente del <strong>colore<\/strong> e della <strong>tecnica ad olio<\/strong>: l\u2019effetto di incredibile realismo nella resa del canestro di frutta, dell\u2019incarnato del giovane e delle trasparenze della coppa di vino faranno scuola.<\/p>\n<p>Recenti restauri hanno evidenziato all&#8217;interno della caraffa di vino un volto di uomo che si ritiene essere l&#8217;autoritratto dello stesso artista.<\/p>\n<p>Anticonvenzionale, ribelle, introspettivo, Caravaggio riporta l\u2019uomo al centro dell\u2019attenzione, con le sue imperfezioni e i limiti della sua stessa natura mortale. Il suo modo di fare pittura sconvolger\u00e0 per sempre la storia dell\u2019arte.<\/p>\n","protected":false},"excerpt":{"rendered":"<p>Un Bacco non idealizzato, in tutta la sua umanit\u00e0. Guardate il realismo dei dettagli e dei colori.<\/p>\n","protected":false},"author":1,"featured_media":996,"parent":27,"menu_order":15,"comment_status":"open","ping_status":"open","template":"","meta":{"ngg_post_thumbnail":0,"footnotes":""},"class_list":["post-381","page","type-page","status-publish","has-post-thumbnail","hentry"],"yoast_head":"<!-- This site is optimized with the Yoast SEO plugin v27.4 - https:\/\/yoast.com\/product\/yoast-seo-wordpress\/ -->\n<title>Bacco di Caravaggio alla Galleria degli Uffizi a Firenze<\/title>\n<meta name=\"description\" content=\"Il Bacco \u00e8 una delle principali opere di Caravaggio a Firenze ed \u00e8 esposta alla Galleria degli Uffizi.\" \/>\n<meta name=\"robots\" content=\"index, follow, max-snippet:-1, max-image-preview:large, max-video-preview:-1\" \/>\n<link rel=\"canonical\" href=\"https:\/\/www.visituffizi.org\/it\/opere\/bacco-di-caravaggio\/\" \/>\n<meta property=\"og:locale\" content=\"it_IT\" \/>\n<meta property=\"og:type\" content=\"article\" \/>\n<meta property=\"og:title\" content=\"Bacco di Caravaggio alla Galleria degli Uffizi a Firenze\" \/>\n<meta property=\"og:description\" content=\"Il Bacco \u00e8 una delle principali opere di Caravaggio a Firenze ed \u00e8 esposta alla Galleria degli Uffizi.\" \/>\n<meta property=\"og:url\" content=\"https:\/\/www.visituffizi.org\/it\/opere\/bacco-di-caravaggio\/\" \/>\n<meta property=\"og:site_name\" content=\"Visit Uffizi\" \/>\n<meta property=\"article:modified_time\" content=\"2013-03-11T16:43:56+00:00\" \/>\n<meta property=\"og:image\" content=\"https:\/\/www.visituffizi.org\/wp-content\/uploads\/2013\/02\/caravaggio-bacchus.jpg\" \/>\n\t<meta property=\"og:image:width\" content=\"450\" \/>\n\t<meta property=\"og:image:height\" content=\"530\" \/>\n\t<meta property=\"og:image:type\" content=\"image\/jpeg\" \/>\n<meta name=\"twitter:label1\" content=\"Tempo di lettura stimato\" \/>\n\t<meta name=\"twitter:data1\" content=\"2 minuti\" \/>\n<script type=\"application\/ld+json\" class=\"yoast-schema-graph\">{\"@context\":\"https:\\\/\\\/schema.org\",\"@graph\":[{\"@type\":\"WebPage\",\"@id\":\"https:\\\/\\\/www.visituffizi.org\\\/it\\\/opere\\\/bacco-di-caravaggio\\\/\",\"url\":\"https:\\\/\\\/www.visituffizi.org\\\/it\\\/opere\\\/bacco-di-caravaggio\\\/\",\"name\":\"Bacco di Caravaggio alla Galleria degli Uffizi a Firenze\",\"isPartOf\":{\"@id\":\"https:\\\/\\\/www.visituffizi.org\\\/it\\\/#website\"},\"primaryImageOfPage\":{\"@id\":\"https:\\\/\\\/www.visituffizi.org\\\/it\\\/opere\\\/bacco-di-caravaggio\\\/#primaryimage\"},\"image\":{\"@id\":\"https:\\\/\\\/www.visituffizi.org\\\/it\\\/opere\\\/bacco-di-caravaggio\\\/#primaryimage\"},\"thumbnailUrl\":\"https:\\\/\\\/www.visituffizi.org\\\/wp-content\\\/uploads\\\/2013\\\/02\\\/caravaggio-bacchus.jpg\",\"datePublished\":\"2011-06-22T14:42:38+00:00\",\"dateModified\":\"2013-03-11T16:43:56+00:00\",\"description\":\"Il Bacco \u00e8 una delle principali opere di Caravaggio a Firenze ed \u00e8 esposta alla Galleria degli Uffizi.\",\"breadcrumb\":{\"@id\":\"https:\\\/\\\/www.visituffizi.org\\\/it\\\/opere\\\/bacco-di-caravaggio\\\/#breadcrumb\"},\"inLanguage\":\"it-IT\",\"potentialAction\":[{\"@type\":\"ReadAction\",\"target\":[\"https:\\\/\\\/www.visituffizi.org\\\/it\\\/opere\\\/bacco-di-caravaggio\\\/\"]}]},{\"@type\":\"ImageObject\",\"inLanguage\":\"it-IT\",\"@id\":\"https:\\\/\\\/www.visituffizi.org\\\/it\\\/opere\\\/bacco-di-caravaggio\\\/#primaryimage\",\"url\":\"https:\\\/\\\/www.visituffizi.org\\\/wp-content\\\/uploads\\\/2013\\\/02\\\/caravaggio-bacchus.jpg\",\"contentUrl\":\"https:\\\/\\\/www.visituffizi.org\\\/wp-content\\\/uploads\\\/2013\\\/02\\\/caravaggio-bacchus.jpg\",\"width\":450,\"height\":530,\"caption\":\"Bacco - Caravaggio\"},{\"@type\":\"BreadcrumbList\",\"@id\":\"https:\\\/\\\/www.visituffizi.org\\\/it\\\/opere\\\/bacco-di-caravaggio\\\/#breadcrumb\",\"itemListElement\":[{\"@type\":\"ListItem\",\"position\":1,\"name\":\"Home\",\"item\":\"https:\\\/\\\/www.visituffizi.org\\\/it\\\/\"},{\"@type\":\"ListItem\",\"position\":2,\"name\":\"Le opere\",\"item\":\"https:\\\/\\\/www.visituffizi.org\\\/it\\\/opere\\\/\"},{\"@type\":\"ListItem\",\"position\":3,\"name\":\"Bacco di Caravaggio\"}]},{\"@type\":\"WebSite\",\"@id\":\"https:\\\/\\\/www.visituffizi.org\\\/it\\\/#website\",\"url\":\"https:\\\/\\\/www.visituffizi.org\\\/it\\\/\",\"name\":\"Visit Uffizi\",\"description\":\"Guide to Uffizi Museum in Florence\",\"potentialAction\":[{\"@type\":\"SearchAction\",\"target\":{\"@type\":\"EntryPoint\",\"urlTemplate\":\"https:\\\/\\\/www.visituffizi.org\\\/it\\\/?s={search_term_string}\"},\"query-input\":{\"@type\":\"PropertyValueSpecification\",\"valueRequired\":true,\"valueName\":\"search_term_string\"}}],\"inLanguage\":\"it-IT\"}]}<\/script>\n<!-- \/ Yoast SEO plugin. -->","yoast_head_json":{"title":"Bacco di Caravaggio alla Galleria degli Uffizi a Firenze","description":"Il Bacco \u00e8 una delle principali opere di Caravaggio a Firenze ed \u00e8 esposta alla Galleria degli Uffizi.","robots":{"index":"index","follow":"follow","max-snippet":"max-snippet:-1","max-image-preview":"max-image-preview:large","max-video-preview":"max-video-preview:-1"},"canonical":"https:\/\/www.visituffizi.org\/it\/opere\/bacco-di-caravaggio\/","og_locale":"it_IT","og_type":"article","og_title":"Bacco di Caravaggio alla Galleria degli Uffizi a Firenze","og_description":"Il Bacco \u00e8 una delle principali opere di Caravaggio a Firenze ed \u00e8 esposta alla Galleria degli Uffizi.","og_url":"https:\/\/www.visituffizi.org\/it\/opere\/bacco-di-caravaggio\/","og_site_name":"Visit Uffizi","article_modified_time":"2013-03-11T16:43:56+00:00","og_image":[{"width":450,"height":530,"url":"https:\/\/www.visituffizi.org\/wp-content\/uploads\/2013\/02\/caravaggio-bacchus.jpg","type":"image\/jpeg"}],"twitter_misc":{"Tempo di lettura stimato":"2 minuti"},"schema":{"@context":"https:\/\/schema.org","@graph":[{"@type":"WebPage","@id":"https:\/\/www.visituffizi.org\/it\/opere\/bacco-di-caravaggio\/","url":"https:\/\/www.visituffizi.org\/it\/opere\/bacco-di-caravaggio\/","name":"Bacco di Caravaggio alla Galleria degli Uffizi a Firenze","isPartOf":{"@id":"https:\/\/www.visituffizi.org\/it\/#website"},"primaryImageOfPage":{"@id":"https:\/\/www.visituffizi.org\/it\/opere\/bacco-di-caravaggio\/#primaryimage"},"image":{"@id":"https:\/\/www.visituffizi.org\/it\/opere\/bacco-di-caravaggio\/#primaryimage"},"thumbnailUrl":"https:\/\/www.visituffizi.org\/wp-content\/uploads\/2013\/02\/caravaggio-bacchus.jpg","datePublished":"2011-06-22T14:42:38+00:00","dateModified":"2013-03-11T16:43:56+00:00","description":"Il Bacco \u00e8 una delle principali opere di Caravaggio a Firenze ed \u00e8 esposta alla Galleria degli Uffizi.","breadcrumb":{"@id":"https:\/\/www.visituffizi.org\/it\/opere\/bacco-di-caravaggio\/#breadcrumb"},"inLanguage":"it-IT","potentialAction":[{"@type":"ReadAction","target":["https:\/\/www.visituffizi.org\/it\/opere\/bacco-di-caravaggio\/"]}]},{"@type":"ImageObject","inLanguage":"it-IT","@id":"https:\/\/www.visituffizi.org\/it\/opere\/bacco-di-caravaggio\/#primaryimage","url":"https:\/\/www.visituffizi.org\/wp-content\/uploads\/2013\/02\/caravaggio-bacchus.jpg","contentUrl":"https:\/\/www.visituffizi.org\/wp-content\/uploads\/2013\/02\/caravaggio-bacchus.jpg","width":450,"height":530,"caption":"Bacco - Caravaggio"},{"@type":"BreadcrumbList","@id":"https:\/\/www.visituffizi.org\/it\/opere\/bacco-di-caravaggio\/#breadcrumb","itemListElement":[{"@type":"ListItem","position":1,"name":"Home","item":"https:\/\/www.visituffizi.org\/it\/"},{"@type":"ListItem","position":2,"name":"Le opere","item":"https:\/\/www.visituffizi.org\/it\/opere\/"},{"@type":"ListItem","position":3,"name":"Bacco di Caravaggio"}]},{"@type":"WebSite","@id":"https:\/\/www.visituffizi.org\/it\/#website","url":"https:\/\/www.visituffizi.org\/it\/","name":"Visit Uffizi","description":"Guide to Uffizi Museum in Florence","potentialAction":[{"@type":"SearchAction","target":{"@type":"EntryPoint","urlTemplate":"https:\/\/www.visituffizi.org\/it\/?s={search_term_string}"},"query-input":{"@type":"PropertyValueSpecification","valueRequired":true,"valueName":"search_term_string"}}],"inLanguage":"it-IT"}]}},"_links":{"self":[{"href":"https:\/\/www.visituffizi.org\/it\/wp-json\/wp\/v2\/pages\/381","targetHints":{"allow":["GET"]}}],"collection":[{"href":"https:\/\/www.visituffizi.org\/it\/wp-json\/wp\/v2\/pages"}],"about":[{"href":"https:\/\/www.visituffizi.org\/it\/wp-json\/wp\/v2\/types\/page"}],"author":[{"embeddable":true,"href":"https:\/\/www.visituffizi.org\/it\/wp-json\/wp\/v2\/users\/1"}],"replies":[{"embeddable":true,"href":"https:\/\/www.visituffizi.org\/it\/wp-json\/wp\/v2\/comments?post=381"}],"version-history":[{"count":0,"href":"https:\/\/www.visituffizi.org\/it\/wp-json\/wp\/v2\/pages\/381\/revisions"}],"up":[{"embeddable":true,"href":"https:\/\/www.visituffizi.org\/it\/wp-json\/wp\/v2\/pages\/27"}],"wp:featuredmedia":[{"embeddable":true,"href":"https:\/\/www.visituffizi.org\/it\/wp-json\/wp\/v2\/media\/996"}],"wp:attachment":[{"href":"https:\/\/www.visituffizi.org\/it\/wp-json\/wp\/v2\/media?parent=381"}],"curies":[{"name":"wp","href":"https:\/\/api.w.org\/{rel}","templated":true}]}}