{"id":39,"date":"2011-04-20T16:25:00","date_gmt":"2011-04-20T16:25:00","guid":{"rendered":"http:\/\/www.netpromotion.org\/?page_id=39"},"modified":"2025-10-27T14:54:57","modified_gmt":"2025-10-27T14:54:57","slug":"acquista-i-biglietti","status":"publish","type":"page","link":"https:\/\/www.visituffizi.org\/it\/acquista-i-biglietti\/","title":{"rendered":"Acquista i biglietti"},"content":{"rendered":"ngg_shortcode_0_placeholder\n<h1>Prenota i Biglietti per gli Uffizi<\/h1>\n<p>La Galleria degli Uffizi \u00e8 uno dei musei pi\u00f9 conosciuti al mondo per le sue meravigliose collezioni di dipinti e statue, ed \u00e8 anche <strong>il museo pi\u00f9 visitato di Firenze ed in Italia<\/strong>.<\/p>\n<p>Consigliamo di <strong>acquistare in anticipo i biglietti d&#8217;entrata<\/strong>: eviterai cos\u00ec le possibili e frequenti lunghe attese in fila davanti al museo. Prenotando il tuo biglietto potrai usufruire&nbsp; infatti di un <strong>ingresso dedicato<\/strong> alla Galleria degli Uffizi.<\/p>\n<h2><a name=\"howto\"><\/a><i class=\"fa fa-arrow-right\">&nbsp;<\/i> Come posso acquistare i biglietti per gli Uffizi?<\/h2>\n<p>Ci sono due modi per prenotare i biglietti del museo in anticipo: per <strong>telefono<\/strong> o <strong>online<\/strong>.<\/p>\n<p>Ricorda che \u00e8 sempre previsto il costo addizionale di 4 euro per la prenotazione, sia che prenoti per telefono o online.<\/p>\n<ol>\n<li><strong>Telefono:<\/strong> Questo \u00e8 il modo pi\u00f9 economico e quello che ti consigliamo di fare come prima opzione! E&#8217; conveniente perch\u00e9 non paghi costi addizionali dalla procedura <em>online <\/em> che alcuni operatori aggiungono al costo del biglietto. <strong>Chiama il <em>055-294-883<\/em><\/strong>. Ricorda solo che il Call Center ha degli orari precisi: \u00e8 attivo dal luned\u00ec a venerd\u00ec dalle 8.30 alle 18.30 e sabato dalle 8.30 alle 12.30, mentre che la domenica ed i festivi \u00e8 chiuso.<\/li>\n<li><strong>Online<\/strong>: Pu\u00f2 essere molto comodo acquistare online, pagando qualcosa in pi\u00f9, con la convenienza di poter acquistare in ogni momento della giornata, vedere immediatamente tutte le date ed orari disponibili o abbinare una eventuale<a href=\"https:\/\/www.viator.com\/it-IT\/Florence-attractions\/Uffizi-Gallery\/d519-a117?localeSwitch=1&amp;pid=P00101917&amp;mcid=42383&amp;medium=link&amp;medium_version=selector&amp;campaign=vu-tickets-it\"> visita guidata<\/a> (che include il costo del biglietto). Nelle stagioni di maggior afflusso di visitatori, \u00e8 possibile che un operatore finisca i biglietti per certe date\/orari, mentre un altro li abbia sempre disponibili&#8230; quindi se non trovate biglietti al primo sito che controllate qui sotto, controllate gli altri. I rivenditori che consigliamo sono:<\/li>\n<\/ol>\n<p><img decoding=\"async\" class=\"alignnone\" src=\"\/wp-content\/themes\/uffizi\/images\/arrows2.png\" alt=\"\" width=\"610\" height=\"130\"\/><\/p>\n<table id=\"bookgrid\" border=\"0\" summary=\"online ticket booking options\" cellspacing=\"2\" cellpadding=\"2\">\n<tbody>\n<tr>\n<td><strong>B-Ticket<\/strong><br \/>\n<i class=\"fa fa-arrow-right\"><\/i> Solo biglietti<br \/>\n<i class=\"fa fa-arrow-right\"><\/i> Sito ufficiale, opzione pi\u00f9 economica<br \/>\n<i class=\"fa fa-arrow-right\"><\/i> Non rimborsabile, n\u00e8 modificabile dopo l&#8217;acquisto<\/td>\n<td><a rel=\"nofollow\" href=\"https:\/\/www.viator.com\/Florence-attractions\/Uffizi-Galleries\/d519-a117?pid=P00101917&amp;mcid=42383&amp;medium=link&amp;medium_version=selector&amp;campaign=vu-tkts-it\"><strong>Viator<\/strong><\/a><br \/>\n<i class=\"fa fa-arrow-right\"><\/i> Biglietti e Tour guidati con biglietto incluso<br \/>\n<i class=\"fa fa-arrow-right\"><\/i> Molte opzioni di tour, incluso tour combo con la Galleria dell&#8217;Accademia<br \/>\n<i class=\"fa fa-arrow-right\"><\/i> Ampia scelta di gruppi medi e grandi<\/td>\n<\/tr>\n<tr>\n<td><a class=\"large orange button\" href=\"https:\/\/www.b-ticket.com\/b-Ticket\/firenzemusei\/\" target=\"_blank\" rel=\"nofollow noopener\">Prenota \u00bb<\/a><\/td>\n<td><a class=\"large orange button\" href=\"https:\/\/www.viator.com\/Florence-attractions\/Uffizi-Galleries\/d519-a117?pid=P00101917&amp;mcid=42383&amp;medium=link&amp;medium_version=selector&amp;campaign=vu-tkts-it\" target=\"_blank\" rel=\"nofollow noopener\">Prenota \u00bb<\/a><\/td>\n<\/tr>\n<\/tbody>\n<\/table>\n<p><em><strong>Disclaimer: <\/strong>Questa pagina ha link ai siti affiliati Florence-Tickets.com e Viator.com; prenotando a partire da questi link, riceveremo una piccola commissione senza costi aggiuntivi per te \u2013 grazie per il tuo sostegno!<\/em><\/p>\n<h2>Dove comprare i biglietti?<\/h2>\n<p>Lo schema qui sopra propone diversi canali tramite i quali prenotare i biglietti di entrata agli Uffizi, puoi cos\u00ec decidere quale preferisci utilizzare.<\/p>\n<p>Tutti questi canali sono esterni a VisitUffizi.org: se hai bisogno di assistenza dopo l&#8217;acquisto dovrai contattare direttamente il sito (o call center) attraverso il quale hai prenotato. Non gestiamo le prenotazioni e non possiamo quindi intervenire per effettuare cambiamenti, cancellazioni o rimborsi.<\/p>\n<h3>Qualasiasi canale di prenotazione tu scelga per il tuo biglietto\/tour <b>Nota Bene:<\/b><\/h3>\n<ul>\n<li>Il tuo biglietto di entrata al museo \u00e8 valido <b>solo per il giorno e data indicati.<\/b><\/li>\n<li>Se sei in ritardo, il museo generalmente permette l&#8217;entrata fino a 20 minuti dopo l&#8217;orario di prenotazione. Con un ritardo maggiore non sar\u00e0 possibile entrare e dovrai acquistare un nuovo biglietto all&#8217;entrata.<\/li>\n<li>Dopo la prenotazione riceverai un codice di conferma, tramite telefono se prenoti tramite il call center o per email se prenoti online. <b>Non riceverai il biglietto vero e proprio via email. <\/b>Con il codice di conferma\/voucher potrai ritirare i biglietto all&#8217;entrata #3 degli Uffizi, circa 15 minuti prima della visita. Potrai poi procedere verso l&#8217;entrata #1, <strong>riservata ai possessori di biglietti prenotati<\/strong>.<\/li>\n<li><b>Chi non prenota il proprio biglietto<\/b> in anticipo, accede attraverso l&#8217;entrata #2 e paga i biglietti all&#8217;entrata nel museo. All&#8217;inzio della fila un monitor indica una stima del tempo di attesa.<\/li>\n<li>Se sei interessato a prenotare un<b> tour guidato<\/b>, tieni presente che il biglietto di entrata al museo \u00e8 gi\u00e0 incluso nel costo del tour. Il voucher che ricevi per email dopo la prenotazione indicher\u00e0 anche il luogo ed orario di ritrovo per il tuo gruppo. La tua guida accoglier\u00e0 il tuo gruppo con i biglietti che avr\u00e0 gi\u00e0 ritirato precedentemente.<\/li>\n<\/ul>\n<h3>Orari del museo e informazioni generali<\/h3>\n<p>Per controllare gli orari del museo, giorni di chiusura e altre informazioni utili vedi anche la sezione &#8220;<a title=\"Programma tua visita\" href=\"https:\/\/www.visituffizi.org\/it\/museo\/\">Programma la tua visita<\/a>&#8220;.<\/p>\n","protected":false},"excerpt":{"rendered":"<p>Prenota i Biglietti per gli Uffizi La Galleria degli Uffizi \u00e8 uno dei musei pi\u00f9 conosciuti al mondo per le sue meravigliose collezioni di dipinti e statue, ed \u00e8 anche il museo pi\u00f9 visitato di Firenze ed in Italia. Consigliamo di acquistare in anticipo i biglietti d&#8217;entrata: eviterai cos\u00ec le possibili e frequenti lunghe attese [&hellip;]<\/p>\n","protected":false},"author":1,"featured_media":0,"parent":0,"menu_order":6,"comment_status":"open","ping_status":"open","template":"","meta":{"ngg_post_thumbnail":0,"footnotes":""},"class_list":["post-39","page","type-page","status-publish","hentry"],"yoast_head":"<!-- This site is optimized with the Yoast SEO plugin v27.4 - https:\/\/yoast.com\/product\/yoast-seo-wordpress\/ -->\n<title>Prenotazione Biglietti Uffizi: Acquista Biglietti per gli Uffizi<\/title>\n<meta name=\"description\" content=\"Prenota ora i tuoi biglietti per la Galleria degli Uffizi e accedi all&#039;entrata riservata, tagliando i tempi di attesa.\" \/>\n<meta name=\"robots\" content=\"index, follow, max-snippet:-1, max-image-preview:large, max-video-preview:-1\" \/>\n<link rel=\"canonical\" href=\"https:\/\/www.visituffizi.org\/it\/acquista-i-biglietti\/\" \/>\n<meta property=\"og:locale\" content=\"it_IT\" \/>\n<meta property=\"og:type\" content=\"article\" \/>\n<meta property=\"og:title\" content=\"Prenotazione Biglietti Uffizi: Acquista Biglietti per gli Uffizi\" \/>\n<meta property=\"og:description\" content=\"Prenota ora i tuoi biglietti per la Galleria degli Uffizi e accedi all&#039;entrata riservata, tagliando i tempi di attesa.\" \/>\n<meta property=\"og:url\" content=\"https:\/\/www.visituffizi.org\/it\/acquista-i-biglietti\/\" \/>\n<meta property=\"og:site_name\" content=\"Visit Uffizi\" \/>\n<meta property=\"article:modified_time\" content=\"2025-10-27T14:54:57+00:00\" \/>\n<meta name=\"twitter:label1\" content=\"Tempo di lettura stimato\" \/>\n\t<meta name=\"twitter:data1\" content=\"4 minuti\" \/>\n<script type=\"application\/ld+json\" class=\"yoast-schema-graph\">{\"@context\":\"https:\\\/\\\/schema.org\",\"@graph\":[{\"@type\":\"WebPage\",\"@id\":\"https:\\\/\\\/www.visituffizi.org\\\/it\\\/acquista-i-biglietti\\\/\",\"url\":\"https:\\\/\\\/www.visituffizi.org\\\/it\\\/acquista-i-biglietti\\\/\",\"name\":\"Prenotazione Biglietti Uffizi: Acquista Biglietti per gli Uffizi\",\"isPartOf\":{\"@id\":\"https:\\\/\\\/www.visituffizi.org\\\/it\\\/#website\"},\"datePublished\":\"2011-04-20T16:25:00+00:00\",\"dateModified\":\"2025-10-27T14:54:57+00:00\",\"description\":\"Prenota ora i tuoi biglietti per la Galleria degli Uffizi e accedi all'entrata riservata, tagliando i tempi di attesa.\",\"breadcrumb\":{\"@id\":\"https:\\\/\\\/www.visituffizi.org\\\/it\\\/acquista-i-biglietti\\\/#breadcrumb\"},\"inLanguage\":\"it-IT\",\"potentialAction\":[{\"@type\":\"ReadAction\",\"target\":[\"https:\\\/\\\/www.visituffizi.org\\\/it\\\/acquista-i-biglietti\\\/\"]}]},{\"@type\":\"BreadcrumbList\",\"@id\":\"https:\\\/\\\/www.visituffizi.org\\\/it\\\/acquista-i-biglietti\\\/#breadcrumb\",\"itemListElement\":[{\"@type\":\"ListItem\",\"position\":1,\"name\":\"Home\",\"item\":\"https:\\\/\\\/www.visituffizi.org\\\/it\\\/\"},{\"@type\":\"ListItem\",\"position\":2,\"name\":\"Acquista i biglietti\"}]},{\"@type\":\"WebSite\",\"@id\":\"https:\\\/\\\/www.visituffizi.org\\\/it\\\/#website\",\"url\":\"https:\\\/\\\/www.visituffizi.org\\\/it\\\/\",\"name\":\"Visit Uffizi\",\"description\":\"Guide to Uffizi Museum in Florence\",\"potentialAction\":[{\"@type\":\"SearchAction\",\"target\":{\"@type\":\"EntryPoint\",\"urlTemplate\":\"https:\\\/\\\/www.visituffizi.org\\\/it\\\/?s={search_term_string}\"},\"query-input\":{\"@type\":\"PropertyValueSpecification\",\"valueRequired\":true,\"valueName\":\"search_term_string\"}}],\"inLanguage\":\"it-IT\"}]}<\/script>\n<!-- \/ Yoast SEO plugin. -->","yoast_head_json":{"title":"Prenotazione Biglietti Uffizi: Acquista Biglietti per gli Uffizi","description":"Prenota ora i tuoi biglietti per la Galleria degli Uffizi e accedi all'entrata riservata, tagliando i tempi di attesa.","robots":{"index":"index","follow":"follow","max-snippet":"max-snippet:-1","max-image-preview":"max-image-preview:large","max-video-preview":"max-video-preview:-1"},"canonical":"https:\/\/www.visituffizi.org\/it\/acquista-i-biglietti\/","og_locale":"it_IT","og_type":"article","og_title":"Prenotazione Biglietti Uffizi: Acquista Biglietti per gli Uffizi","og_description":"Prenota ora i tuoi biglietti per la Galleria degli Uffizi e accedi all'entrata riservata, tagliando i tempi di attesa.","og_url":"https:\/\/www.visituffizi.org\/it\/acquista-i-biglietti\/","og_site_name":"Visit Uffizi","article_modified_time":"2025-10-27T14:54:57+00:00","twitter_misc":{"Tempo di lettura stimato":"4 minuti"},"schema":{"@context":"https:\/\/schema.org","@graph":[{"@type":"WebPage","@id":"https:\/\/www.visituffizi.org\/it\/acquista-i-biglietti\/","url":"https:\/\/www.visituffizi.org\/it\/acquista-i-biglietti\/","name":"Prenotazione Biglietti Uffizi: Acquista Biglietti per gli Uffizi","isPartOf":{"@id":"https:\/\/www.visituffizi.org\/it\/#website"},"datePublished":"2011-04-20T16:25:00+00:00","dateModified":"2025-10-27T14:54:57+00:00","description":"Prenota ora i tuoi biglietti per la Galleria degli Uffizi e accedi all'entrata riservata, tagliando i tempi di attesa.","breadcrumb":{"@id":"https:\/\/www.visituffizi.org\/it\/acquista-i-biglietti\/#breadcrumb"},"inLanguage":"it-IT","potentialAction":[{"@type":"ReadAction","target":["https:\/\/www.visituffizi.org\/it\/acquista-i-biglietti\/"]}]},{"@type":"BreadcrumbList","@id":"https:\/\/www.visituffizi.org\/it\/acquista-i-biglietti\/#breadcrumb","itemListElement":[{"@type":"ListItem","position":1,"name":"Home","item":"https:\/\/www.visituffizi.org\/it\/"},{"@type":"ListItem","position":2,"name":"Acquista i biglietti"}]},{"@type":"WebSite","@id":"https:\/\/www.visituffizi.org\/it\/#website","url":"https:\/\/www.visituffizi.org\/it\/","name":"Visit Uffizi","description":"Guide to Uffizi Museum in Florence","potentialAction":[{"@type":"SearchAction","target":{"@type":"EntryPoint","urlTemplate":"https:\/\/www.visituffizi.org\/it\/?s={search_term_string}"},"query-input":{"@type":"PropertyValueSpecification","valueRequired":true,"valueName":"search_term_string"}}],"inLanguage":"it-IT"}]}},"_links":{"self":[{"href":"https:\/\/www.visituffizi.org\/it\/wp-json\/wp\/v2\/pages\/39","targetHints":{"allow":["GET"]}}],"collection":[{"href":"https:\/\/www.visituffizi.org\/it\/wp-json\/wp\/v2\/pages"}],"about":[{"href":"https:\/\/www.visituffizi.org\/it\/wp-json\/wp\/v2\/types\/page"}],"author":[{"embeddable":true,"href":"https:\/\/www.visituffizi.org\/it\/wp-json\/wp\/v2\/users\/1"}],"replies":[{"embeddable":true,"href":"https:\/\/www.visituffizi.org\/it\/wp-json\/wp\/v2\/comments?post=39"}],"version-history":[{"count":0,"href":"https:\/\/www.visituffizi.org\/it\/wp-json\/wp\/v2\/pages\/39\/revisions"}],"wp:attachment":[{"href":"https:\/\/www.visituffizi.org\/it\/wp-json\/wp\/v2\/media?parent=39"}],"curies":[{"name":"wp","href":"https:\/\/api.w.org\/{rel}","templated":true}]}}