{"id":48,"date":"2011-04-20T16:34:25","date_gmt":"2011-04-20T16:34:25","guid":{"rendered":"http:\/\/www.netpromotion.org\/?page_id=48"},"modified":"2016-03-05T07:52:07","modified_gmt":"2016-03-05T07:52:07","slug":"chi-siamo","status":"publish","type":"page","link":"https:\/\/www.visituffizi.org\/it\/chi-siamo\/","title":{"rendered":"Chi Siamo"},"content":{"rendered":"ngg_shortcode_0_placeholder\n<h1>Chi Siamo<\/h1>\n<p>Uffizi.org \u00e8 una guida online dedicata alla Galleria degli Uffizi, uno dei pi\u00f9 famosi ed antichi musei in Italia e nel mondo.<\/p>\n<p>Il nostro obiettivo \u00e8 quello di creare una risorsa utile per tutti coloro che si preparano ad una visita ai musei della &#8220;Culla del Rinascimento&#8221; e per quelli che, come noi, semplicemente amano gli Uffizi.<\/p>\n<p>Questa guida comprende una parte informativa generale sugli Uffizi e le opere conservate al suo interno ed offre inoltre la possibilit\u00e0 di prenotare online i biglietti di ingresso e tour guidati al museo, grazie alla partnership con <strong>Florence-tickets.com e Viator<\/strong>. Questi tour operator sono direttamente responsabili della gestione delle prenotazione e vendita dei biglietti e dei tour guidati.<\/p>\n<p><strong>Uffizi.org non \u00e8 il sito ufficiale della Galleria degli Uffizi<\/strong>, che si trova, assieme agli altri musei statali fiorentini, all&#8217;indirizzo\u00a0<a href=\"http:\/\/www.polomuseale.firenze.it\/\" rel=\"nofollow\">http:\/\/www.polomuseale.firenze.it\/<\/a><\/p>\n<h3><\/h3>\n<h3>Un progetto Webpromoter<\/h3>\n<p>Webpromoter \u00e8 un\u2019 <strong>agenzia web<\/strong> fiorentina specializzata nella <strong>promozione sul web<\/strong> di strutture ricettive e servizi relativi al turismo in Toscana.<\/p>\n<p>Webpromoter da anni promuove sul web il <strong>turismo in Toscana<\/strong> tramite le sue originali guide <a title=\"firenze\" href=\"http:\/\/www.visitflorence.com\/it\/\">Visit Florence<\/a> e\u00a0 <a title=\"toscana\" href=\"http:\/\/www.discovertuscany.com\/it\/\">Discover Tuscany<\/a>, strumenti utili ai turisti di tutto il mondo in procinto di visitare l\u2019 Italia e le sue citt\u00e0 pi\u00f9 belle.<\/p>\n<p>Potete trovare i nostri <a href=\"https:\/\/www.visituffizi.org\/it\/contattaci\/\">contatti in questa pagina.<\/a><\/p>\n","protected":false},"excerpt":{"rendered":"<p>Chi Siamo Uffizi.org \u00e8 una guida online dedicata alla Galleria degli Uffizi, uno dei pi\u00f9 famosi ed antichi musei in Italia e nel mondo. Il nostro obiettivo \u00e8 quello di creare una risorsa utile per tutti coloro che si preparano ad una visita ai musei della &#8220;Culla del Rinascimento&#8221; e per quelli che, come noi, [&hellip;]<\/p>\n","protected":false},"author":1,"featured_media":0,"parent":0,"menu_order":9,"comment_status":"open","ping_status":"open","template":"","meta":{"ngg_post_thumbnail":0,"footnotes":""},"class_list":["post-48","page","type-page","status-publish","hentry"],"yoast_head":"<!-- This site is optimized with the Yoast SEO plugin v27.4 - https:\/\/yoast.com\/product\/yoast-seo-wordpress\/ -->\n<title>Uffizi.org - Chi Siamo: La Guida dedicata alla Galleria degli Uffizi<\/title>\n<meta name=\"description\" content=\"Uffizi.org \u00e8 la guida online dedicata alla Galleria degli Uffizi di Firenze ed ai musei fiorentini.\" \/>\n<meta name=\"robots\" content=\"index, follow, max-snippet:-1, max-image-preview:large, max-video-preview:-1\" \/>\n<link rel=\"canonical\" href=\"https:\/\/www.visituffizi.org\/it\/chi-siamo\/\" \/>\n<meta property=\"og:locale\" content=\"it_IT\" \/>\n<meta property=\"og:type\" content=\"article\" \/>\n<meta property=\"og:title\" content=\"Uffizi.org - Chi Siamo: La Guida dedicata alla Galleria degli Uffizi\" \/>\n<meta property=\"og:description\" content=\"Uffizi.org \u00e8 la guida online dedicata alla Galleria degli Uffizi di Firenze ed ai musei fiorentini.\" \/>\n<meta property=\"og:url\" content=\"https:\/\/www.visituffizi.org\/it\/chi-siamo\/\" \/>\n<meta property=\"og:site_name\" content=\"Visit Uffizi\" \/>\n<meta property=\"article:modified_time\" content=\"2016-03-05T07:52:07+00:00\" \/>\n<meta name=\"twitter:label1\" content=\"Tempo di lettura stimato\" \/>\n\t<meta name=\"twitter:data1\" content=\"1 minuto\" \/>\n<script type=\"application\/ld+json\" class=\"yoast-schema-graph\">{\"@context\":\"https:\\\/\\\/schema.org\",\"@graph\":[{\"@type\":\"WebPage\",\"@id\":\"https:\\\/\\\/www.visituffizi.org\\\/it\\\/chi-siamo\\\/\",\"url\":\"https:\\\/\\\/www.visituffizi.org\\\/it\\\/chi-siamo\\\/\",\"name\":\"Uffizi.org - Chi Siamo: La Guida dedicata alla Galleria degli Uffizi\",\"isPartOf\":{\"@id\":\"https:\\\/\\\/www.visituffizi.org\\\/it\\\/#website\"},\"datePublished\":\"2011-04-20T16:34:25+00:00\",\"dateModified\":\"2016-03-05T07:52:07+00:00\",\"description\":\"Uffizi.org \u00e8 la guida online dedicata alla Galleria degli Uffizi di Firenze ed ai musei fiorentini.\",\"breadcrumb\":{\"@id\":\"https:\\\/\\\/www.visituffizi.org\\\/it\\\/chi-siamo\\\/#breadcrumb\"},\"inLanguage\":\"it-IT\",\"potentialAction\":[{\"@type\":\"ReadAction\",\"target\":[\"https:\\\/\\\/www.visituffizi.org\\\/it\\\/chi-siamo\\\/\"]}]},{\"@type\":\"BreadcrumbList\",\"@id\":\"https:\\\/\\\/www.visituffizi.org\\\/it\\\/chi-siamo\\\/#breadcrumb\",\"itemListElement\":[{\"@type\":\"ListItem\",\"position\":1,\"name\":\"Home\",\"item\":\"https:\\\/\\\/www.visituffizi.org\\\/it\\\/\"},{\"@type\":\"ListItem\",\"position\":2,\"name\":\"Chi Siamo\"}]},{\"@type\":\"WebSite\",\"@id\":\"https:\\\/\\\/www.visituffizi.org\\\/it\\\/#website\",\"url\":\"https:\\\/\\\/www.visituffizi.org\\\/it\\\/\",\"name\":\"Visit Uffizi\",\"description\":\"Guide to Uffizi Museum in Florence\",\"potentialAction\":[{\"@type\":\"SearchAction\",\"target\":{\"@type\":\"EntryPoint\",\"urlTemplate\":\"https:\\\/\\\/www.visituffizi.org\\\/it\\\/?s={search_term_string}\"},\"query-input\":{\"@type\":\"PropertyValueSpecification\",\"valueRequired\":true,\"valueName\":\"search_term_string\"}}],\"inLanguage\":\"it-IT\"}]}<\/script>\n<!-- \/ Yoast SEO plugin. -->","yoast_head_json":{"title":"Uffizi.org - Chi Siamo: La Guida dedicata alla Galleria degli Uffizi","description":"Uffizi.org \u00e8 la guida online dedicata alla Galleria degli Uffizi di Firenze ed ai musei fiorentini.","robots":{"index":"index","follow":"follow","max-snippet":"max-snippet:-1","max-image-preview":"max-image-preview:large","max-video-preview":"max-video-preview:-1"},"canonical":"https:\/\/www.visituffizi.org\/it\/chi-siamo\/","og_locale":"it_IT","og_type":"article","og_title":"Uffizi.org - Chi Siamo: La Guida dedicata alla Galleria degli Uffizi","og_description":"Uffizi.org \u00e8 la guida online dedicata alla Galleria degli Uffizi di Firenze ed ai musei fiorentini.","og_url":"https:\/\/www.visituffizi.org\/it\/chi-siamo\/","og_site_name":"Visit Uffizi","article_modified_time":"2016-03-05T07:52:07+00:00","twitter_misc":{"Tempo di lettura stimato":"1 minuto"},"schema":{"@context":"https:\/\/schema.org","@graph":[{"@type":"WebPage","@id":"https:\/\/www.visituffizi.org\/it\/chi-siamo\/","url":"https:\/\/www.visituffizi.org\/it\/chi-siamo\/","name":"Uffizi.org - Chi Siamo: La Guida dedicata alla Galleria degli Uffizi","isPartOf":{"@id":"https:\/\/www.visituffizi.org\/it\/#website"},"datePublished":"2011-04-20T16:34:25+00:00","dateModified":"2016-03-05T07:52:07+00:00","description":"Uffizi.org \u00e8 la guida online dedicata alla Galleria degli Uffizi di Firenze ed ai musei fiorentini.","breadcrumb":{"@id":"https:\/\/www.visituffizi.org\/it\/chi-siamo\/#breadcrumb"},"inLanguage":"it-IT","potentialAction":[{"@type":"ReadAction","target":["https:\/\/www.visituffizi.org\/it\/chi-siamo\/"]}]},{"@type":"BreadcrumbList","@id":"https:\/\/www.visituffizi.org\/it\/chi-siamo\/#breadcrumb","itemListElement":[{"@type":"ListItem","position":1,"name":"Home","item":"https:\/\/www.visituffizi.org\/it\/"},{"@type":"ListItem","position":2,"name":"Chi Siamo"}]},{"@type":"WebSite","@id":"https:\/\/www.visituffizi.org\/it\/#website","url":"https:\/\/www.visituffizi.org\/it\/","name":"Visit Uffizi","description":"Guide to Uffizi Museum in Florence","potentialAction":[{"@type":"SearchAction","target":{"@type":"EntryPoint","urlTemplate":"https:\/\/www.visituffizi.org\/it\/?s={search_term_string}"},"query-input":{"@type":"PropertyValueSpecification","valueRequired":true,"valueName":"search_term_string"}}],"inLanguage":"it-IT"}]}},"_links":{"self":[{"href":"https:\/\/www.visituffizi.org\/it\/wp-json\/wp\/v2\/pages\/48","targetHints":{"allow":["GET"]}}],"collection":[{"href":"https:\/\/www.visituffizi.org\/it\/wp-json\/wp\/v2\/pages"}],"about":[{"href":"https:\/\/www.visituffizi.org\/it\/wp-json\/wp\/v2\/types\/page"}],"author":[{"embeddable":true,"href":"https:\/\/www.visituffizi.org\/it\/wp-json\/wp\/v2\/users\/1"}],"replies":[{"embeddable":true,"href":"https:\/\/www.visituffizi.org\/it\/wp-json\/wp\/v2\/comments?post=48"}],"version-history":[{"count":0,"href":"https:\/\/www.visituffizi.org\/it\/wp-json\/wp\/v2\/pages\/48\/revisions"}],"wp:attachment":[{"href":"https:\/\/www.visituffizi.org\/it\/wp-json\/wp\/v2\/media?parent=48"}],"curies":[{"name":"wp","href":"https:\/\/api.w.org\/{rel}","templated":true}]}}