{"id":958,"date":"2013-02-26T17:28:22","date_gmt":"2013-02-26T17:28:22","guid":{"rendered":"https:\/\/www.visituffizi.org\/?page_id=958"},"modified":"2016-05-24T18:11:26","modified_gmt":"2016-05-24T18:11:26","slug":"servizi","status":"publish","type":"page","link":"https:\/\/www.visituffizi.org\/it\/museo\/servizi\/","title":{"rendered":"Servizi"},"content":{"rendered":"ngg_shortcode_0_placeholder\n<h1>I servizi offerti alla Galleria degli Uffizi<\/h1>\n<h2>Audioguide<\/h2>\n<p>Sono disponibili audioguide in Italiano, Inglese, Francese, Tedesco, Spagnolo e Giapponese.<br \/>\nCosto per il noleggio di una singola audioguida \u00e8 \u20ac 6,00.<\/p>\n<h2>Libri e Souvenir<\/h2>\n<p>Vi sono tre negozi all&#8217;interno del museo, due situati vicino all&#8217;entrata, l&#8217;altro appena prima dell&#8217;uscita.<\/p>\n<p>Potrete quindi comprare guide al museo nelle varie lingue prima di iniziare la vostra visita, cos\u00ec come souvenir ed oggetti vari ispirati alle opere conservate nel museo alla fine della visita.<\/p>\n<p>Uno dei bookshop all&#8217;entrata offre libri specializzati in pubblicazioni d&#8217;arte, per chi \u00e8 interessato a informazioni dettagliate sui capolavori.<\/p>\n<h2>Guardaroba<\/h2>\n<p>Il guardaroba \u00e8 vicino all&#8217;entrata. I visitatori dovranno lasciare qui ombrelli, zaini o borse ampie. Non sono ammesse bevande nel museo, pertanto dovrete lasciarle in borsa o nello zaino.<\/p>\n<p>Il servizio guardaroba \u00e8 gratuito.<\/p>\n<div id=\"attachment_1277\" style=\"width: 543px\" class=\"wp-caption aligncenter\"><img decoding=\"async\" aria-describedby=\"caption-attachment-1277\" class=\"size-large wp-image-1277\" src=\"https:\/\/www.visituffizi.org\/wp-content\/uploads\/2013\/02\/uffizi-terrace-533x400.jpg\" alt=\"The Uffizi terrace by the cafeteria\" width=\"533\" height=\"400\" srcset=\"https:\/\/www.visituffizi.org\/wp-content\/uploads\/2013\/02\/uffizi-terrace-533x400.jpg 533w, https:\/\/www.visituffizi.org\/wp-content\/uploads\/2013\/02\/uffizi-terrace-300x225.jpg 300w, https:\/\/www.visituffizi.org\/wp-content\/uploads\/2013\/02\/uffizi-terrace-100x75.jpg 100w, https:\/\/www.visituffizi.org\/wp-content\/uploads\/2013\/02\/uffizi-terrace-198x149.jpg 198w, https:\/\/www.visituffizi.org\/wp-content\/uploads\/2013\/02\/uffizi-terrace.jpg 800w\" sizes=\"(max-width: 533px) 100vw, 533px\" \/><p id=\"caption-attachment-1277\" class=\"wp-caption-text\">La terrazza degli Uffizi accanto al bar\/cafeteria<\/p><\/div>\n<h2>Bar\/Caffetteria<\/h2>\n<p>C&#8217;\u00e8 un bar con servizio ristorante alla fine del secondo piano, affacciato su una terrazza proprio sopra la Loggia dei Lanzi. La vista sulla citt\u00e0 ed il vicino Palazzo Vecchio \u00e8 davvero splendida, vi consigliamo assolutamente di non perdervela, anche se non volete fare consumazioni al bar.<\/p>\n<h2>Servizio Postale<\/h2>\n<p>Vicino all&#8217;uscita della Galleria, si trova un piccolo ufficio postale che fornisce i principali servizi, cambio valute, vendita di francobolli da collezione e spedizione di qualsiasi oggetto acquistato al negozio del Museo.<\/p>\n<p><img decoding=\"async\" class=\"aligncenter size-large wp-image-1274\" src=\"https:\/\/www.visituffizi.org\/wp-content\/uploads\/2013\/12\/uffizi-by-touch-display-600x400.jpg\" alt=\"Uffizi by Touch Tour\" width=\"558\" height=\"372\" srcset=\"https:\/\/www.visituffizi.org\/wp-content\/uploads\/2013\/12\/uffizi-by-touch-display-600x400.jpg 600w, https:\/\/www.visituffizi.org\/wp-content\/uploads\/2013\/12\/uffizi-by-touch-display-180x120.jpg 180w, https:\/\/www.visituffizi.org\/wp-content\/uploads\/2013\/12\/uffizi-by-touch-display-300x200.jpg 300w, https:\/\/www.visituffizi.org\/wp-content\/uploads\/2013\/12\/uffizi-by-touch-display-100x66.jpg 100w, https:\/\/www.visituffizi.org\/wp-content\/uploads\/2013\/12\/uffizi-by-touch-display-223x149.jpg 223w, https:\/\/www.visituffizi.org\/wp-content\/uploads\/2013\/12\/uffizi-by-touch-display.jpg 800w\" sizes=\"(max-width: 558px) 100vw, 558px\" \/><\/p>\n<h2>I visitatori con problemi di vista o disabilit\u00e0<\/h2>\n<p>I visitatori che hanno problemi di vista o invalidit\u00e0 totale possono lo stesso visitare la Galleria degli Uffizi attraverso il tour &#8220;Uffizi da toccare&#8221;. Chiedete in biglietteria, un membro del personale vi accompagner\u00e0 nell&#8217;itinerario. Il servizio \u00e8 gratuito.<\/p>\n<h2>Per i visitatori con disabilit\u00e0 motorie o disabilit\u00e0<\/h2>\n<p>Il museo dispone di ascensori vicino all&#8217;entrata ed all&#8217;uscita. Hanno una capienza limitata pertanto \u00e8 possibile che sia necessario attendere prima di poterne usufruire.<\/p>\n<p>Per accedere agli Uffizi con una sedia a rotelle, \u00e8 necessario <span style=\"text-decoration: underline;\"><b>usare la rampa in via della Ninna<\/b>.<\/span> Sfortunatamente, vi \u00e8 un piccolo gradino di 3-4 cm di altezza. \u00c8 consigliabile avere assistenza per la salita sulla rampa con la sedia a rotelle.<\/p>\n<p>Per entrare agli Uffizi, usate l&#8217;entrata n.1 dove troverete una rampa. Questo ingresso \u00e8 per chi ha gi\u00e0 prenotato i biglietti, gruppi e singoli.<br \/>\nL&#8217;entrata n.2 \u00e8 per la pre-vendita di biglietti e presenta un piccolo gradino.<\/p>\n<p>Un grande ascensore si trova a lato della Galleria Buontalenti, andando alla Sala 38 del Museo. \u00c8 necessario chiedere l&#8217;intervento dello staff per usarlo. Questo ascensore pu\u00f2 essere usato anche da visitatori che abbiano difficolt\u00e0 a fare i gradini all&#8217;uscita ed pu\u00f2 contenere 3-5 persone.<\/p>\n<p>Gruppi pi\u00f9 ampi devono scegliere a piedi o usare i due ascensori all&#8217;ingresso.<\/p>\n<p>Se intendete utilizzare gli ascensori, vi consigliamo di comunicare la vostra necessit\u00e0 allo staff del museo all&#8217;ingresso. Il personale della Galleria \u00e8 a disposizione per fornirvi una sedia a rotelle pi\u00f9 piccola, nel caso che la vostra sia troppo grande per entrare nell&#8217;ascensore (ci sono solo 5 sedie a rotelle per i visitatori, per questo \u00e8 importante avvisare il personale al vostro arrivo).<\/p>\n<p>Il guardaroba con accesso per i disabili si trova nel terzo corridoio al secondo piano, a met\u00e0 circa. Il personale della galleria vi fornir\u00e0 la chiave.<\/p>\n<p><strong>Accesso all&#8217;area esterna ed alla terrazza\/bar<\/strong><\/p>\n<p>Il portico \u00e8 attualmente accessibile solo dalla rampa su Via della Ninna (ci sono gradini tutto intorno). Gli Uffizi stanno subendo diversi cambiamenti volti a modernizzare il museo e migliorare l&#8217;esperienza di tutti i visitatori e l&#8217;accesso ai disabili verr\u00e0 reso possibile presto. I lavori continueranno per diversi anni e le condizioni ed i servizi varieranno sicuramente nel tempo.<\/p>\n<p>L&#8217;accesso al bar ed alla terrazza \u00e8 possibile tramite dei montascale, chiedete allo staff del museo.<\/p>\n","protected":false},"excerpt":{"rendered":"<p>I servizi offerti alla Galleria degli Uffizi Audioguide Sono disponibili audioguide in Italiano, Inglese, Francese, Tedesco, Spagnolo e Giapponese. Costo per il noleggio di una singola audioguida \u00e8 \u20ac 6,00. Libri e Souvenir Vi sono tre negozi all&#8217;interno del museo, due situati vicino all&#8217;entrata, l&#8217;altro appena prima dell&#8217;uscita. Potrete quindi comprare guide al museo nelle [&hellip;]<\/p>\n","protected":false},"author":1,"featured_media":0,"parent":13,"menu_order":0,"comment_status":"open","ping_status":"closed","template":"","meta":{"ngg_post_thumbnail":0,"footnotes":""},"class_list":["post-958","page","type-page","status-publish","hentry"],"yoast_head":"<!-- This site is optimized with the Yoast SEO plugin v27.4 - https:\/\/yoast.com\/product\/yoast-seo-wordpress\/ -->\n<title>Servizi Disponibili agli Uffizi: Sedie a Rotelle, Audioguide, Bookshop e altro ancora<\/title>\n<meta name=\"description\" content=\"Una lista dei servizi offerti agli Uffizi, dai bookshop alle informazioni per i visitatori disabili, la caffetteria, le audioguide e gli ascensori.\" \/>\n<meta name=\"robots\" content=\"index, follow, max-snippet:-1, max-image-preview:large, max-video-preview:-1\" \/>\n<link rel=\"canonical\" href=\"https:\/\/www.visituffizi.org\/it\/museo\/servizi\/\" \/>\n<meta property=\"og:locale\" content=\"it_IT\" \/>\n<meta property=\"og:type\" content=\"article\" \/>\n<meta property=\"og:title\" content=\"Servizi Disponibili agli Uffizi: Sedie a Rotelle, Audioguide, Bookshop e altro ancora\" \/>\n<meta property=\"og:description\" content=\"Una lista dei servizi offerti agli Uffizi, dai bookshop alle informazioni per i visitatori disabili, la caffetteria, le audioguide e gli ascensori.\" \/>\n<meta property=\"og:url\" content=\"https:\/\/www.visituffizi.org\/it\/museo\/servizi\/\" \/>\n<meta property=\"og:site_name\" content=\"Visit Uffizi\" \/>\n<meta property=\"article:modified_time\" content=\"2016-05-24T18:11:26+00:00\" \/>\n<meta property=\"og:image\" content=\"https:\/\/www.visituffizi.org\/wp-content\/uploads\/2013\/02\/uffizi-terrace-533x400.jpg\" \/>\n<meta name=\"twitter:label1\" content=\"Tempo di lettura stimato\" \/>\n\t<meta name=\"twitter:data1\" content=\"3 minuti\" \/>\n<script type=\"application\/ld+json\" class=\"yoast-schema-graph\">{\"@context\":\"https:\\\/\\\/schema.org\",\"@graph\":[{\"@type\":\"WebPage\",\"@id\":\"https:\\\/\\\/www.visituffizi.org\\\/it\\\/museo\\\/servizi\\\/\",\"url\":\"https:\\\/\\\/www.visituffizi.org\\\/it\\\/museo\\\/servizi\\\/\",\"name\":\"Servizi Disponibili agli Uffizi: Sedie a Rotelle, Audioguide, Bookshop e altro ancora\",\"isPartOf\":{\"@id\":\"https:\\\/\\\/www.visituffizi.org\\\/it\\\/#website\"},\"primaryImageOfPage\":{\"@id\":\"https:\\\/\\\/www.visituffizi.org\\\/it\\\/museo\\\/servizi\\\/#primaryimage\"},\"image\":{\"@id\":\"https:\\\/\\\/www.visituffizi.org\\\/it\\\/museo\\\/servizi\\\/#primaryimage\"},\"thumbnailUrl\":\"https:\\\/\\\/www.visituffizi.org\\\/wp-content\\\/uploads\\\/2013\\\/02\\\/uffizi-terrace-533x400.jpg\",\"datePublished\":\"2013-02-26T17:28:22+00:00\",\"dateModified\":\"2016-05-24T18:11:26+00:00\",\"description\":\"Una lista dei servizi offerti agli Uffizi, dai bookshop alle informazioni per i visitatori disabili, la caffetteria, le audioguide e gli ascensori.\",\"breadcrumb\":{\"@id\":\"https:\\\/\\\/www.visituffizi.org\\\/it\\\/museo\\\/servizi\\\/#breadcrumb\"},\"inLanguage\":\"it-IT\",\"potentialAction\":[{\"@type\":\"ReadAction\",\"target\":[\"https:\\\/\\\/www.visituffizi.org\\\/it\\\/museo\\\/servizi\\\/\"]}]},{\"@type\":\"ImageObject\",\"inLanguage\":\"it-IT\",\"@id\":\"https:\\\/\\\/www.visituffizi.org\\\/it\\\/museo\\\/servizi\\\/#primaryimage\",\"url\":\"https:\\\/\\\/www.visituffizi.org\\\/wp-content\\\/uploads\\\/2013\\\/02\\\/uffizi-terrace-533x400.jpg\",\"contentUrl\":\"https:\\\/\\\/www.visituffizi.org\\\/wp-content\\\/uploads\\\/2013\\\/02\\\/uffizi-terrace-533x400.jpg\"},{\"@type\":\"BreadcrumbList\",\"@id\":\"https:\\\/\\\/www.visituffizi.org\\\/it\\\/museo\\\/servizi\\\/#breadcrumb\",\"itemListElement\":[{\"@type\":\"ListItem\",\"position\":1,\"name\":\"Home\",\"item\":\"https:\\\/\\\/www.visituffizi.org\\\/it\\\/\"},{\"@type\":\"ListItem\",\"position\":2,\"name\":\"Museo\",\"item\":\"https:\\\/\\\/www.visituffizi.org\\\/it\\\/museo\\\/\"},{\"@type\":\"ListItem\",\"position\":3,\"name\":\"Servizi\"}]},{\"@type\":\"WebSite\",\"@id\":\"https:\\\/\\\/www.visituffizi.org\\\/it\\\/#website\",\"url\":\"https:\\\/\\\/www.visituffizi.org\\\/it\\\/\",\"name\":\"Visit Uffizi\",\"description\":\"Guide to Uffizi Museum in Florence\",\"potentialAction\":[{\"@type\":\"SearchAction\",\"target\":{\"@type\":\"EntryPoint\",\"urlTemplate\":\"https:\\\/\\\/www.visituffizi.org\\\/it\\\/?s={search_term_string}\"},\"query-input\":{\"@type\":\"PropertyValueSpecification\",\"valueRequired\":true,\"valueName\":\"search_term_string\"}}],\"inLanguage\":\"it-IT\"}]}<\/script>\n<!-- \/ Yoast SEO plugin. -->","yoast_head_json":{"title":"Servizi Disponibili agli Uffizi: Sedie a Rotelle, Audioguide, Bookshop e altro ancora","description":"Una lista dei servizi offerti agli Uffizi, dai bookshop alle informazioni per i visitatori disabili, la caffetteria, le audioguide e gli ascensori.","robots":{"index":"index","follow":"follow","max-snippet":"max-snippet:-1","max-image-preview":"max-image-preview:large","max-video-preview":"max-video-preview:-1"},"canonical":"https:\/\/www.visituffizi.org\/it\/museo\/servizi\/","og_locale":"it_IT","og_type":"article","og_title":"Servizi Disponibili agli Uffizi: Sedie a Rotelle, Audioguide, Bookshop e altro ancora","og_description":"Una lista dei servizi offerti agli Uffizi, dai bookshop alle informazioni per i visitatori disabili, la caffetteria, le audioguide e gli ascensori.","og_url":"https:\/\/www.visituffizi.org\/it\/museo\/servizi\/","og_site_name":"Visit Uffizi","article_modified_time":"2016-05-24T18:11:26+00:00","og_image":[{"url":"https:\/\/www.visituffizi.org\/wp-content\/uploads\/2013\/02\/uffizi-terrace-533x400.jpg","type":"","width":"","height":""}],"twitter_misc":{"Tempo di lettura stimato":"3 minuti"},"schema":{"@context":"https:\/\/schema.org","@graph":[{"@type":"WebPage","@id":"https:\/\/www.visituffizi.org\/it\/museo\/servizi\/","url":"https:\/\/www.visituffizi.org\/it\/museo\/servizi\/","name":"Servizi Disponibili agli Uffizi: Sedie a Rotelle, Audioguide, Bookshop e altro ancora","isPartOf":{"@id":"https:\/\/www.visituffizi.org\/it\/#website"},"primaryImageOfPage":{"@id":"https:\/\/www.visituffizi.org\/it\/museo\/servizi\/#primaryimage"},"image":{"@id":"https:\/\/www.visituffizi.org\/it\/museo\/servizi\/#primaryimage"},"thumbnailUrl":"https:\/\/www.visituffizi.org\/wp-content\/uploads\/2013\/02\/uffizi-terrace-533x400.jpg","datePublished":"2013-02-26T17:28:22+00:00","dateModified":"2016-05-24T18:11:26+00:00","description":"Una lista dei servizi offerti agli Uffizi, dai bookshop alle informazioni per i visitatori disabili, la caffetteria, le audioguide e gli ascensori.","breadcrumb":{"@id":"https:\/\/www.visituffizi.org\/it\/museo\/servizi\/#breadcrumb"},"inLanguage":"it-IT","potentialAction":[{"@type":"ReadAction","target":["https:\/\/www.visituffizi.org\/it\/museo\/servizi\/"]}]},{"@type":"ImageObject","inLanguage":"it-IT","@id":"https:\/\/www.visituffizi.org\/it\/museo\/servizi\/#primaryimage","url":"https:\/\/www.visituffizi.org\/wp-content\/uploads\/2013\/02\/uffizi-terrace-533x400.jpg","contentUrl":"https:\/\/www.visituffizi.org\/wp-content\/uploads\/2013\/02\/uffizi-terrace-533x400.jpg"},{"@type":"BreadcrumbList","@id":"https:\/\/www.visituffizi.org\/it\/museo\/servizi\/#breadcrumb","itemListElement":[{"@type":"ListItem","position":1,"name":"Home","item":"https:\/\/www.visituffizi.org\/it\/"},{"@type":"ListItem","position":2,"name":"Museo","item":"https:\/\/www.visituffizi.org\/it\/museo\/"},{"@type":"ListItem","position":3,"name":"Servizi"}]},{"@type":"WebSite","@id":"https:\/\/www.visituffizi.org\/it\/#website","url":"https:\/\/www.visituffizi.org\/it\/","name":"Visit Uffizi","description":"Guide to Uffizi Museum in Florence","potentialAction":[{"@type":"SearchAction","target":{"@type":"EntryPoint","urlTemplate":"https:\/\/www.visituffizi.org\/it\/?s={search_term_string}"},"query-input":{"@type":"PropertyValueSpecification","valueRequired":true,"valueName":"search_term_string"}}],"inLanguage":"it-IT"}]}},"_links":{"self":[{"href":"https:\/\/www.visituffizi.org\/it\/wp-json\/wp\/v2\/pages\/958","targetHints":{"allow":["GET"]}}],"collection":[{"href":"https:\/\/www.visituffizi.org\/it\/wp-json\/wp\/v2\/pages"}],"about":[{"href":"https:\/\/www.visituffizi.org\/it\/wp-json\/wp\/v2\/types\/page"}],"author":[{"embeddable":true,"href":"https:\/\/www.visituffizi.org\/it\/wp-json\/wp\/v2\/users\/1"}],"replies":[{"embeddable":true,"href":"https:\/\/www.visituffizi.org\/it\/wp-json\/wp\/v2\/comments?post=958"}],"version-history":[{"count":0,"href":"https:\/\/www.visituffizi.org\/it\/wp-json\/wp\/v2\/pages\/958\/revisions"}],"up":[{"embeddable":true,"href":"https:\/\/www.visituffizi.org\/it\/wp-json\/wp\/v2\/pages\/13"}],"wp:attachment":[{"href":"https:\/\/www.visituffizi.org\/it\/wp-json\/wp\/v2\/media?parent=958"}],"curies":[{"name":"wp","href":"https:\/\/api.w.org\/{rel}","templated":true}]}}