{"id":967,"date":"2013-02-26T18:03:46","date_gmt":"2013-02-26T18:03:46","guid":{"rendered":"https:\/\/www.visituffizi.org\/?page_id=967"},"modified":"2018-12-13T18:54:36","modified_gmt":"2018-12-13T18:54:36","slug":"tipi-di-biglietti","status":"publish","type":"page","link":"https:\/\/www.visituffizi.org\/it\/museo\/tipi-di-biglietti\/","title":{"rendered":"Tipi di biglietti"},"content":{"rendered":"ngg_shortcode_0_placeholder\n<h1>Biglietti per il Museo<\/h1>\n<p>Esistono tre tipi di biglietti per la Galleria degli Uffizi: intero, ridotto e gratuito.<\/p>\n<p>La maggior parte dei visitatori paga <strong>il biglietto intero<\/strong>, ma vi sono alcune eccezioni.<\/p>\n<p>Nella lista seguente vengono indicati gli aventi diritto a riduzione o biglietto gratuito.<br \/>\n<b>NOTA: Costi di servizio e costi extra dovuti a mostre temporanee sono sempre dovuti, anche da coloro che usufruiscono di biglietti ridotti o gratuiti.<\/b><\/p>\n<h2>Intero<\/h2>\n<ul>\n<li>tutti i cittadini dell&#8217;Unione Europea sopra i 25 anni<\/li>\n<li>tutti i cittidini extra-UE sopra i 18 anni<\/li>\n<\/ul>\n<h2>Ridotti<\/h2>\n<ul>\n<li>I cittadini dell&#8217;Unione europea di et\u00e0 compresa tra 18 e 25 anni (\u00e8 necessario presentare documento d&#8217;identit\u00e0)<\/li>\n<li>I docenti delle scuole statali italiane con incarico a tempo indeterminato (\u00e8 necessario presentare idonea documentazione)<\/li>\n<li>Ai cittadini di Stati non facenti parte dell&#8217;Unione europea, si applicano, a condizione di reciprocit\u00e0, le disposizioni sull&#8217;ingresso ridotto<\/li>\n<\/ul>\n<h2>Gratuiti<\/h2>\n<ul>\n<li>Minori sotto i 18 anni di et\u00e0, indipendentemente dalla cittadinanza (richiesto un documento di identit\u00e0 all&#8217;entrata) *<\/li>\n<li>I cittadini dell&#8217;Unione europea con handicap ed un familiare accompagnatore<\/li>\n<li>membri ICOM (International Council of Museums)<\/li>\n<li>giornalisti in regola con il pagamento delle quote associative, mediante esibizione di idoneo documento comprovante l&#8217;attivit\u00e0 professionale svolta<\/li>\n<\/ul>\n<p>* se prenotate biglietti per la famiglia, dovete prenotare biglietti &#8220;gratuiti&#8221; solo per i vostri bambini tra 6 e 17 anni (<em>non per i minori di 5 anni<\/em>).<\/p>\n<h3>#DomenicaalMuseo<\/h3>\n<p>Dal 6 luglio 2014, la <strong>prima domenica di ogni mese \u00e8 gratuita per tutti<\/strong>. Non \u00e8 possibile prenotare questa data online, cos\u00ec tutti i visitatori hanno la stessa possibili\u00e0 di entrare a visitare il museo gratuitamente quel giorno.<\/p>\n","protected":false},"excerpt":{"rendered":"<p>Biglietti per il Museo Esistono tre tipi di biglietti per la Galleria degli Uffizi: intero, ridotto e gratuito. La maggior parte dei visitatori paga il biglietto intero, ma vi sono alcune eccezioni. Nella lista seguente vengono indicati gli aventi diritto a riduzione o biglietto gratuito. NOTA: Costi di servizio e costi extra dovuti a mostre [&hellip;]<\/p>\n","protected":false},"author":1,"featured_media":0,"parent":13,"menu_order":0,"comment_status":"open","ping_status":"closed","template":"","meta":{"ngg_post_thumbnail":0,"footnotes":""},"class_list":["post-967","page","type-page","status-publish","hentry"],"yoast_head":"<!-- This site is optimized with the Yoast SEO plugin v27.3 - https:\/\/yoast.com\/product\/yoast-seo-wordpress\/ -->\n<title>Biglietti per la Galleria degli Uffizi: Tipi di Biglietti Disponibili per il Museo<\/title>\n<meta name=\"description\" content=\"Sono 3 i tipi di biglietti di ingresso alla Galleria degli Uffizi: intero, ridotto e gratuito. Leggi i dettagli per conoscere il tipo di biglietto da acquistare....\" \/>\n<meta name=\"robots\" content=\"index, follow, max-snippet:-1, max-image-preview:large, max-video-preview:-1\" \/>\n<link rel=\"canonical\" href=\"https:\/\/www.visituffizi.org\/it\/museo\/tipi-di-biglietti\/\" \/>\n<meta property=\"og:locale\" content=\"it_IT\" \/>\n<meta property=\"og:type\" content=\"article\" \/>\n<meta property=\"og:title\" content=\"Biglietti per la Galleria degli Uffizi: Tipi di Biglietti Disponibili per il Museo\" \/>\n<meta property=\"og:description\" content=\"Sono 3 i tipi di biglietti di ingresso alla Galleria degli Uffizi: intero, ridotto e gratuito. Leggi i dettagli per conoscere il tipo di biglietto da acquistare....\" \/>\n<meta property=\"og:url\" content=\"https:\/\/www.visituffizi.org\/it\/museo\/tipi-di-biglietti\/\" \/>\n<meta property=\"og:site_name\" content=\"Visit Uffizi\" \/>\n<meta property=\"article:modified_time\" content=\"2018-12-13T18:54:36+00:00\" \/>\n<meta name=\"twitter:label1\" content=\"Tempo di lettura stimato\" \/>\n\t<meta name=\"twitter:data1\" content=\"1 minuto\" \/>\n<script type=\"application\/ld+json\" class=\"yoast-schema-graph\">{\"@context\":\"https:\\\/\\\/schema.org\",\"@graph\":[{\"@type\":\"WebPage\",\"@id\":\"https:\\\/\\\/www.visituffizi.org\\\/it\\\/museo\\\/tipi-di-biglietti\\\/\",\"url\":\"https:\\\/\\\/www.visituffizi.org\\\/it\\\/museo\\\/tipi-di-biglietti\\\/\",\"name\":\"Biglietti per la Galleria degli Uffizi: Tipi di Biglietti Disponibili per il Museo\",\"isPartOf\":{\"@id\":\"https:\\\/\\\/www.visituffizi.org\\\/it\\\/#website\"},\"datePublished\":\"2013-02-26T18:03:46+00:00\",\"dateModified\":\"2018-12-13T18:54:36+00:00\",\"description\":\"Sono 3 i tipi di biglietti di ingresso alla Galleria degli Uffizi: intero, ridotto e gratuito. Leggi i dettagli per conoscere il tipo di biglietto da acquistare....\",\"breadcrumb\":{\"@id\":\"https:\\\/\\\/www.visituffizi.org\\\/it\\\/museo\\\/tipi-di-biglietti\\\/#breadcrumb\"},\"inLanguage\":\"it-IT\",\"potentialAction\":[{\"@type\":\"ReadAction\",\"target\":[\"https:\\\/\\\/www.visituffizi.org\\\/it\\\/museo\\\/tipi-di-biglietti\\\/\"]}]},{\"@type\":\"BreadcrumbList\",\"@id\":\"https:\\\/\\\/www.visituffizi.org\\\/it\\\/museo\\\/tipi-di-biglietti\\\/#breadcrumb\",\"itemListElement\":[{\"@type\":\"ListItem\",\"position\":1,\"name\":\"Home\",\"item\":\"https:\\\/\\\/www.visituffizi.org\\\/it\\\/\"},{\"@type\":\"ListItem\",\"position\":2,\"name\":\"Museo\",\"item\":\"https:\\\/\\\/www.visituffizi.org\\\/it\\\/museo\\\/\"},{\"@type\":\"ListItem\",\"position\":3,\"name\":\"Tipi di biglietti\"}]},{\"@type\":\"WebSite\",\"@id\":\"https:\\\/\\\/www.visituffizi.org\\\/it\\\/#website\",\"url\":\"https:\\\/\\\/www.visituffizi.org\\\/it\\\/\",\"name\":\"Visit Uffizi\",\"description\":\"Guide to Uffizi Museum in Florence\",\"potentialAction\":[{\"@type\":\"SearchAction\",\"target\":{\"@type\":\"EntryPoint\",\"urlTemplate\":\"https:\\\/\\\/www.visituffizi.org\\\/it\\\/?s={search_term_string}\"},\"query-input\":{\"@type\":\"PropertyValueSpecification\",\"valueRequired\":true,\"valueName\":\"search_term_string\"}}],\"inLanguage\":\"it-IT\"}]}<\/script>\n<!-- \/ Yoast SEO plugin. -->","yoast_head_json":{"title":"Biglietti per la Galleria degli Uffizi: Tipi di Biglietti Disponibili per il Museo","description":"Sono 3 i tipi di biglietti di ingresso alla Galleria degli Uffizi: intero, ridotto e gratuito. Leggi i dettagli per conoscere il tipo di biglietto da acquistare....","robots":{"index":"index","follow":"follow","max-snippet":"max-snippet:-1","max-image-preview":"max-image-preview:large","max-video-preview":"max-video-preview:-1"},"canonical":"https:\/\/www.visituffizi.org\/it\/museo\/tipi-di-biglietti\/","og_locale":"it_IT","og_type":"article","og_title":"Biglietti per la Galleria degli Uffizi: Tipi di Biglietti Disponibili per il Museo","og_description":"Sono 3 i tipi di biglietti di ingresso alla Galleria degli Uffizi: intero, ridotto e gratuito. Leggi i dettagli per conoscere il tipo di biglietto da acquistare....","og_url":"https:\/\/www.visituffizi.org\/it\/museo\/tipi-di-biglietti\/","og_site_name":"Visit Uffizi","article_modified_time":"2018-12-13T18:54:36+00:00","twitter_misc":{"Tempo di lettura stimato":"1 minuto"},"schema":{"@context":"https:\/\/schema.org","@graph":[{"@type":"WebPage","@id":"https:\/\/www.visituffizi.org\/it\/museo\/tipi-di-biglietti\/","url":"https:\/\/www.visituffizi.org\/it\/museo\/tipi-di-biglietti\/","name":"Biglietti per la Galleria degli Uffizi: Tipi di Biglietti Disponibili per il Museo","isPartOf":{"@id":"https:\/\/www.visituffizi.org\/it\/#website"},"datePublished":"2013-02-26T18:03:46+00:00","dateModified":"2018-12-13T18:54:36+00:00","description":"Sono 3 i tipi di biglietti di ingresso alla Galleria degli Uffizi: intero, ridotto e gratuito. Leggi i dettagli per conoscere il tipo di biglietto da acquistare....","breadcrumb":{"@id":"https:\/\/www.visituffizi.org\/it\/museo\/tipi-di-biglietti\/#breadcrumb"},"inLanguage":"it-IT","potentialAction":[{"@type":"ReadAction","target":["https:\/\/www.visituffizi.org\/it\/museo\/tipi-di-biglietti\/"]}]},{"@type":"BreadcrumbList","@id":"https:\/\/www.visituffizi.org\/it\/museo\/tipi-di-biglietti\/#breadcrumb","itemListElement":[{"@type":"ListItem","position":1,"name":"Home","item":"https:\/\/www.visituffizi.org\/it\/"},{"@type":"ListItem","position":2,"name":"Museo","item":"https:\/\/www.visituffizi.org\/it\/museo\/"},{"@type":"ListItem","position":3,"name":"Tipi di biglietti"}]},{"@type":"WebSite","@id":"https:\/\/www.visituffizi.org\/it\/#website","url":"https:\/\/www.visituffizi.org\/it\/","name":"Visit Uffizi","description":"Guide to Uffizi Museum in Florence","potentialAction":[{"@type":"SearchAction","target":{"@type":"EntryPoint","urlTemplate":"https:\/\/www.visituffizi.org\/it\/?s={search_term_string}"},"query-input":{"@type":"PropertyValueSpecification","valueRequired":true,"valueName":"search_term_string"}}],"inLanguage":"it-IT"}]}},"_links":{"self":[{"href":"https:\/\/www.visituffizi.org\/it\/wp-json\/wp\/v2\/pages\/967","targetHints":{"allow":["GET"]}}],"collection":[{"href":"https:\/\/www.visituffizi.org\/it\/wp-json\/wp\/v2\/pages"}],"about":[{"href":"https:\/\/www.visituffizi.org\/it\/wp-json\/wp\/v2\/types\/page"}],"author":[{"embeddable":true,"href":"https:\/\/www.visituffizi.org\/it\/wp-json\/wp\/v2\/users\/1"}],"replies":[{"embeddable":true,"href":"https:\/\/www.visituffizi.org\/it\/wp-json\/wp\/v2\/comments?post=967"}],"version-history":[{"count":0,"href":"https:\/\/www.visituffizi.org\/it\/wp-json\/wp\/v2\/pages\/967\/revisions"}],"up":[{"embeddable":true,"href":"https:\/\/www.visituffizi.org\/it\/wp-json\/wp\/v2\/pages\/13"}],"wp:attachment":[{"href":"https:\/\/www.visituffizi.org\/it\/wp-json\/wp\/v2\/media?parent=967"}],"curies":[{"name":"wp","href":"https:\/\/api.w.org\/{rel}","templated":true}]}}